{"id":9988,"date":"2024-12-05T09:48:33","date_gmt":"2024-12-05T08:48:33","guid":{"rendered":"https:\/\/ourstuff.dk\/?post_type=product&#038;p=9988"},"modified":"2024-12-05T09:49:57","modified_gmt":"2024-12-05T08:49:57","slug":"1549-kr-gavekort","status":"publish","type":"product","link":"https:\/\/ourstuff.dk\/nl\/product\/1549-kr-gavekort\/","title":{"rendered":"1549 KR. GAVEKORT"},"content":{"rendered":"<p>G\u00f8r dagen speciel med vores alsidige gavekort. V\u00e6lg mellem actionfyldte oplevelser som strandsurfing, MTB-ture, afslappende picnic, eller hyggelige fisketure. Perfekt til enhver lejlighed, fra f\u00f8dselsdage til jubil\u00e6er. Overrask dine k\u00e6re med valgfriheden til at skabe deres eget minde.<\/p>\n","protected":false},"excerpt":{"rendered":"<p>Alle muligheder tilg\u00e6ngelige<\/p>\n","protected":false},"featured_media":191,"template":"","meta":{"advanced_seo_description":"","jetpack_seo_html_title":"","jetpack_seo_noindex":false},"product_brand":[],"product_cat":[34],"product_tag":[],"class_list":{"0":"post-9988","1":"product","2":"type-product","3":"status-publish","4":"has-post-thumbnail","6":"product_cat-gavekort","8":"first","9":"instock","10":"taxable","11":"shipping-taxable","12":"purchasable","13":"product-type-simple"},"booking_location":null,"booking_location_type":null,"booking_duration":null,"booking_duration_unit":null,"booking_buffer":null,"booking_cost":null,"booking_resources":null,"jetpack_sharing_enabled":true,"_links":{"self":[{"href":"https:\/\/ourstuff.dk\/nl\/wp-json\/wp\/v2\/product\/9988","targetHints":{"allow":["GET"]}}],"collection":[{"href":"https:\/\/ourstuff.dk\/nl\/wp-json\/wp\/v2\/product"}],"about":[{"href":"https:\/\/ourstuff.dk\/nl\/wp-json\/wp\/v2\/types\/product"}],"wp:featuredmedia":[{"embeddable":true,"href":"https:\/\/ourstuff.dk\/nl\/wp-json\/wp\/v2\/media\/191"}],"wp:attachment":[{"href":"https:\/\/ourstuff.dk\/nl\/wp-json\/wp\/v2\/media?parent=9988"}],"wp:term":[{"taxonomy":"product_brand","embeddable":true,"href":"https:\/\/ourstuff.dk\/nl\/wp-json\/wp\/v2\/product_brand?post=9988"},{"taxonomy":"product_cat","embeddable":true,"href":"https:\/\/ourstuff.dk\/nl\/wp-json\/wp\/v2\/product_cat?post=9988"},{"taxonomy":"product_tag","embeddable":true,"href":"https:\/\/ourstuff.dk\/nl\/wp-json\/wp\/v2\/product_tag?post=9988"}],"curies":[{"name":"wp","href":"https:\/\/api.w.org\/{rel}","templated":true}]}}