{"id":9001,"date":"2024-11-05T13:27:32","date_gmt":"2024-11-05T12:27:32","guid":{"rendered":"https:\/\/ourstuff.dk\/?post_type=product&#038;p=9001"},"modified":"2024-11-14T11:08:42","modified_gmt":"2024-11-14T10:08:42","slug":"velgoerenhed-faa-plantet-12-traeer","status":"publish","type":"product","link":"https:\/\/ourstuff.dk\/nl\/product\/velgoerenhed-faa-plantet-12-traeer\/","title":{"rendered":"Velg\u00f8renhed &#8211; F\u00e5 plantet 12 tr\u00e6er"},"content":{"rendered":"<p><strong>\ud83d\udc6b Vi planter i samarbejde med Growing Trees<\/strong><\/p>\n<p><strong style=\"font-size: 14.4px;\">\ud83c\udfde\ufe0fV\u00e6r med til at sikre nye skove<\/strong><\/p>\n<p><span style=\"text-decoration: underline;\"><strong>VELG\u00d8RENHED &#8211; KLIMASKOVE &#8211; MILJ\u00d8<\/strong><\/span><\/p>\n<div class=\"flex max-w-full flex-col flex-grow\">\n<div class=\"min-h-8 text-message flex w-full flex-col items-end gap-2 whitespace-normal break-words [.text-message+&amp;]:mt-5\" dir=\"auto\" data-message-author-role=\"assistant\" data-message-id=\"dc079822-6bbb-424f-b0a4-0073d9b22a23\" data-message-model-slug=\"gpt-4o\">\n<div class=\"flex w-full flex-col gap-1 empty:hidden first:pt-[3px]\">\n<div class=\"markdown prose w-full break-words dark:prose-invert light\">\n<div class=\"flex-shrink-0 flex flex-col relative items-end\">\n<div class=\"pt-0\">\n<div class=\"gizmo-bot-avatar flex h-8 w-8 items-center justify-center overflow-hidden rounded-full\">\n<div class=\"relative p-1 rounded-sm flex items-center justify-center bg-token-main-surface-primary text-token-text-primary h-8 w-8\"><span class=\"OYPEnA font-feature-liga-off font-feature-clig-off font-feature-calt-off text-decoration-none text-strikethrough-none\">Plantning af tr\u00e6er kan bidrage til at bek\u00e6mpe klimaforandringerne ved at reducere m\u00e6ngden af drivhusgasser i atmosf\u00e6ren. Tr\u00e6er optager kuldioxid og frigiver ilt gennem fotosyntese, hvilket g\u00f8r dem til en vigtig ressource i vores kamp mod klimaforandringerne. I samarbejde med Growingtrees.dk, vil der ved brug af din gave blive plantet 12 tr\u00e6er i Danmark (v\u00e6rdi 300 kr.)<\/span><\/div>\n<\/div>\n<\/div>\n<\/div>\n<\/div>\n<\/div>\n<\/div>\n<\/div>\n<div><\/div>\n<h2>S\u00e5dan v\u00e6lger du denne donation<\/h2>\n<div>Vil du bruge dit gave p\u00e5, at f\u00e5 plantet tr\u00e6er, s\u00e5 send os en mail p\u00e5 info@ourstuff.dk eller ring p\u00e5 27209020 og oplys din kode fra gavebeviset.<\/div>\n<div><\/div>\n<div class=\"mb-2 flex gap-3 empty:hidden -ml-2\">\n<div class=\"items-center justify-start rounded-xl p-1 flex\"><strong style=\"color: #555555; font-size: 14.4px;\">Du f\u00e5r:<\/strong><\/div>\n<\/div>\n<ul>\n<li>Plantet 12 tr\u00e6er<\/li>\n<li>Bevis p\u00e5 at der doneret 300 kr. til plantning af tr\u00e6er<\/li>\n<\/ul>\n","protected":false},"excerpt":{"rendered":"<div class=\"flex max-w-full flex-col flex-grow\">\n<div class=\"min-h-8 text-message flex w-full flex-col items-end gap-2 whitespace-normal break-words [.text-message+&amp;]:mt-5\" dir=\"auto\" data-message-author-role=\"assistant\" data-message-id=\"dc079822-6bbb-424f-b0a4-0073d9b22a23\" data-message-model-slug=\"gpt-4o\">\n<div class=\"flex w-full flex-col gap-1 empty:hidden first:pt-[3px]\">\n<div class=\"markdown prose w-full break-words dark:prose-invert light\">\n<div class=\"flex-shrink-0 flex flex-col relative items-end\">\n<div class=\"pt-0\">\n<div class=\"gizmo-bot-avatar flex h-8 w-8 items-center justify-center overflow-hidden rounded-full\">\n<div class=\"relative p-1 rounded-sm flex items-center justify-center bg-token-main-surface-primary text-token-text-primary h-8 w-8\"><span class=\"OYPEnA font-feature-liga-off font-feature-clig-off font-feature-calt-off text-decoration-none text-strikethrough-none\">Plantning af tr\u00e6er kan bidrage til at bek\u00e6mpe klimaforandringerne ved at reducere m\u00e6ngden af drivhusgasser i atmosf\u00e6ren. Tr\u00e6er optager kuldioxid og frigiver ilt gennem fotosyntese, hvilket g\u00f8r dem til en vigtig ressource i vores kamp mod klimaforandringerne. I samarbejde med Growingtrees.dk, vil der ved brug af din gave blive plantet 12 tr\u00e6er (v\u00e6rdi 300 kr.) i Danmark.<\/span><\/div>\n<\/div>\n<\/div>\n<\/div>\n<\/div>\n<\/div>\n<\/div>\n<\/div>\n<div><\/div>\n","protected":false},"featured_media":9006,"template":"","meta":{"advanced_seo_description":"","jetpack_seo_html_title":"","jetpack_seo_noindex":false},"product_brand":[],"product_cat":[196,201],"product_tag":[160,200],"class_list":{"0":"post-9001","1":"product","2":"type-product","3":"status-publish","4":"has-post-thumbnail","6":"product_cat-velgoerenhed-b2b","7":"product_cat-velgoerenhed-b2b-3","8":"product_tag-hele-dk","9":"product_tag-velgoerenhed","11":"first","12":"instock","13":"virtual","14":"taxable","15":"purchasable","16":"product-type-simple"},"booking_location":null,"booking_location_type":null,"booking_duration":null,"booking_duration_unit":null,"booking_buffer":null,"booking_cost":null,"booking_resources":null,"jetpack_sharing_enabled":true,"_links":{"self":[{"href":"https:\/\/ourstuff.dk\/nl\/wp-json\/wp\/v2\/product\/9001","targetHints":{"allow":["GET"]}}],"collection":[{"href":"https:\/\/ourstuff.dk\/nl\/wp-json\/wp\/v2\/product"}],"about":[{"href":"https:\/\/ourstuff.dk\/nl\/wp-json\/wp\/v2\/types\/product"}],"wp:featuredmedia":[{"embeddable":true,"href":"https:\/\/ourstuff.dk\/nl\/wp-json\/wp\/v2\/media\/9006"}],"wp:attachment":[{"href":"https:\/\/ourstuff.dk\/nl\/wp-json\/wp\/v2\/media?parent=9001"}],"wp:term":[{"taxonomy":"product_brand","embeddable":true,"href":"https:\/\/ourstuff.dk\/nl\/wp-json\/wp\/v2\/product_brand?post=9001"},{"taxonomy":"product_cat","embeddable":true,"href":"https:\/\/ourstuff.dk\/nl\/wp-json\/wp\/v2\/product_cat?post=9001"},{"taxonomy":"product_tag","embeddable":true,"href":"https:\/\/ourstuff.dk\/nl\/wp-json\/wp\/v2\/product_tag?post=9001"}],"curies":[{"name":"wp","href":"https:\/\/api.w.org\/{rel}","templated":true}]}}