{"id":8966,"date":"2024-11-04T15:40:06","date_gmt":"2024-11-04T14:40:06","guid":{"rendered":"https:\/\/ourstuff.dk\/?post_type=product&#038;p=8966"},"modified":"2025-04-04T09:34:51","modified_gmt":"2025-04-04T07:34:51","slug":"vandretur-m-guide-stevns-klint-1-dag-for-2-personer","status":"publish","type":"product","link":"https:\/\/ourstuff.dk\/nl\/product\/vandretur-m-guide-stevns-klint-1-dag-for-2-personer\/","title":{"rendered":"Vandretur m. guide &#8211; Stevns Klint &#8211; 1 dag for 2 personer"},"content":{"rendered":"<p><strong>\ud83d\udde3\ufe0f Turguide fra OurStuff<\/strong><\/p>\n<p><strong>\ud83d\udc6b En dag i godt selskab med andre naturelskere<\/strong><\/p>\n<p><strong>\ud83c\udfde\ufe0f Imponerende vandretur gennem unikke landskaber og udsigtspunkter<\/strong><\/p>\n<p><strong>\ud83e\udd6a OurStuff s\u00f8rger for sandwich og kaffe\/te undervejs<\/strong><\/p>\n<p><strong>\ud83d\ude0a Kr\u00e6ver ikke andet end g\u00e5p\u00e5mod og eventyrlyst<\/strong><\/p>\n<p><strong>\ud83c\udf33 OurStuff donerer 1 tr\u00e6 pr. booking til en dansk skov<\/strong><\/p>\n<p><span style=\"text-decoration: underline;\"><strong>VANDRTETUR &#8211; STEVNS KLINT &#8211; UNESCO VERDENSARV<\/strong><\/span><\/p>\n<div class=\"flex max-w-full flex-col flex-grow\">\n<div class=\"min-h-8 text-message flex w-full flex-col items-end gap-2 whitespace-normal break-words [.text-message+&amp;]:mt-5\" dir=\"auto\" data-message-author-role=\"assistant\" data-message-id=\"dc079822-6bbb-424f-b0a4-0073d9b22a23\" data-message-model-slug=\"gpt-4o\">\n<div class=\"flex w-full flex-col gap-1 empty:hidden first:pt-[3px]\">\n<div class=\"markdown prose w-full break-words dark:prose-invert light\">\n<div class=\"flex-shrink-0 flex flex-col relative items-end\">\n<div>\n<div class=\"pt-0\">\n<div class=\"gizmo-bot-avatar flex h-8 w-8 items-center justify-center overflow-hidden rounded-full\">\n<div class=\"relative p-1 rounded-sm flex items-center justify-center bg-token-main-surface-primary text-token-text-primary h-8 w-8\"><span style=\"color: #555555; font-size: 14.4px;\">Tag p\u00e5 en uforglemmelig dagsvandring langs Stevns Klint Trampesti, hvor kulturhistorie og imponerende natur g\u00e5r h\u00e5nd i h\u00e5nd. Turen starter ved B\u00f8geskov Havn og tager dig langs klintens dramatiske kystlinje mod R\u00f8dvig. Undervejs vil der v\u00e6re pauser til at nyde medbragte sandwiches og kaffe, s\u00e5 du kan lade op og tage de mange indtryk ind.<\/span><\/div>\n<\/div>\n<\/div>\n<\/div>\n<\/div>\n<div class=\"group\/conversation-turn relative flex w-full min-w-0 flex-col agent-turn\">\n<div class=\"flex-col gap-1 md:gap-3\">\n<div class=\"flex max-w-full flex-col flex-grow\">\n<div class=\"min-h-8 text-message flex w-full flex-col items-end gap-2 whitespace-normal break-words [.text-message+&amp;]:mt-5\" dir=\"auto\" data-message-author-role=\"assistant\" data-message-id=\"c4fa7191-aef9-4f17-a50e-b5269ee9201f\" data-message-model-slug=\"gpt-4o\">\n<div class=\"flex w-full flex-col gap-1 empty:hidden first:pt-[3px]\">\n<div class=\"markdown prose w-full break-words dark:prose-invert light\">\n<p>P\u00e5 ruten passerer vi Boesdal Kalkbrud og Stevns Klint Experience, hvor du kan opleve klintens sp\u00e6ndende historie som UNESCO Verdensarv. Vi kommer ogs\u00e5 forbi Stevnsfort, et koldkrigsmuseum gemt dybt i klinten, og H\u00f8jerup Gl. Kirke, hvor du kan st\u00e5 p\u00e5 balkonen med udsigt over havet. Vandreturen kulminerer ved Stevns Fyr, klintens h\u00f8jeste punkt, med en fantastisk udsigt over \u00d8sters\u00f8en.<\/p>\n<p>Efter turens afslutning i R\u00f8dvig kan du nemt tage toget\/el-busen tilbage til B\u00f8geskov Havn eller mod andre forbindelser p\u00e5 Sj\u00e6lland. Denne 21 km vandretur tager ca. 7 timer og byder p\u00e5 et v\u00e6ld af oplevelser og sk\u00f8nne stop undervejs.<\/p>\n<\/div>\n<\/div>\n<\/div>\n<\/div>\n<\/div>\n<\/div>\n<\/div>\n<\/div>\n<\/div>\n<\/div>\n<div class=\"mb-2 flex gap-3 empty:hidden -ml-2\">\n<div class=\"items-center justify-start rounded-xl p-1 flex\"><span style=\"font-size: 23.04px;\">Hvor starter vandreturen?<\/span><\/div>\n<\/div>\n<p>B\u00f8gested Havn<\/p>\n<h2>Hvorn\u00e5r kan denne oplevelse bruges?<\/h2>\n<p>L\u00f8rdag d. 10\/5, 24\/5, 7\/6, 28\/6, 6\/9<\/p>\n<p><strong>Du f\u00e5r:<\/strong><\/p>\n<ul>\n<li>Vandretur for 2 personer<\/li>\n<li>Guidet gruppetur<\/li>\n<li>Sandwich<\/li>\n<li>Tog\/busbillet tilbage til start<\/li>\n<\/ul>\n","protected":false},"excerpt":{"rendered":"<p>Oplev Stevns Klint Trampesti p\u00e5 en 21 km vandretur fra B\u00f8geskov Havn til R\u00f8dvig med stop til sandwich og kaffe. Nyd storsl\u00e5et natur, kulturhistorie og nem transport retur.<\/p>\n","protected":false},"featured_media":8962,"template":"","meta":{"advanced_seo_description":"","jetpack_seo_html_title":"","jetpack_seo_noindex":false},"product_brand":[],"product_cat":[125,186],"product_tag":[193],"class_list":{"0":"post-8966","1":"product","2":"type-product","3":"status-publish","4":"has-post-thumbnail","6":"product_cat-b2b7-alle","7":"product_cat-vandretur-m-guide-b2b","8":"product_tag-stevns-klint","10":"first","11":"instock","12":"virtual","13":"sold-individually","14":"taxable","15":"purchasable","16":"product-type-booking"},"booking_location":"","booking_location_type":"","booking_duration":1,"booking_duration_unit":"day","booking_buffer":0,"booking_cost":0,"booking_resources":[],"jetpack_sharing_enabled":true,"_links":{"self":[{"href":"https:\/\/ourstuff.dk\/nl\/wp-json\/wp\/v2\/product\/8966","targetHints":{"allow":["GET"]}}],"collection":[{"href":"https:\/\/ourstuff.dk\/nl\/wp-json\/wp\/v2\/product"}],"about":[{"href":"https:\/\/ourstuff.dk\/nl\/wp-json\/wp\/v2\/types\/product"}],"wp:featuredmedia":[{"embeddable":true,"href":"https:\/\/ourstuff.dk\/nl\/wp-json\/wp\/v2\/media\/8962"}],"wp:attachment":[{"href":"https:\/\/ourstuff.dk\/nl\/wp-json\/wp\/v2\/media?parent=8966"}],"wp:term":[{"taxonomy":"product_brand","embeddable":true,"href":"https:\/\/ourstuff.dk\/nl\/wp-json\/wp\/v2\/product_brand?post=8966"},{"taxonomy":"product_cat","embeddable":true,"href":"https:\/\/ourstuff.dk\/nl\/wp-json\/wp\/v2\/product_cat?post=8966"},{"taxonomy":"product_tag","embeddable":true,"href":"https:\/\/ourstuff.dk\/nl\/wp-json\/wp\/v2\/product_tag?post=8966"}],"curies":[{"name":"wp","href":"https:\/\/api.w.org\/{rel}","templated":true}]}}