{"id":8948,"date":"2024-11-04T14:32:35","date_gmt":"2024-11-04T13:32:35","guid":{"rendered":"https:\/\/ourstuff.dk\/?post_type=product&#038;p=8948"},"modified":"2025-04-04T14:41:36","modified_gmt":"2025-04-04T12:41:36","slug":"restaurant-saedvanlige","status":"publish","type":"product","link":"https:\/\/ourstuff.dk\/nl\/product\/restaurant-saedvanlige\/","title":{"rendered":"Restaurant &#8211; S\u00e6dvanlige"},"content":{"rendered":"<p><span style=\"color: #000000;\"><strong><u>RESTAURANT &#8211; GAVEBEVIS 300 KR. &#8211; FLERE RESTAURANTER AT V\u00c6LGE<\/u><\/strong><\/span><br \/>\n<span style=\"color: #000000;\">Pr\u00f8v en af de mange restauranter. <\/span><\/p>\n<p><span style=\"color: #000000;\"><strong>\ud83c\udf10 Esbjerg, K\u00f8benhavn, Aarhus og Odense<\/strong><\/span><\/p>\n<p class=\"LC20lb MBeuO DKV0Md\">\ud83c\udf7d\ufe0f <strong>Gavebevis p\u00e5 300 kr. til Madklubbens restauranter<\/strong><\/p>\n<p><span style=\"color: #000000;\"><strong>\ud83c\udf33 OurStuff donerer 1 tr\u00e6 pr. booking til en dansk skov<\/strong><\/span><\/p>\n<p>V\u00e6lg mellem 44 forskellige restauranter Danmark.<\/p>\n<h2>Hvilke restauranter kan jeg v\u00e6lge?<\/h2>\n<p>&#8211; <a href=\"https:\/\/www.madklubben.dk\/restauranter?filters=&amp;city&amp;area\">Se udbudet af restauranter her<\/a>.<\/p>\n<h2>Hvorn\u00e5r kan denne oplevelse bruges?<\/h2>\n<p>Hele \u00e5ret i rundt i 2025.<\/p>\n<h2>Hvordan booker jeg restaurant?<\/h2>\n<p>N\u00e5r du har fundet ud af, hvor I \u00f8nsker at tage hen, s\u00e5 kontakt os p\u00e5 info@ourstuff.dk eller 27209020 med din kode. S\u00e5 sender vi et gavebevis p\u00e5 300 kr. som kan bruges p\u00e5 en af Madklubbens restauranter. I skal selv booke dato og tidspunkt.<\/p>\n<p><strong>Du f\u00e5r:<\/strong><\/p>\n<ul>\n<li>Gavebevis p\u00e5 300 kr. til Madklubbens restauranter<\/li>\n<li>Til benyttelse \u00e5ret rundt i 2025<\/li>\n<\/ul>\n","protected":false},"excerpt":{"rendered":"<p>Tag p\u00e5 et restaurantbes\u00f8g p\u00e5 Madklubbens restauranter.<\/p>\n","protected":false},"featured_media":8953,"template":"","meta":{"advanced_seo_description":"","jetpack_seo_html_title":"","jetpack_seo_noindex":false},"product_brand":[],"product_cat":[173,192],"product_tag":[137,165,138,164],"class_list":{"0":"post-8948","1":"product","2":"type-product","3":"status-publish","4":"has-post-thumbnail","6":"product_cat-b2b-3-eksterne","7":"product_cat-restaurant-b2b","8":"product_tag-aarhus","9":"product_tag-esbjerg","10":"product_tag-kbh","11":"product_tag-odense","13":"first","14":"instock","15":"virtual","16":"sold-individually","17":"taxable","18":"purchasable","19":"product-type-booking"},"booking_location":"","booking_location_type":"","booking_duration":1,"booking_duration_unit":"day","booking_buffer":0,"booking_cost":300,"booking_resources":[],"jetpack_sharing_enabled":true,"_links":{"self":[{"href":"https:\/\/ourstuff.dk\/nl\/wp-json\/wp\/v2\/product\/8948","targetHints":{"allow":["GET"]}}],"collection":[{"href":"https:\/\/ourstuff.dk\/nl\/wp-json\/wp\/v2\/product"}],"about":[{"href":"https:\/\/ourstuff.dk\/nl\/wp-json\/wp\/v2\/types\/product"}],"wp:featuredmedia":[{"embeddable":true,"href":"https:\/\/ourstuff.dk\/nl\/wp-json\/wp\/v2\/media\/8953"}],"wp:attachment":[{"href":"https:\/\/ourstuff.dk\/nl\/wp-json\/wp\/v2\/media?parent=8948"}],"wp:term":[{"taxonomy":"product_brand","embeddable":true,"href":"https:\/\/ourstuff.dk\/nl\/wp-json\/wp\/v2\/product_brand?post=8948"},{"taxonomy":"product_cat","embeddable":true,"href":"https:\/\/ourstuff.dk\/nl\/wp-json\/wp\/v2\/product_cat?post=8948"},{"taxonomy":"product_tag","embeddable":true,"href":"https:\/\/ourstuff.dk\/nl\/wp-json\/wp\/v2\/product_tag?post=8948"}],"curies":[{"name":"wp","href":"https:\/\/api.w.org\/{rel}","templated":true}]}}