{"id":8880,"date":"2024-11-01T14:50:16","date_gmt":"2024-11-01T13:50:16","guid":{"rendered":"https:\/\/ourstuff.dk\/?post_type=product&#038;p=8880"},"modified":"2025-04-04T09:32:16","modified_gmt":"2025-04-04T07:32:16","slug":"vandretur-m-guide-klintekongens-rige-moens-klint-1-dag-for-1-person","status":"publish","type":"product","link":"https:\/\/ourstuff.dk\/nl\/product\/vandretur-m-guide-klintekongens-rige-moens-klint-1-dag-for-1-person\/","title":{"rendered":"Vandretur m. guide &#8211; Klintekongens Rige\/M\u00f8ns Klint &#8211; 1 dag for 1 person"},"content":{"rendered":"<p><strong>\ud83d\udde3\ufe0f Turguide fra OurStuff<\/strong><\/p>\n<p><strong>\ud83d\udc6b En dag i godt selskab med andre naturelskere<\/strong><\/p>\n<p><strong>\ud83c\udfde\ufe0f Imponerende vandretur gennem unikke landskaber og udsigtspunkter<\/strong><\/p>\n<p><strong>\ud83e\udd6a OurStuff s\u00f8rger for sandwich og kaffe\/te undervejs<\/strong><\/p>\n<p><strong>\ud83d\ude0a Kr\u00e6ver ikke andet end g\u00e5p\u00e5mod og eventyrlyst<\/strong><\/p>\n<p><strong>\ud83c\udf33 OurStuff donerer 1 tr\u00e6 pr. booking til en dansk skov<\/strong><\/p>\n<p><span style=\"text-decoration: underline;\"><strong>VANDRTETUR &#8211; M\u00d8N &#8211; KLINTEKONGENS RIGE<\/strong><\/span><\/p>\n<p>Tag med p\u00e5 en enest\u00e5ende dagsvandring i Klintekongens Rige p\u00e5 M\u00f8n, en rute fyldt med eventyrlige naturoplevelser. Vi starter dagen med at udforske klinteskoven og dens mange oldtidsminder og vandrer derefter gennem den romantiske Liselund Have. Undervejs vil vi opleve de fantastiske udsigter over M\u00f8ns Klint fra b\u00e5de klintekanten og stranden.<\/p>\n<p><strong>Om turen:<\/strong> Vi kommer bl.a. forbi GeoCenter M\u00f8ns Klint, hvor I kan opleve interaktive udstillinger om kridttiden og omr\u00e5dets unikke flora og fauna. Vi passerer Jydelejet, et kuperet overdrevsomr\u00e5de, som i s\u00e6sonen er d\u00e6kket af sj\u00e6ldne danske orkid\u00e9er. Desuden oplever vi Dronningestolen, M\u00f8ns Klints h\u00f8jeste punkt, med et imponerende vue over havet og kystlinjen.<\/p>\n<p>Denne tur p\u00e5 14,5 km tager ca. 6 timer. Vores guide vil sikre, at du f\u00e5r en oplevelse ud over det s\u00e6dvanlige.<\/p>\n<h2>Hvor starter vandreturen?<\/h2>\n<p>GeoCenter M\u00f8ns Klint<\/p>\n<h2>Hvorn\u00e5r kan denne oplevelse bruges?<\/h2>\n<p>S\u00f8ndag 11\/5, 25\/5, 8\/6, 29\/6, 7\/9<\/p>\n<p><strong>Du f\u00e5r:<\/strong><\/p>\n<ul>\n<li>Vandretur for 1 person<\/li>\n<li>Guidet gruppetur<\/li>\n<li>Kaffe<\/li>\n<li>Sandwich<\/li>\n<\/ul>\n","protected":false},"excerpt":{"rendered":"<p>Oplev en enest\u00e5ende vandretur gennem Klintekongens Rige p\u00e5 M\u00f8n, hvor natursk\u00f8nne udsigtspunkter og historiske steder venter p\u00e5 at blive udforsket. Vores turguide f\u00f8rer dig gennem klinteskove, forbi sj\u00e6ldne orkid\u00e9er og op til Dronningestolen med imponerende udsigt over M\u00f8ns Klint og havet.<\/p>\n","protected":false},"featured_media":8881,"template":"","meta":{"advanced_seo_description":"","jetpack_seo_html_title":"","jetpack_seo_noindex":false},"product_brand":[],"product_cat":[123,124,186],"product_tag":[190],"class_list":{"0":"post-8880","1":"product","2":"type-product","3":"status-publish","4":"has-post-thumbnail","6":"product_cat-b2b3-alle","7":"product_cat-b2b5-alle","8":"product_cat-vandretur-m-guide-b2b","9":"product_tag-moens-klint","11":"first","12":"instock","13":"virtual","14":"sold-individually","15":"taxable","16":"purchasable","17":"product-type-booking"},"booking_location":"","booking_location_type":"","booking_duration":1,"booking_duration_unit":"day","booking_buffer":0,"booking_cost":0,"booking_resources":[],"jetpack_sharing_enabled":true,"_links":{"self":[{"href":"https:\/\/ourstuff.dk\/nl\/wp-json\/wp\/v2\/product\/8880","targetHints":{"allow":["GET"]}}],"collection":[{"href":"https:\/\/ourstuff.dk\/nl\/wp-json\/wp\/v2\/product"}],"about":[{"href":"https:\/\/ourstuff.dk\/nl\/wp-json\/wp\/v2\/types\/product"}],"wp:featuredmedia":[{"embeddable":true,"href":"https:\/\/ourstuff.dk\/nl\/wp-json\/wp\/v2\/media\/8881"}],"wp:attachment":[{"href":"https:\/\/ourstuff.dk\/nl\/wp-json\/wp\/v2\/media?parent=8880"}],"wp:term":[{"taxonomy":"product_brand","embeddable":true,"href":"https:\/\/ourstuff.dk\/nl\/wp-json\/wp\/v2\/product_brand?post=8880"},{"taxonomy":"product_cat","embeddable":true,"href":"https:\/\/ourstuff.dk\/nl\/wp-json\/wp\/v2\/product_cat?post=8880"},{"taxonomy":"product_tag","embeddable":true,"href":"https:\/\/ourstuff.dk\/nl\/wp-json\/wp\/v2\/product_tag?post=8880"}],"curies":[{"name":"wp","href":"https:\/\/api.w.org\/{rel}","templated":true}]}}