{"id":8753,"date":"2024-10-31T14:53:22","date_gmt":"2024-10-31T13:53:22","guid":{"rendered":"https:\/\/ourstuff.dk\/?post_type=product&#038;p=8753"},"modified":"2024-10-31T14:55:24","modified_gmt":"2024-10-31T13:55:24","slug":"koffie-en-gebak-glamnic-voor-2-personen-roemoe-kopier-kopier-kopier-kopier-kopier-kopier-8","status":"publish","type":"product","link":"https:\/\/ourstuff.dk\/nl\/product\/koffie-en-gebak-glamnic-voor-2-personen-roemoe-kopier-kopier-kopier-kopier-kopier-kopier-8\/","title":{"rendered":"KOFFIE EN GEBAK GLAMNIC VOOR 2 PERSONEN &#8211; R\u00d8M\u00d8 (Kopier) (Kopier) (Kopier) (Kopier) (Kopier) (Kopier)"},"content":{"rendered":"<p><span style=\"color: #000000;\"><strong><u>GLAMNIC \u2013 LUXE \u2013 NATUURBELEVING<\/u><\/strong><\/span><br \/>\n<span style=\"color: #000000;\">Beleef GLAMNIC &#8211; de nieuwste picknicksensatie van Denemarken<\/span><\/p>\n<p><span style=\"color: #000000;\"><strong>\ud83d\udeb2 ALLE apparatuur is aanwezig. luxe schuil- en schaduwtent, comfortstoelen en tafel van NORDISK,<\/strong><\/span><\/p>\n<p><span style=\"color: #000000;\"><strong>\ud83c\udfd6Ontdek de spectaculaire natuur van Denemarken naar keuze<\/strong><\/span><\/p>\n<p><span style=\"color: #000000;\"><strong>\ud83c\udf31 Duurzame en lichtgewicht kwaliteitsapparatuur van het Deense NORDISK<\/strong><\/span><\/p>\n<p><span style=\"color: #000000;\"><strong>\ud83d\uddfa\ufe0f We doen suggesties voor plaatsen, zodat u uzelf alleen maar hoeft te onthouden<\/strong><\/span><\/p>\n<p><span style=\"color: #000000;\">\ud83d\udccd <strong>Levering vindt plaats bij S\u00f8nderstrand, R\u00f8m\u00f8 <\/strong> <\/span><\/p>\n<p><span style=\"color: #000000;\"><strong>\ud83c\udf33 OurStuff doneert 1 boom per boeking aan een Deens bos<\/strong><\/span><\/p>\n<p><span style=\"color: #000000;\">Droom je ervan om glamour, natuur en heerlijk eten te combineren in een unieke ervaring? Dan is GLAMNIC het antwoord op uw wensen! Dit is de picknickervaring die uw buitenmomenten omtovert tot onvergetelijke herinneringen. Welkom in een wereld van luxe, natuurervaringen en goede tijden met degenen van wie je houdt.<\/span><\/p>\n<p><span style=\"color: #000000;\"><strong>Wat is GLAMNIC?<\/strong><\/span><\/p>\n<p><span style=\"color: #000000;\">GLAMNIC is veel meer dan alleen een picknick. Het is een compleet pakket waarmee je binnen enkele minuten aan de slag kunt en op een glamoureuze manier van de natuur kunt genieten. Nodig een van uw dierbaren uit en laat ons voor de rest zorgen!<\/span><\/p>\n<p><span style=\"color: #000000;\">We hebben aan alle benodigde apparatuur gedacht, zodat u zich nergens zorgen over hoeft te maken. Onze uitrusting is van hoge kwaliteit en omvat alles van comfortabele zitkussens en dekens tot stijlvolle tafelopstellingen. En wat is een picknick zonder heerlijk eten? Onze tapasschotel is een buitengewone smaakervaring.<\/span><\/p>\n<p><span style=\"color: #000000;\"><b>Koffie en gebak<\/b><\/span><\/p>\n<p><span style=\"color: #000000;\">Aan de hand van de Zuid-Jutlandse salontafel hebben we een heerlijke taartschotel samengesteld met bijbehorende koffie\/thee en chocolademelk.<\/span><\/p>\n<p><span style=\"color: #000000;\"><strong>Kies uw droomlocatie<\/strong><\/span><\/p>\n<p><span style=\"color: #000000;\">GLAMNIC is flexibel en kan worden ingericht op de plaatsen die voor u het belangrijkst zijn. Misschien wil je het in een pittoresk park houden, de avontuurlijke natuur van R\u00f8m\u00f8 intrekken. Het maakt niet uit waar u uw picknick plaatst, wij zorgen ervoor dat het een onvergetelijke ervaring wordt.<\/span><\/p>\n<p><span style=\"color: #000000;\"><strong>Misschien wel het beste restaurant van Denemarken met het beste uitzicht<\/strong><\/span><\/p>\n<p><span style=\"color: #000000;\">Met GLAMNIC heb je de mogelijkheid om een restaurantervaring te cre\u00ebren die de meeste dingen overtreft. Je krijgt het beste uitzicht in je omgeving, en het beste van alles is dat je niet van tevoren een tafel hoeft te reserveren of je zorgen hoeft te maken over wachten. Jij bepaalt de tijd en plaats!<\/span><\/p>\n<p><span style=\"color: #000000;\"><strong>Cre\u00eber onvergetelijke herinneringen met GLAMNIC<\/strong><\/span><\/p>\n<p><span style=\"color: #000000;\">GLAMNIC gaat over het waarderen van de goede dingen in het leven: samenzijn met degenen van wie je houdt, in een prachtige omgeving en met heerlijk eten en drinken. Het is tijd om herinneringen te cre\u00ebren die een leven lang meegaan.<\/span><\/p>\n<p><span style=\"color: #000000;\">Dus waarom wachten? Bereid je voor op een buitengewone picknickervaring met GLAMNIC. Boek vandaag nog uw glamoureuze picknick en laat ons u helpen onvergetelijke herinneringen in de natuur te cre\u00ebren.<\/span><\/p>\n","protected":false},"excerpt":{"rendered":"<p><span style=\"color: #000000;\">Maak een verfrissende tocht langs de Noordzee! Verken de natuur op R\u00f8m\u00f8, een strand dat op de werelderfgoedlijst van UNESCO staat, en geniet van een heerlijke maaltijd in de prachtige omgeving. Jong, oud of er tussenin, koppels of vrienden, het kan een unieke ervaring zijn om te delen met iemand om wie je geeft.<\/span><\/p>\n","protected":false},"featured_media":7145,"template":"","meta":{"advanced_seo_description":"","jetpack_seo_html_title":"","jetpack_seo_noindex":false},"product_brand":[],"product_cat":[15],"product_tag":[],"class_list":{"0":"post-8753","1":"product","2":"type-product","3":"status-publish","4":"has-post-thumbnail","6":"product_cat-uncategorized","8":"first","9":"instock","10":"virtual","11":"sold-individually","12":"taxable","13":"purchasable","14":"product-type-booking"},"booking_location":"","booking_location_type":"","booking_duration":1,"booking_duration_unit":"day","booking_buffer":0,"booking_cost":0,"booking_resources":[],"jetpack_sharing_enabled":true,"_links":{"self":[{"href":"https:\/\/ourstuff.dk\/nl\/wp-json\/wp\/v2\/product\/8753","targetHints":{"allow":["GET"]}}],"collection":[{"href":"https:\/\/ourstuff.dk\/nl\/wp-json\/wp\/v2\/product"}],"about":[{"href":"https:\/\/ourstuff.dk\/nl\/wp-json\/wp\/v2\/types\/product"}],"wp:featuredmedia":[{"embeddable":true,"href":"https:\/\/ourstuff.dk\/nl\/wp-json\/wp\/v2\/media\/7145"}],"wp:attachment":[{"href":"https:\/\/ourstuff.dk\/nl\/wp-json\/wp\/v2\/media?parent=8753"}],"wp:term":[{"taxonomy":"product_brand","embeddable":true,"href":"https:\/\/ourstuff.dk\/nl\/wp-json\/wp\/v2\/product_brand?post=8753"},{"taxonomy":"product_cat","embeddable":true,"href":"https:\/\/ourstuff.dk\/nl\/wp-json\/wp\/v2\/product_cat?post=8753"},{"taxonomy":"product_tag","embeddable":true,"href":"https:\/\/ourstuff.dk\/nl\/wp-json\/wp\/v2\/product_tag?post=8753"}],"curies":[{"name":"wp","href":"https:\/\/api.w.org\/{rel}","templated":true}]}}