{"id":8224,"date":"2024-10-24T15:55:08","date_gmt":"2024-10-24T13:55:08","guid":{"rendered":"https:\/\/ourstuff.dk\/?post_type=product&#038;p=8224"},"modified":"2025-04-04T09:39:20","modified_gmt":"2025-04-04T07:39:20","slug":"udebiograf-hos-dig-inkl-telt-lydanlaeg-og-stole-romantik-sport-familieoplevelse","status":"publish","type":"product","link":"https:\/\/ourstuff.dk\/nl\/product\/udebiograf-hos-dig-inkl-telt-lydanlaeg-og-stole-romantik-sport-familieoplevelse\/","title":{"rendered":"Udebiograf hos dig inkl. telt, lydanl\u00e6g og stole &#8211; Romantik-\/Sport-\/Familieoplevelse"},"content":{"rendered":"<p><span style=\"color: #000000;\"><u><strong>HYGGE &#8211; UDEBIOGRAF\u00a0 &#8211; PERFEKT TIL SOMMEREN<\/strong><\/u><\/span><br \/>\n<span style=\"color: #000000;\">Dette koncept er fantastisk, da det passer til mange typer af arrangementer\/aftener. Konceptet er simpelt, I f\u00e5r udebiografen hjem til jer, hvor vi har s\u00f8rget for alt udstyret, som hurtigt kan s\u00e6ttes op. S\u00e5 I kan se pr\u00e6cis det I \u00f8nsker i haven, eller andetsteds.<\/span><\/p>\n<div>\n<p>Er du klar til at byde dine g\u00e6ster p\u00e5 fodboldkamp i haven p\u00e5 TV&#8217;et eller hvad med at hoppe i vildmarksbadet mens i ser &#8220;D\u00f8dens Gab&#8221;. Eller m\u00e5ske en film til en b\u00f8rnef\u00f8dselsdag. Denne oplevelse giver gode muligheder for voksne og b\u00f8rn. Hvor vi s\u00e6tter et stort tv under stort telt.<\/p>\n<\/div>\n<p><span style=\"color: #000000;\">De 3 mest popul\u00e6re er Romantisk-aften med k\u00e6resten, Fodbold-aften med vennerne eller film-aften med hele familien.\u00a0<\/span><br \/>\n<span style=\"color: #000000;\"><strong><br \/>\n<\/strong><img decoding=\"async\" class=\"emoji\" role=\"img\" draggable=\"false\" src=\"https:\/\/s.w.org\/images\/core\/emoji\/15.0.3\/svg\/1f3a5.svg\" alt=\"\ud83c\udfa5\" \/>\u00a0Smuk aften ude i det fri<br \/>\n<\/span><\/p>\n<p><span style=\"color: #000000;\">\ud83d\udc9a Romantisk date-aften<\/span><\/p>\n<p><span style=\"color: #000000;\">\u26bd Champions League, landsholdskampe eller lign. med vennerne<\/span><\/p>\n<p>\ud83d\udd08 Inkl. telt, lydanl\u00e6g og TV<\/p>\n<p>\ud83d\udccd Udleveres i Aarhus\/Kbh<\/p>\n<p><span style=\"color: #000000;\">\ud83c\udf33 OurStuff donerer 1 tr\u00e6 pr. booking til en dansk skov<\/span><\/p>\n<p><span style=\"color: #000000;\">Eksklusivt hos OurStuff er vi super stolte over, at vi kan tilbyde denne fantastiske oplevelse, som er en sikker vinder.<\/span><\/p>\n<p><span style=\"color: #000000;\">Hvem kunne ikke t\u00e6nke sig at nyde en aften startende med eksempelvis l\u00e6kker mad og vin, for derefter at se en klassisk film, sportsevent eller tv program udenfor.<\/span><\/p>\n<p>Vi s\u00f8rger for en alt udstyret.<\/p>\n<p>Skab uforglemmelige \u00f8jeblikke med familie, venner eller k\u00e6resten.<\/p>\n<p>S\u00e5 glem alt om billetpriser, k\u00f8er og ubehagelige biografs\u00e6der. Oplev \u00e6gte hygge med vores udehjemmebiograf, hvor komfort og sjov g\u00e5r h\u00e5nd i h\u00e5nd.<\/p>\n<h2><span style=\"color: #000000;\">Hvorn\u00e5r kan man opleve dette?<\/span><\/h2>\n<ul>\n<li>Aarhus: Hver dag fra. 5\/4 &#8211; 27\/10<\/li>\n<li>Kbh: 17\/5, 3\/6, 23\/8 og 13\/9<\/li>\n<\/ul>\n<p><strong>Du f\u00e5r:<\/strong><\/p>\n<p>Kasse inkl:<\/p>\n<ul style=\"color: #281a39;\">\n<li>Leje af topmoderne TV i rejse\u00e6ske, som let kan stilles op<\/li>\n<li>L\u00e5n af telt<\/li>\n<li>L\u00e5n af lydanl\u00e6g<\/li>\n<li>L\u00e5n af 10 stole<\/li>\n<\/ul>\n<h4><span style=\"color: #000000;\">Hvad er ikke inkluderet <\/span><\/h4>\n<ul>\n<li><span style=\"color: #000000;\">Filmen, serien ellers sportsoplevelsen skal man selv have<\/span><\/li>\n<\/ul>\n","protected":false},"excerpt":{"rendered":"<p>Er du klar til at byde dine g\u00e6ster p\u00e5 fodboldkamp i haven p\u00e5 TV&#8217;et eller hvad med at hoppe i vildmarksbadet mens i ser &#8220;D\u00f8dens Gab&#8221;. Eller m\u00e5ske en film til en b\u00f8rnef\u00f8dselsdag. Denne oplevelse giver gode muligheder for voksne og b\u00f8rn. Hvor vi s\u00e6tter et stort tv under stort telt.<\/p>\n","protected":false},"featured_media":8214,"template":"","meta":{"advanced_seo_description":"","jetpack_seo_html_title":"","jetpack_seo_noindex":false},"product_brand":[],"product_cat":[126,141],"product_tag":[137,138],"class_list":{"0":"post-8224","1":"product","2":"type-product","3":"status-publish","4":"has-post-thumbnail","6":"product_cat-b2b9-alle","7":"product_cat-bio-b2b","8":"product_tag-aarhus","9":"product_tag-kbh","10":"product_shipping_class-standard","12":"first","13":"instock","14":"virtual","15":"sold-individually","16":"taxable","17":"purchasable","18":"product-type-booking"},"booking_location":"","booking_location_type":"","booking_duration":1,"booking_duration_unit":"day","booking_buffer":4,"booking_cost":1099,"booking_resources":[],"jetpack_sharing_enabled":true,"_links":{"self":[{"href":"https:\/\/ourstuff.dk\/nl\/wp-json\/wp\/v2\/product\/8224","targetHints":{"allow":["GET"]}}],"collection":[{"href":"https:\/\/ourstuff.dk\/nl\/wp-json\/wp\/v2\/product"}],"about":[{"href":"https:\/\/ourstuff.dk\/nl\/wp-json\/wp\/v2\/types\/product"}],"wp:featuredmedia":[{"embeddable":true,"href":"https:\/\/ourstuff.dk\/nl\/wp-json\/wp\/v2\/media\/8214"}],"wp:attachment":[{"href":"https:\/\/ourstuff.dk\/nl\/wp-json\/wp\/v2\/media?parent=8224"}],"wp:term":[{"taxonomy":"product_brand","embeddable":true,"href":"https:\/\/ourstuff.dk\/nl\/wp-json\/wp\/v2\/product_brand?post=8224"},{"taxonomy":"product_cat","embeddable":true,"href":"https:\/\/ourstuff.dk\/nl\/wp-json\/wp\/v2\/product_cat?post=8224"},{"taxonomy":"product_tag","embeddable":true,"href":"https:\/\/ourstuff.dk\/nl\/wp-json\/wp\/v2\/product_tag?post=8224"}],"curies":[{"name":"wp","href":"https:\/\/api.w.org\/{rel}","templated":true}]}}