{"id":7788,"date":"2024-10-16T10:44:08","date_gmt":"2024-10-16T08:44:08","guid":{"rendered":"https:\/\/ourstuff.dk\/?post_type=product&#038;p=7788"},"modified":"2026-03-19T10:53:07","modified_gmt":"2026-03-19T09:53:07","slug":"firmagave-3","status":"publish","type":"product","link":"https:\/\/ourstuff.dk\/nl\/product\/firmagave-3\/","title":{"rendered":"Firmagave 300 kr. &#8211; 17+ unikke oplevelser\/fysiske varer"},"content":{"rendered":"<p><span style=\"color: #000000;\"><strong>\ud83c\udf10 Oplevelser i hele DK<\/strong><\/span><\/p>\n<p class=\"LC20lb MBeuO DKV0Md\">\ud83c\udf81 <span style=\"color: #000000;\"><strong>Medarbejderen kan v\u00e6lge mellem 17+ unikke oplevelser og fysiske gaver<\/strong><\/span><\/p>\n<p class=\"LC20lb MBeuO DKV0Md\">\ud83d\udcc5 <span style=\"color: #000000;\"><strong>Gaven kan benyttes i hele 2025<\/strong><\/span><\/p>\n<p><span style=\"color: #000000;\"><strong>\ud83c\udf33\u00a0OurStuff donerer 1 tr\u00e6 pr. booking til en dansk skov<\/strong><\/span><\/p>\n<h2><span style=\"color: #000000;\">Firmajulegaven der altid rammer plet<\/span><\/h2>\n<p><span style=\"color: #000000;\"><span style=\"font-weight: 400;\">Vi har tilpasset vores udvalg, s\u00e5ledes at medarbejderen kan v\u00e6lge mellem 17+ unikke og \u201cmere\u201d b\u00e6redygtige oplevelser, samt fysiske varer fra b\u00e6redygtige samarbejdspartnere.\u00a0<\/span><\/span><\/p>\n<p><span style=\"color: #000000;\"><span style=\"font-weight: 400;\">Vi har over 23 \u00e5rs erfaring med at give folk gode oplevelser i naturen \u2013 oplevelser, der er skabt med tanke p\u00e5 at skabe minder sammen med dem, man holder af. N\u00e6sten alle oplevelser er for mindst 2 personer, og vi har mere end 20 certificerede og uddannede instrukt\u00f8rer, som st\u00e5r klar til at hj\u00e6lpe med unikke aktiviteter, som fx strandsurfing.\u00a0<\/span><\/span><\/p>\n<h2><span style=\"color: #000000;\"><span style=\"font-weight: 400;\">Firmajulegaven som g\u00f8r alle medarbejdere tilfredse<\/span><\/span><\/h2>\n<p><span style=\"color: #000000;\"><span style=\"font-weight: 400;\">Hvordan s\u00f8ger du for, at flest mulige af dine medarbejdere bliver tilfredse? Bare rolig det har vi s\u00f8rget for. Vi tilbyder nemlig i hver kategori oplevelser og fysiske gaver, som passer til dem som \u00f8nsker noget unikt, men ogs\u00e5 til dem, som \u00f8nsker noget helt klassisk. Kategorierne er: Overnatning, Gastronomi, Oplevelser, Kultur og Fysiske gaver. <\/span><\/span><\/p>\n<h2><span style=\"color: #000000;\">Hvilke oplevelser kan medarbejdere v\u00e6lge i mellem med denne firmagave?<\/span><\/h2>\n<p><span style=\"font-weight: 400;\"><span style=\"color: #000000;\">Medarbejderne kan bl.a. v\u00e6lge:<\/span><\/span><\/p>\n<ul>\n<li style=\"font-weight: 400;\" aria-level=\"1\"><b>E-Bike cykelture<\/b><span style=\"font-weight: 400;\"> \u2013 Oplev Danmark fra sin smukkeste side p\u00e5 to elektriske mountainbikes. Overnat i naturen og fald i s\u00f8vn i vores moderne telt til solnedgangen.<\/span><\/li>\n<li style=\"font-weight: 400;\" aria-level=\"1\"><b>Rooftent<\/b><span style=\"font-weight: 400;\"> \u2013 Smid et luksustagtelt p\u00e5 bilen og k\u00f8r til en af de mange skjulte perler i naturen, hvor I overnatter blandt tr\u00e6er eller ved vandkanten.<\/span><\/li>\n<li style=\"font-weight: 400;\" aria-level=\"1\"><b>Strandsurfing<\/b><span style=\"font-weight: 400;\"> \u2013 Strandsurfing p\u00e5 R\u00f8m\u00f8 er en oplevelse, der bare skal pr\u00f8ves! Det tager kun 10 minutter at l\u00e6re, og derefter kan du suse hen over Europas bedste strand.<\/span><\/li>\n<li style=\"font-weight: 400;\" aria-level=\"1\"><b>Glamnic<\/b><span style=\"font-weight: 400;\"> \u2013 Eksklusivt hos OurStuff! OurStuff er super stolte af at kunne tilbyde denne fantastiske nyhed: en Glamour\u00f8s Picnic i naturen. V\u00e6lg mellem luksusbrunch, kaffe og kage eller tapas.<\/span><\/li>\n<li style=\"font-weight: 400;\" aria-level=\"1\"><b>4-dages vandretur<\/b><span style=\"font-weight: 400;\">\u2013 Tag p\u00e5 en uforglemmelig fire-dages ekspeditions-\/vandretur og oplev naturen i sin mest betagende form. OurStuff har s\u00f8rget for alt det n\u00f8dvendige udstyr.<\/span><\/li>\n<li style=\"font-weight: 400;\" aria-level=\"1\"><b>Glamping eller familieferie<\/b><span style=\"font-weight: 400;\"> \u2013 Nyd nogle dage med dem, du holder af, i deres glamping-telte eller oppustelige familie-telte.<\/span><\/li>\n<li style=\"font-weight: 400;\" aria-level=\"1\"><b>Kajak, kano eller SUP<\/b><span style=\"font-weight: 400;\"> \u2013 Der er ikke meget, der giver ro i sindet, som en tur p\u00e5 vandet.<\/span><\/li>\n<li style=\"font-weight: 400;\" aria-level=\"1\"><b>Wings<\/b><span style=\"font-weight: 400;\"> \u2013 Surf henover stranden med et strand-skateboard, hvor du bruger vinden til at f\u00e5 fart p\u00e5.<\/span><\/li>\n<li style=\"font-weight: 400;\" aria-level=\"1\"><b>Vandreture<\/b><span style=\"font-weight: 400;\"> \u2013 Deltag i deres f\u00e6lles vandreture til steder som Norsminde, Himmelbjerget, Vesterhavet, M\u00f8ns Klint og flere.<\/span><\/li>\n<li style=\"font-weight: 400;\" aria-level=\"1\"><b>Disc-golf<\/b><span style=\"font-weight: 400;\"> \u2013 Den oplagte oplevelse til en sjov dag med venner eller familie, hvor I kan pr\u00f8ve kr\u00e6fter p\u00e5 nogle af de bedste baner.<\/span><\/li>\n<li style=\"font-weight: 400;\" aria-level=\"1\"><b style=\"color: #000000; font-size: 14.4px;\">Hjemme-\/udebio<\/b><span style=\"font-weight: 400;\"> \u2013 Er du klar til at byde dine venner velkommen til en Champions League-aften, eller m\u00e5ske en romantisk aften med k\u00e6resten?<\/span><\/li>\n<\/ul>\n<p><span style=\"font-weight: 400;\"><span style=\"color: #000000;\">OurStuff donerer et tr\u00e6 for hver oplevelse og er stolte af, at have mere end 10.000 glade g\u00e6ster hvert eneste \u00e5r. De gl\u00e6der sig til at se dig.\u00a0<\/span><\/span><\/p>\n<h2>Hvordan pr\u00e6senteres gaven for medarbejderne<\/h2>\n<p>Vi kan levere gaven p\u00e5 flere m\u00e5de:<\/p>\n<ul>\n<li>P\u00e5 mail, hvor medarbejderen for Login til en side, hvor de frit kan v\u00e6lge blandt alle oplevelser (Gratis)<\/li>\n<li>Flot gavebevis i kuvert (25 kr.)<\/li>\n<li>Flot stort katalog, med alle oplevelser i en b\u00e6redygtig og p\u00e6n sort gave\u00e6ske (50 kr.)<\/li>\n<li>QR-koder p\u00e5 Manila m\u00e6rker, som s\u00e6ttes p\u00e5 enten chokolade eller vin, alt efter dit \u00f8nske (80 kr.)<\/li>\n<\/ul>\n<p><em>Priser er ex. moms. og pr. medarbejder.<\/em><\/p>\n","protected":false},"excerpt":{"rendered":"<p><span style=\"color: #000000;\">OurStuff tilbyder firmajulegaver, hvor medarbejderen frit kan v\u00e6lge blandt 17+ unikke oplevelser og fysiske gaver. Oplevelser og gaver, som kan benyttes hele 2025. Udvalget inkluderer alt fra strandsurfing p\u00e5 R\u00f8m\u00f8 til glamping i naturen til chokolade fra Nicolai Chokolade. For hver ordre donerer OurStuff et tr\u00e6 til danske skove. Med 23 \u00e5rs erfaring og over 20 certificerede instrukt\u00f8rer, sikrer vi at dine medarbejdere f\u00e5r en oplevelse de ikke glemmer.<\/span><\/p>\n","protected":false},"featured_media":16172,"template":"","meta":{"advanced_seo_description":"","jetpack_seo_html_title":"","jetpack_seo_noindex":false},"product_brand":[],"product_cat":[114,113,243],"product_tag":[212],"class_list":{"0":"post-7788","1":"product","2":"type-product","3":"status-publish","4":"has-post-thumbnail","6":"product_cat-b2b-oplevelsespakker","7":"product_cat-gaver-firmagaver","8":"product_cat-firmagaver-300","9":"product_tag-gaveshop-nu","11":"first","12":"instock","13":"virtual","14":"taxable","15":"purchasable","16":"product-type-simple"},"booking_location":null,"booking_location_type":null,"booking_duration":null,"booking_duration_unit":null,"booking_buffer":null,"booking_cost":null,"booking_resources":null,"jetpack_sharing_enabled":true,"_links":{"self":[{"href":"https:\/\/ourstuff.dk\/nl\/wp-json\/wp\/v2\/product\/7788","targetHints":{"allow":["GET"]}}],"collection":[{"href":"https:\/\/ourstuff.dk\/nl\/wp-json\/wp\/v2\/product"}],"about":[{"href":"https:\/\/ourstuff.dk\/nl\/wp-json\/wp\/v2\/types\/product"}],"wp:featuredmedia":[{"embeddable":true,"href":"https:\/\/ourstuff.dk\/nl\/wp-json\/wp\/v2\/media\/16172"}],"wp:attachment":[{"href":"https:\/\/ourstuff.dk\/nl\/wp-json\/wp\/v2\/media?parent=7788"}],"wp:term":[{"taxonomy":"product_brand","embeddable":true,"href":"https:\/\/ourstuff.dk\/nl\/wp-json\/wp\/v2\/product_brand?post=7788"},{"taxonomy":"product_cat","embeddable":true,"href":"https:\/\/ourstuff.dk\/nl\/wp-json\/wp\/v2\/product_cat?post=7788"},{"taxonomy":"product_tag","embeddable":true,"href":"https:\/\/ourstuff.dk\/nl\/wp-json\/wp\/v2\/product_tag?post=7788"}],"curies":[{"name":"wp","href":"https:\/\/api.w.org\/{rel}","templated":true}]}}