{"id":143,"date":"2023-11-05T17:41:18","date_gmt":"2023-11-05T15:41:18","guid":{"rendered":"https:\/\/shop.ourstuff.dk\/product\/strandsurfing-for-2\/"},"modified":"2024-05-08T10:15:26","modified_gmt":"2024-05-08T08:15:26","slug":"strandsurfing-for-2","status":"publish","type":"product","link":"https:\/\/ourstuff.dk\/nl\/product\/strandsurfing-for-2\/","title":{"rendered":"STRANDSURFING for 2"},"content":{"rendered":"<p>Oplev \u00e5rets adrenalinkick ved Vesterhavet! Udforsk strandsurfing p\u00e5 S\u00f8nderstrand, R\u00f8m\u00f8, en UNESCO-fredet strand, med erfarne instrukt\u00f8rer og komfortabelt high-performance udstyr. Uanset alder, m\u00e6rk suset af vind i sejlene og det forfriskende hav. Oplevelsen foreg\u00e5r i en dobbelt strandsurfer hvor man sidder 2 sammen.<\/p>\n","protected":false},"excerpt":{"rendered":"<p>P\u00e5 verdens bedste strand for 1 voksen og 1 barn (&lt;45 Kilo)<\/p>\n","protected":false},"featured_media":184,"template":"","meta":{"advanced_seo_description":"","jetpack_seo_html_title":"","jetpack_seo_noindex":false},"product_brand":[],"product_cat":[66,25],"product_tag":[],"class_list":{"0":"post-143","1":"product","2":"type-product","3":"status-publish","4":"has-post-thumbnail","6":"product_cat-strandsurfing-roemoe","7":"product_cat-strandsurfing-3","9":"first","10":"instock","11":"taxable","12":"shipping-taxable","13":"purchasable","14":"product-type-simple"},"booking_location":null,"booking_location_type":null,"booking_duration":null,"booking_duration_unit":null,"booking_buffer":null,"booking_cost":null,"booking_resources":null,"jetpack_sharing_enabled":true,"_links":{"self":[{"href":"https:\/\/ourstuff.dk\/nl\/wp-json\/wp\/v2\/product\/143","targetHints":{"allow":["GET"]}}],"collection":[{"href":"https:\/\/ourstuff.dk\/nl\/wp-json\/wp\/v2\/product"}],"about":[{"href":"https:\/\/ourstuff.dk\/nl\/wp-json\/wp\/v2\/types\/product"}],"wp:featuredmedia":[{"embeddable":true,"href":"https:\/\/ourstuff.dk\/nl\/wp-json\/wp\/v2\/media\/184"}],"wp:attachment":[{"href":"https:\/\/ourstuff.dk\/nl\/wp-json\/wp\/v2\/media?parent=143"}],"wp:term":[{"taxonomy":"product_brand","embeddable":true,"href":"https:\/\/ourstuff.dk\/nl\/wp-json\/wp\/v2\/product_brand?post=143"},{"taxonomy":"product_cat","embeddable":true,"href":"https:\/\/ourstuff.dk\/nl\/wp-json\/wp\/v2\/product_cat?post=143"},{"taxonomy":"product_tag","embeddable":true,"href":"https:\/\/ourstuff.dk\/nl\/wp-json\/wp\/v2\/product_tag?post=143"}],"curies":[{"name":"wp","href":"https:\/\/api.w.org\/{rel}","templated":true}]}}