{"id":13876,"date":"2025-03-24T16:21:23","date_gmt":"2025-03-24T15:21:23","guid":{"rendered":"https:\/\/ourstuff.dk\/?post_type=product&#038;p=13876"},"modified":"2025-06-18T16:17:06","modified_gmt":"2025-06-18T14:17:06","slug":"landsurfing-fredericia","status":"publish","type":"product","link":"https:\/\/ourstuff.dk\/nl\/product\/landsurfing-fredericia\/","title":{"rendered":"Nyhed 2025: Landsurfing i Fredericia"},"content":{"rendered":"<p><span style=\"color: #000000;\"><strong>\ud83c\udf10 Fredericia<\/strong><\/span><\/p>\n<p><span style=\"color: #000000;\"><strong>\ud83d\udd53 45 minutter \u2013 1 personer<\/strong><\/span><\/p>\n<p><span style=\"color: #000000;\"><strong>\ud83c\udfd6 Ikke fysisk kr\u00e6vende<\/strong><\/span><\/p>\n<p><span style=\"color: #000000;\"><strong>\ud83c\udfc4\u200d\u2642\ufe0f\u00a0Dygtige og erfarne danske instrukt\u00f8rer<\/strong><\/span><\/p>\n<p><span style=\"color: #000000;\"><strong>\ud83d\udeb2\u00a0Komfortabel og highperformance udstyr<\/strong><\/span><\/p>\n<p><span style=\"color: #000000;\"><strong>\ud83d\ude4c\u00a0Ingen foruds\u00e6tninger \u2013 hurtig at l\u00e6re<\/strong><\/span><\/p>\n<h2><span style=\"color: #000000;\">Oplev Landsurfing &#8211; Ligesom strandsurfing men nu p\u00e5 en ny destination<\/span><\/h2>\n<p><span style=\"color: #000000;\">G\u00f8r dig klar til en mindev\u00e6rdig naturoplevelse og \u00e5rets sjoveste adrenalinkick! S\u00e6t dig i land\/strandsurferen, lad vinden gribe sejlet, og m\u00e6rk suset, n\u00e5r du r\u00e6ser hen ad gr\u00e6sset, mens du selvsikkert og til stor forn\u00f8jelse t\u00e6mmer vinden med dit sejl.<\/span><\/p>\n<p><span style=\"color: #000000;\">Om du k\u00f8rer 20 km\/t eller 40, bestemmer du selv. Vores dygtige instrukt\u00f8rer sikrer en tryg, sjov og fartrig dag \u2013 m\u00e5ske sammen med dine venner eller familie?<\/span><\/p>\n<h2><span style=\"color: #000000;\">Vi har Danmarks bedste instrukt\u00f8rer<\/span><\/h2>\n<p><span style=\"color: #000000;\">N\u00e5r man f\u00f8rste gang h\u00f8rer om Landsurfing, kan man godt tro, at det er sv\u00e6rt og kr\u00e6vende \u2013 men bare rolig! Det tager kun 12 minutter at l\u00e6re, og vi har over 20 uddannede, certificerede og erfarne instrukt\u00f8rer, som kan l\u00e6re dig at landsurfe sikkert. Det g\u00f8r aktiviteten oplagt til hele familien.<\/span><\/p>\n<h2><span style=\"color: #000000;\">Hvem kan landsurfe?<\/span><\/h2>\n<p><span style=\"color: #000000;\">Alle kan v\u00e6re med, uanset om du er 12 \u00e5r eller 80 \u00e5r, og der findes n\u00e6ppe nogen bedre m\u00e5de at nyde den danske sommer p\u00e5 end med vind i sejlene, fart i hjulene og udsigt til havets b\u00f8lger!<\/span><\/p>\n<p><span style=\"color: #000000;\">Fun-Fact: Den \u00e6ldste g\u00e6st vi har haft, har v\u00e6ret 86 \u00e5r og han kom tilbage med et gigantisk smil p\u00e5 l\u00e6ben!<\/span><\/p>\n<h2><span style=\"color: #000000;\">Hvor kan man landsurfe?<\/span><\/h2>\n<p><span style=\"color: #000000;\">Vi har i samarbejde med en god kommunal samarbejdspartner fundet et ideelt sted til at invitere jer med ud og pr\u00f8ve landsurfing. Det hele l\u00f8ber af stablen p\u00e5 havnen i Fredericia med udsigten til Den Nye Lilleb\u00e6ltsbro som bagt\u00e6ppe. Fredericia ligger ideelt placeret uanset, om du kommer i bil eller med offentlig transport.<\/span><\/p>\n<h2><span style=\"color: #000000;\">Hvorn\u00e5r kan man landsurfe?<\/span><\/h2>\n<p><span style=\"color: #000000;\">Vi pr\u00e6senterer denne nyhed en gang om ugen i sommeren 2025. Pr\u00f8v landsurfing i Fredericia alle onsdage i perioden 25. juni til 13. august kl. 10-17 (sidste start kl. 16).<\/span><\/p>\n","protected":false},"excerpt":{"rendered":"<p><span style=\"color: #000000;\">OurStuff er stolte over at kunne pr\u00e6sentere denne nyhed i 2025: Landsurfing i Fredericia. Hvad er det? Landsurfing er alletiders sommeraktivitet og en oplevelse, du aldrig glemmer. Vi s\u00f8rger for moderne og komfortabelt udstyr, samt erfarne og certificerede instrukt\u00f8rer. Aktiviteten er perfekt for alle aldre, s\u00e5 snyd ikke dig selv for denne oplevelse!\u00a0 Gl\u00e6d dig til at m\u00e6rke vinden i sejlet og farten under hjulene.\u00a0<\/span><\/p>\n","protected":false},"featured_media":13990,"template":"","meta":{"advanced_seo_description":"","jetpack_seo_html_title":"","jetpack_seo_noindex":false},"product_brand":[],"product_cat":[231],"product_tag":[135,115],"class_list":{"0":"post-13876","1":"product","2":"type-product","3":"status-publish","4":"has-post-thumbnail","6":"product_cat-landsurfing-fredericia","7":"product_tag-fanoe","8":"product_tag-oplevelser-paa-roemoe","10":"first","11":"instock","12":"virtual","13":"sold-individually","14":"taxable","15":"purchasable","16":"product-type-booking"},"booking_location":"","booking_location_type":"","booking_duration":1,"booking_duration_unit":"hour","booking_buffer":0,"booking_cost":200,"booking_resources":[13883],"jetpack_sharing_enabled":true,"_links":{"self":[{"href":"https:\/\/ourstuff.dk\/nl\/wp-json\/wp\/v2\/product\/13876","targetHints":{"allow":["GET"]}}],"collection":[{"href":"https:\/\/ourstuff.dk\/nl\/wp-json\/wp\/v2\/product"}],"about":[{"href":"https:\/\/ourstuff.dk\/nl\/wp-json\/wp\/v2\/types\/product"}],"wp:featuredmedia":[{"embeddable":true,"href":"https:\/\/ourstuff.dk\/nl\/wp-json\/wp\/v2\/media\/13990"}],"wp:attachment":[{"href":"https:\/\/ourstuff.dk\/nl\/wp-json\/wp\/v2\/media?parent=13876"}],"wp:term":[{"taxonomy":"product_brand","embeddable":true,"href":"https:\/\/ourstuff.dk\/nl\/wp-json\/wp\/v2\/product_brand?post=13876"},{"taxonomy":"product_cat","embeddable":true,"href":"https:\/\/ourstuff.dk\/nl\/wp-json\/wp\/v2\/product_cat?post=13876"},{"taxonomy":"product_tag","embeddable":true,"href":"https:\/\/ourstuff.dk\/nl\/wp-json\/wp\/v2\/product_tag?post=13876"}],"curies":[{"name":"wp","href":"https:\/\/api.w.org\/{rel}","templated":true}]}}