{"id":13392,"date":"2025-02-27T09:27:14","date_gmt":"2025-02-27T08:27:14","guid":{"rendered":"https:\/\/ourstuff.dk\/?post_type=product&#038;p=13392"},"modified":"2026-03-25T17:54:26","modified_gmt":"2026-03-25T16:54:26","slug":"tagtelt-overnatning-2-dage-for-2-personer-weekend-koebenhavn","status":"publish","type":"product","link":"https:\/\/ourstuff.dk\/nl\/product\/tagtelt-overnatning-2-dage-for-2-personer-weekend-koebenhavn\/","title":{"rendered":"Tagtelt overnatning &#8211; Sydnorge"},"content":{"rendered":"<p><span style=\"color: #000000;\"><strong><u>FREMTIDENS REJSER \u2013 KVALITETSUDSTYR \u2013 NATUROPLEVELSE<\/u><\/strong><\/span><br \/>\n<span style=\"color: #000000;\">Luksus i naturen for alle<\/span><\/p>\n<p><span style=\"color: #000000;\"><strong>\ud83c\udf10\u00a0Opdag Danmarks spektakul\u00e6re natur efter eget valg<\/strong><\/span><\/p>\n<p class=\"LC20lb MBeuO DKV0Md\"><span style=\"color: #000000;\"><strong>\ud83d\udccd Afhentes n\u00e6r K\u00f8benhavn<\/strong><\/span><\/p>\n<p><span style=\"color: #000000;\"><strong>\ud83d\udd53 2 dage\u00a0<\/strong><\/span><\/p>\n<p><span style=\"color: #000000;\"><strong>\u26fa\u00a0Kombination af flotte sev\u00e6rdigheder og luksus tagtelt<\/strong><\/span><\/p>\n<p><span style=\"color: #000000;\"><strong>\ud83d\udeb2 Kvalitetsudstyr i form af luksus tagtelt og luksusmadras<\/strong><\/span><\/p>\n<p><span style=\"color: #000000;\"><strong>\ud83c\udf33 OurStuff donerer 1 tr\u00e6 pr. booking til en dansk skov<\/strong><\/span><\/p>\n<p><span style=\"color: #000000;\">Vil du udforske Danmark med fuld frihed? S\u00e5 v\u00e6lg en k\u00f8r-selv-ferie, hvor du helt selv kan planl\u00e6gge din tur, som du har lyst til.<\/span><\/p>\n<p><span style=\"color: #000000;\">Danmark har s\u00e5 mange sp\u00e6ndende naturoplevelser at byde p\u00e5, og det er n\u00e6sten kan fantasien der s\u00e6tter gr\u00e6nser for hvad du kan opleve.<\/span><\/p>\n<p><span style=\"color: #000000;\">Vi stiller noget at det meste l\u00e6kre udstyr til r\u00e5dighed og s\u00e5 er det blot op til dig, hvor du gerne vil hen.<\/span><\/p>\n<h2>Hvor kan jeg afhente\/aflevere udstyret?<\/h2>\n<p><span style=\"color: #000000;\">Udstyret afhentes og afleveres n\u00e6r K\u00f8benhavn p\u00e5 denne adresse: Holmensvej 4, 3600 Frederikssund<\/span><\/p>\n<h2>Hvorn\u00e5r kan denne oplevelse bruges?<\/h2>\n<p><span style=\"color: #000000;\">Udstyret kan afhentes alle l\u00f8rdage fra 3. maj til og med 27. september kl. 11-12<\/span><\/p>\n<p><span style=\"color: #000000;\">Afleveres s\u00f8ndage kl. 15-16<\/span><\/p>\n<p><strong>Du f\u00e5r:<\/strong><\/p>\n<ul>\n<li>1 nats leje af tagtelt inkl. luksusmadras<\/li>\n<li>Til benyttelse i weekenden (l\u00f8rdag til s\u00f8ndag)<\/li>\n<\/ul>\n<p><strong>Ikke inkluderet:<\/strong><\/p>\n<ul>\n<li>Tagb\u00f8jler til egen bil<\/li>\n<\/ul>\n<ul>\n<li style=\"list-style-type: none;\"><\/li>\n<\/ul>\n","protected":false},"excerpt":{"rendered":"<p><span style=\"color: #000000;\">Opdag FREMTIDENS REJSER med luksus i naturen for alle. V\u00e6lg en k\u00f8r-selv-ferie i Danmark og udforsk spektakul\u00e6re naturoplevelser efter eget valg. Med vores kvalitetsudstyr i form af luksus tagtelte, skaber du din egen naturoase. Oplev Danmarks sk\u00f8nhed i luksus og frihed. Passer til de fleste biler, der har tagb\u00f8jler monteret.<\/span><\/p>\n","protected":false},"featured_media":15640,"template":"","meta":{"advanced_seo_description":"","jetpack_seo_html_title":"","jetpack_seo_noindex":false},"product_brand":[],"product_cat":[21],"product_tag":[138],"class_list":{"0":"post-13392","1":"product","2":"type-product","3":"status-publish","4":"has-post-thumbnail","6":"product_cat-oplevelser-tagtelt","7":"product_tag-kbh","9":"first","10":"instock","11":"virtual","12":"sold-individually","13":"taxable","14":"purchasable","15":"product-type-booking"},"booking_location":"","booking_location_type":"","booking_duration":2,"booking_duration_unit":"day","booking_buffer":0,"booking_cost":4499,"booking_resources":[],"jetpack_sharing_enabled":true,"_links":{"self":[{"href":"https:\/\/ourstuff.dk\/nl\/wp-json\/wp\/v2\/product\/13392","targetHints":{"allow":["GET"]}}],"collection":[{"href":"https:\/\/ourstuff.dk\/nl\/wp-json\/wp\/v2\/product"}],"about":[{"href":"https:\/\/ourstuff.dk\/nl\/wp-json\/wp\/v2\/types\/product"}],"wp:featuredmedia":[{"embeddable":true,"href":"https:\/\/ourstuff.dk\/nl\/wp-json\/wp\/v2\/media\/15640"}],"wp:attachment":[{"href":"https:\/\/ourstuff.dk\/nl\/wp-json\/wp\/v2\/media?parent=13392"}],"wp:term":[{"taxonomy":"product_brand","embeddable":true,"href":"https:\/\/ourstuff.dk\/nl\/wp-json\/wp\/v2\/product_brand?post=13392"},{"taxonomy":"product_cat","embeddable":true,"href":"https:\/\/ourstuff.dk\/nl\/wp-json\/wp\/v2\/product_cat?post=13392"},{"taxonomy":"product_tag","embeddable":true,"href":"https:\/\/ourstuff.dk\/nl\/wp-json\/wp\/v2\/product_tag?post=13392"}],"curies":[{"name":"wp","href":"https:\/\/api.w.org\/{rel}","templated":true}]}}