{"id":13162,"date":"2025-02-19T16:30:14","date_gmt":"2025-02-19T15:30:14","guid":{"rendered":"https:\/\/ourstuff.dk\/?post_type=product&#038;p=13162"},"modified":"2026-03-25T16:53:15","modified_gmt":"2026-03-25T15:53:15","slug":"tagtelt-koer-selv-rundrejse-i-soenderjylland-i-3-dage","status":"publish","type":"product","link":"https:\/\/ourstuff.dk\/nl\/product\/tagtelt-koer-selv-rundrejse-i-soenderjylland-i-3-dage\/","title":{"rendered":"Tagtelt: K\u00f8r-selv-rundrejse i S\u00f8nderjylland i 3 dage for 2 personer"},"content":{"rendered":"<p>Tag p\u00e5 en spektakul\u00e6r k\u00f8r-selv oplevelse, hvor komfort og eventyr g\u00e5r h\u00e5nd i h\u00e5nd! Med et luksus tagtelt fra OurStuff p\u00e5 din bil f\u00e5r du friheden til at overnatte midt i den vilde, jyske natur \u2013 uden at g\u00e5 p\u00e5 kompromis med komforten.<\/p>\n<p>Turen tager dig gennem Vestkystens smukkeste omr\u00e5der, fra ferieidyllen i S\u00f8ndervig med imponerende sandskulpturer, til de r\u00e5 bunkere fra 2. verdenskrig og det fortryllende Vadehav, der er en del af UNESCOs verdensarv. Undervejs venter actionfyldt strandsurfing p\u00e5 R\u00f8m\u00f8, en natursk\u00f8n vandretur og tid til at slappe af ved kysten.<\/p>\n<p>Vi s\u00f8rger for kvalitetsudstyr \u2013 luksus tagtelt, alt hvad du beh\u00f8ver for at nyde en uforglemmelig tur. Perfekt til naturelskere, eventyrere og dem, der vil pr\u00f8ve noget helt nyt. Pak weekendtasken, og oplev fremtidens rejseform!<\/p>\n","protected":false},"excerpt":{"rendered":"<div>Oplev friheden ved en tagtelttur langs Vestkysten! Luksus i naturen, unikke oplevelser og kvalitets udstyr \u2013 kombiner k\u00f8r-selv eventyret i din egen bil med strandsurfing, wellness og uforglemmelige naturoplevelser. Book din tur nu!<\/div>\n<div><\/div>\n<div>Turen er p\u00e5 3 dage (ca. 590 km), og prisen inkluderer strandsurfing og wellness p\u00e5 R\u00f8m\u00f8.<\/div>\n","protected":false},"featured_media":13163,"template":"","meta":{"advanced_seo_description":"","jetpack_seo_html_title":"","jetpack_seo_noindex":false},"product_brand":[],"product_cat":[109,93,222,69,21],"product_tag":[],"class_list":{"0":"post-13162","1":"product","2":"type-product","3":"status-publish","4":"has-post-thumbnail","6":"product_cat-gaver-overnatning","7":"product_cat-tagtelt-bestsellers","8":"product_cat-tagtelt-aarhus","9":"product_cat-tagtelt-med-egen-bil","10":"product_cat-oplevelser-tagtelt","12":"first","13":"instock","14":"virtual","15":"sold-individually","16":"taxable","17":"purchasable","18":"product-type-booking"},"booking_location":"","booking_location_type":"","booking_duration":1,"booking_duration_unit":"day","booking_buffer":0,"booking_cost":799,"booking_resources":[],"jetpack_sharing_enabled":true,"_links":{"self":[{"href":"https:\/\/ourstuff.dk\/nl\/wp-json\/wp\/v2\/product\/13162","targetHints":{"allow":["GET"]}}],"collection":[{"href":"https:\/\/ourstuff.dk\/nl\/wp-json\/wp\/v2\/product"}],"about":[{"href":"https:\/\/ourstuff.dk\/nl\/wp-json\/wp\/v2\/types\/product"}],"wp:featuredmedia":[{"embeddable":true,"href":"https:\/\/ourstuff.dk\/nl\/wp-json\/wp\/v2\/media\/13163"}],"wp:attachment":[{"href":"https:\/\/ourstuff.dk\/nl\/wp-json\/wp\/v2\/media?parent=13162"}],"wp:term":[{"taxonomy":"product_brand","embeddable":true,"href":"https:\/\/ourstuff.dk\/nl\/wp-json\/wp\/v2\/product_brand?post=13162"},{"taxonomy":"product_cat","embeddable":true,"href":"https:\/\/ourstuff.dk\/nl\/wp-json\/wp\/v2\/product_cat?post=13162"},{"taxonomy":"product_tag","embeddable":true,"href":"https:\/\/ourstuff.dk\/nl\/wp-json\/wp\/v2\/product_tag?post=13162"}],"curies":[{"name":"wp","href":"https:\/\/api.w.org\/{rel}","templated":true}]}}