{"id":13141,"date":"2025-02-19T15:52:01","date_gmt":"2025-02-19T14:52:01","guid":{"rendered":"https:\/\/ourstuff.dk\/?post_type=product&#038;p=13141"},"modified":"2025-11-16T14:40:50","modified_gmt":"2025-11-16T13:40:50","slug":"tagtelt-koer-selv-rundrejse-til-samsoe-i-3-dage","status":"publish","type":"product","link":"https:\/\/ourstuff.dk\/nl\/product\/tagtelt-koer-selv-rundrejse-til-samsoe-i-3-dage\/","title":{"rendered":"Tagtelt: K\u00f8r-selv-rundrejse til Sams\u00f8 i 3 dage for 2 personer"},"content":{"rendered":"<p>Tag med p\u00e5 en fantastisk rundrejse i tagtelt til Sams\u00f8 \u2013 en af Danmarks smukkeste \u00f8er! Turen starter i Aarhus, hvor I k\u00f8rer mod Hou og tager f\u00e6rgen til Sams\u00f8. Efter ankomst venter to dage fyldt med eventyr, natur og frihed.<\/p>\n<p>Sams\u00f8 er kendt for sine idylliske landskaber, sm\u00e5 hyggelige landsbyer og en afslappet atmosf\u00e6re. Udforsk de smukke kyststr\u00e6kninger, bes\u00f8g Nordby Bakker med betagende udsigter eller tag en tur til Vesborg Fyr, hvor I kan nyde udsigten over havet. Oplev ogs\u00e5 Brattingsborg Slot og Sams\u00f8s lokale g\u00e5rdbutikker, hvor I kan smage \u00f8ens l\u00e6kre r\u00e5varer.<\/p>\n<p>Overnatningen i tagtelt giver jer den ultimative frihed til at v\u00e5gne op midt i naturen. Nyd stjernehimlen, stilheden og Sams\u00f8s rolige tempo. Efter to dage med eventyrlige oplevelser tager I f\u00e6rgen retur og k\u00f8rer tilbage mod Aarhus \u2013 fyldt med nye minder fra en uforglemmelig tur.<\/p>\n<p>Book jeres Sams\u00f8-tagtelteventyr i dag!<\/p>\n<p><em><strong>Bem\u00e6rk, at der is\u00e6r i sommerm\u00e5nederne kan v\u00e6re rift om pladserne p\u00e5 f\u00e6rgen. S\u00e5 for at \u00f8ge muligheden for at f\u00e5 plads p\u00e5 jeres foretrukne afgang, anbefaler vi at bestille turen i god tid.<\/strong><\/em><\/p>\n","protected":false},"excerpt":{"rendered":"<p>Oplev vores rundrejse p\u00e5 Sams\u00f8 med en unik tagtelttur! K\u00f8r fra Aarhus, tag f\u00e6rgen til \u00f8en, og nyd to dage med storsl\u00e5et natur, hyggelige landsbyer og uforglemmelige oplevelser. Book dit eventyr nu!<\/p>\n<p>Turen varer 3 dage og er ca. 175 km. Prisen inkluderer f\u00e6rge t\/r.<\/p>\n","protected":false},"featured_media":13158,"template":"","meta":{"advanced_seo_description":"","jetpack_seo_html_title":"","jetpack_seo_noindex":false},"product_brand":[],"product_cat":[109,93,222,69,21],"product_tag":[],"class_list":{"0":"post-13141","1":"product","2":"type-product","3":"status-publish","4":"has-post-thumbnail","6":"product_cat-gaver-overnatning","7":"product_cat-tagtelt-bestsellers","8":"product_cat-tagtelt-aarhus","9":"product_cat-tagtelt-med-egen-bil","10":"product_cat-oplevelser-tagtelt","12":"first","13":"instock","14":"virtual","15":"sold-individually","16":"taxable","17":"purchasable","18":"product-type-booking"},"booking_location":"","booking_location_type":"","booking_duration":3,"booking_duration_unit":"day","booking_buffer":0,"booking_cost":799,"booking_resources":[1161],"jetpack_sharing_enabled":true,"_links":{"self":[{"href":"https:\/\/ourstuff.dk\/nl\/wp-json\/wp\/v2\/product\/13141","targetHints":{"allow":["GET"]}}],"collection":[{"href":"https:\/\/ourstuff.dk\/nl\/wp-json\/wp\/v2\/product"}],"about":[{"href":"https:\/\/ourstuff.dk\/nl\/wp-json\/wp\/v2\/types\/product"}],"wp:featuredmedia":[{"embeddable":true,"href":"https:\/\/ourstuff.dk\/nl\/wp-json\/wp\/v2\/media\/13158"}],"wp:attachment":[{"href":"https:\/\/ourstuff.dk\/nl\/wp-json\/wp\/v2\/media?parent=13141"}],"wp:term":[{"taxonomy":"product_brand","embeddable":true,"href":"https:\/\/ourstuff.dk\/nl\/wp-json\/wp\/v2\/product_brand?post=13141"},{"taxonomy":"product_cat","embeddable":true,"href":"https:\/\/ourstuff.dk\/nl\/wp-json\/wp\/v2\/product_cat?post=13141"},{"taxonomy":"product_tag","embeddable":true,"href":"https:\/\/ourstuff.dk\/nl\/wp-json\/wp\/v2\/product_tag?post=13141"}],"curies":[{"name":"wp","href":"https:\/\/api.w.org\/{rel}","templated":true}]}}