{"id":13120,"date":"2025-02-19T15:15:19","date_gmt":"2025-02-19T14:15:19","guid":{"rendered":"https:\/\/ourstuff.dk\/?post_type=product&#038;p=13120"},"modified":"2025-11-17T15:57:47","modified_gmt":"2025-11-17T14:57:47","slug":"tagtelt-koer-selv-rundrejse-i-nordjylland-i-3-dage","status":"publish","type":"product","link":"https:\/\/ourstuff.dk\/nl\/product\/tagtelt-koer-selv-rundrejse-i-nordjylland-i-3-dage\/","title":{"rendered":"Tagtelt: K\u00f8r-selv-rundrejse i Nordjylland i 3 dage for 2 personer"},"content":{"rendered":"<p>Dr\u00f8mmer du om frihed, natur og eventyr? Tag med p\u00e5 en fantastisk 600 km rundrejse igennem Nordjyllands smukkeste landskaber! Du starter i Aarhus og f\u00f8lger den idylliske \u00f8stkyst mod Limfjorden. Undervejs krydser du fjordene via broer og den hyggelige Hals-Egense f\u00e6rge. Eller tag motorvejen nordp\u00e5 og nyd noget tid i pulserende Aalborg \u2013 en by fyldt med kultur, historie og en ny, moderne havnepromenade.<\/p>\n<p>Rejsen forts\u00e6tter videre mod Skagen, hvor de ikoniske sandklitter og det s\u00e6rlige lys har inspireret kunstnere i \u00e5rhundreder. P\u00e5 hjemturen langs den vilde vestkyst oplever du Danmark fra en helt ny vinkel og passerer nationalparker, vandreklitter, den ber\u00f8mte tilsandede kirke og imponerende kystlandskaber.<\/p>\n<p>Med et luksus tagtelt p\u00e5 taget af din bil bestemmer du selv tempoet og overnatningsstederne \u2013 en ultimativ frihed i Danmarks smukkeste natur. Book din tagtelttur i dag!<\/p>\n","protected":false},"excerpt":{"rendered":"<p>Tag med p\u00e5 en uforglemmelig k\u00f8r-selv-rundrejse i Nordjylland! Oplev 600 km langs Danmarks smukkeste kyststr\u00e6kninger, fra \u00f8stkystens fjorde til vestkystens vilde landskab. Natur, eventyr og frihed \u2013 book nu ved at v\u00e6lge din \u00f8nskede afrejsedag i kalenderen!<\/p>\n","protected":false},"featured_media":13129,"template":"","meta":{"advanced_seo_description":"","jetpack_seo_html_title":"","jetpack_seo_noindex":false},"product_brand":[],"product_cat":[109,93,222,70,21],"product_tag":[],"class_list":{"0":"post-13120","1":"product","2":"type-product","3":"status-publish","4":"has-post-thumbnail","6":"product_cat-gaver-overnatning","7":"product_cat-tagtelt-bestsellers","8":"product_cat-tagtelt-aarhus","9":"product_cat-tagtelt-med-lejebil","10":"product_cat-oplevelser-tagtelt","12":"first","13":"instock","14":"virtual","15":"sold-individually","16":"taxable","17":"purchasable","18":"product-type-booking"},"booking_location":"","booking_location_type":"","booking_duration":3,"booking_duration_unit":"day","booking_buffer":0,"booking_cost":499,"booking_resources":[1161],"jetpack_sharing_enabled":true,"_links":{"self":[{"href":"https:\/\/ourstuff.dk\/nl\/wp-json\/wp\/v2\/product\/13120","targetHints":{"allow":["GET"]}}],"collection":[{"href":"https:\/\/ourstuff.dk\/nl\/wp-json\/wp\/v2\/product"}],"about":[{"href":"https:\/\/ourstuff.dk\/nl\/wp-json\/wp\/v2\/types\/product"}],"wp:featuredmedia":[{"embeddable":true,"href":"https:\/\/ourstuff.dk\/nl\/wp-json\/wp\/v2\/media\/13129"}],"wp:attachment":[{"href":"https:\/\/ourstuff.dk\/nl\/wp-json\/wp\/v2\/media?parent=13120"}],"wp:term":[{"taxonomy":"product_brand","embeddable":true,"href":"https:\/\/ourstuff.dk\/nl\/wp-json\/wp\/v2\/product_brand?post=13120"},{"taxonomy":"product_cat","embeddable":true,"href":"https:\/\/ourstuff.dk\/nl\/wp-json\/wp\/v2\/product_cat?post=13120"},{"taxonomy":"product_tag","embeddable":true,"href":"https:\/\/ourstuff.dk\/nl\/wp-json\/wp\/v2\/product_tag?post=13120"}],"curies":[{"name":"wp","href":"https:\/\/api.w.org\/{rel}","templated":true}]}}