{"id":13051,"date":"2025-02-19T11:20:40","date_gmt":"2025-02-19T10:20:40","guid":{"rendered":"https:\/\/ourstuff.dk\/?post_type=product&#038;p=13051"},"modified":"2026-03-23T14:48:44","modified_gmt":"2026-03-23T13:48:44","slug":"cykeltur-paa-e-bike-smukke-sylt","status":"publish","type":"product","link":"https:\/\/ourstuff.dk\/nl\/product\/cykeltur-paa-e-bike-smukke-sylt\/","title":{"rendered":"E-bike: Smukke Sylt"},"content":{"rendered":"<p>Tag med p\u00e5 en fantastisk cykeloplevelse til den eksklusive \u00f8 Sylt. Vores n\u00f8je planlagte rute, udviklet efter gentagne bes\u00f8g og testk\u00f8rsler, sikrer en oplevelse ud over det s\u00e6dvanlige. Turen starter med en 40-minutters f\u00e6rgesejlads fra Havneby, hvor du kan nyde udsigten over S\u00f8nderstrand og det UNESCO-beskyttede Vadehav.<\/p>\n<p>Ved ankomsten til Sylt f\u00f8lger du den natursk\u00f8nne cykelrute fra List til Westerland, en smuk 38 km str\u00e6kning gennem sandklitter, lyngplantager og idylliske stop undervejs. Westerland byder p\u00e5 en charmerende strandpromenade og eksklusive butikker \u2013 perfekt til en pause.<\/p>\n<p>Vil du forl\u00e6nge turen? K\u00f8r l\u00e6ngere mod nord p\u00e5 hjemturen, oplev Albuen og bes\u00f8g det ikoniske fyrt\u00e5rn. Uanset hvilken rute du v\u00e6lger, er du garanteret en unik oplevelse fyldt med natur, frihed og sk\u00f8nhed. Book din cykeltur til Sylt i dag!<\/p>\n","protected":false},"excerpt":{"rendered":"<p>Oplev en uforglemmelig luksus E-Bike tur p\u00e5 Sylt! Nyd den smuk f\u00e6rgetur fra Havneby, cykl gennem klitter og lynglandskaber, og oplev \u00f8ens charme.<\/p>\n<p>Turen er ca. 38 km og cykles kl. 08-17. Prisen er\u00a0 inkl. f\u00e6rge t\/r og forplejning. Kontakt os efter bestilling, hvis I \u00f8nsker et senere starttidspunkt.<\/p>\n","protected":false},"featured_media":16270,"template":"","meta":{"advanced_seo_description":"","jetpack_seo_html_title":"","jetpack_seo_noindex":false},"product_brand":[],"product_cat":[237,87,83,219,27],"product_tag":[],"class_list":{"0":"post-13051","1":"product","2":"type-product","3":"status-publish","4":"has-post-thumbnail","6":"product_cat-gaver-action-og-outdoor","7":"product_cat-e-bike-bestsellers","8":"product_cat-e-bike-med-spisning","9":"product_cat-e-bike-roemoe","10":"product_cat-oplevelser-e-biketur","12":"first","13":"instock","14":"virtual","15":"sold-individually","16":"taxable","17":"purchasable","18":"product-type-booking"},"booking_location":"","booking_location_type":"","booking_duration":9,"booking_duration_unit":"hour","booking_buffer":0,"booking_cost":849,"booking_resources":[1138],"jetpack_sharing_enabled":true,"_links":{"self":[{"href":"https:\/\/ourstuff.dk\/nl\/wp-json\/wp\/v2\/product\/13051","targetHints":{"allow":["GET"]}}],"collection":[{"href":"https:\/\/ourstuff.dk\/nl\/wp-json\/wp\/v2\/product"}],"about":[{"href":"https:\/\/ourstuff.dk\/nl\/wp-json\/wp\/v2\/types\/product"}],"wp:featuredmedia":[{"embeddable":true,"href":"https:\/\/ourstuff.dk\/nl\/wp-json\/wp\/v2\/media\/16270"}],"wp:attachment":[{"href":"https:\/\/ourstuff.dk\/nl\/wp-json\/wp\/v2\/media?parent=13051"}],"wp:term":[{"taxonomy":"product_brand","embeddable":true,"href":"https:\/\/ourstuff.dk\/nl\/wp-json\/wp\/v2\/product_brand?post=13051"},{"taxonomy":"product_cat","embeddable":true,"href":"https:\/\/ourstuff.dk\/nl\/wp-json\/wp\/v2\/product_cat?post=13051"},{"taxonomy":"product_tag","embeddable":true,"href":"https:\/\/ourstuff.dk\/nl\/wp-json\/wp\/v2\/product_tag?post=13051"}],"curies":[{"name":"wp","href":"https:\/\/api.w.org\/{rel}","templated":true}]}}