{"id":12309,"date":"2025-02-01T09:56:13","date_gmt":"2025-02-01T08:56:13","guid":{"rendered":"https:\/\/ourstuff.dk\/?post_type=product&#038;p=12309"},"modified":"2026-01-20T15:43:48","modified_gmt":"2026-01-20T14:43:48","slug":"strandtur-firmaudflugt-familiearrangement","status":"publish","type":"product","link":"https:\/\/ourstuff.dk\/nl\/product\/strandtur-firmaudflugt-familiearrangement\/","title":{"rendered":"Strandtur &#8211; firmaudflugt eller familiearrangement"},"content":{"rendered":"<p><strong>Udflugten er INKLUSIV:<br \/>\n<\/strong>1. Opstilling af m\u00f8delokale\/telt borde, stole og str\u00f8m<br \/>\n2. Frokost<br \/>\n3. Samt 1 valgfri aktivitet<br \/>\n4. Ekstraordin\u00e6re rammer for kreativitet<br \/>\n5. Adgang til toiletter i n\u00e6rheden<br \/>\n6. Mulighed for ekstra aktiviteter<br \/>\n7. Backup plan<\/p>\n<p><strong>Forslag til 6 timers PROGRAM:*<br \/>\n<\/strong>Kl. 09:45 M\u00f8detidspunkt<br \/>\nKl. 10:00 M\u00f8det starter<br \/>\nKl. 12:00 Hyggelig frokost<br \/>\nKl. 13:00 Aktivitet outdoor 1 (inklusiv)<br \/>\nKl. 14:00 Aktivitet outdoor 2 (eventuelt)<br \/>\nKl. 15:00 M\u00f8de fortsat<br \/>\nKl. 16:00 Afrunding p\u00e5 dagen (evt. forl\u00e6nge dagen med m\u00f8deaktiviteter eller yderligere aktiviteter)<\/p>\n<p><span style=\"font-size: 90%;\">* Der tilbydes altid instrukt\u00f8rer, der taler b\u00e5de dansk og engelsk<\/span><\/p>\n<p>&nbsp;<\/p>\n","protected":false},"excerpt":{"rendered":"<p>En dag ved stranden er en af de bedste m\u00e5der at nyde f\u00e6llesskabet p\u00e5 \u2013 uanset om I er en virksomhed, der vil styrke samarbejdet, eller en familie, der vil skabe minder sammen. Vi s\u00f8rger for alt det praktiske, s\u00e5 I bare kan m\u00f8de op og nyde dagen.<\/p>\n<p>Uanset om det er en teambuilding-dag med kollegaerne eller en hyggelig familiedag, skr\u00e6ddersyr vi jeres strandoplevelse, s\u00e5 I f\u00e5r en dag fyldt med sjov, samv\u00e6r og gode minder. OurStuff arrangerer sjove strandspil, l\u00e6kker mad og underholdning, s\u00e5 I kan slappe af og nyde tiden sammen. Kontakt os i dag, og lad os planl\u00e6gge jeres perfekte strandtur!<\/p>\n","protected":false},"featured_media":12377,"template":"","meta":{"advanced_seo_description":"","jetpack_seo_html_title":"","jetpack_seo_noindex":false},"product_brand":[],"product_cat":[215],"product_tag":[],"class_list":{"0":"post-12309","1":"product","2":"type-product","3":"status-publish","4":"has-post-thumbnail","6":"product_cat-events","8":"first","9":"instock","10":"taxable","11":"shipping-taxable","12":"product-type-b2b_custom_ourstuff"},"booking_location":null,"booking_location_type":null,"booking_duration":null,"booking_duration_unit":null,"booking_buffer":null,"booking_cost":null,"booking_resources":null,"jetpack_sharing_enabled":true,"_links":{"self":[{"href":"https:\/\/ourstuff.dk\/nl\/wp-json\/wp\/v2\/product\/12309","targetHints":{"allow":["GET"]}}],"collection":[{"href":"https:\/\/ourstuff.dk\/nl\/wp-json\/wp\/v2\/product"}],"about":[{"href":"https:\/\/ourstuff.dk\/nl\/wp-json\/wp\/v2\/types\/product"}],"wp:featuredmedia":[{"embeddable":true,"href":"https:\/\/ourstuff.dk\/nl\/wp-json\/wp\/v2\/media\/12377"}],"wp:attachment":[{"href":"https:\/\/ourstuff.dk\/nl\/wp-json\/wp\/v2\/media?parent=12309"}],"wp:term":[{"taxonomy":"product_brand","embeddable":true,"href":"https:\/\/ourstuff.dk\/nl\/wp-json\/wp\/v2\/product_brand?post=12309"},{"taxonomy":"product_cat","embeddable":true,"href":"https:\/\/ourstuff.dk\/nl\/wp-json\/wp\/v2\/product_cat?post=12309"},{"taxonomy":"product_tag","embeddable":true,"href":"https:\/\/ourstuff.dk\/nl\/wp-json\/wp\/v2\/product_tag?post=12309"}],"curies":[{"name":"wp","href":"https:\/\/api.w.org\/{rel}","templated":true}]}}