{"id":12303,"date":"2025-02-01T09:48:29","date_gmt":"2025-02-01T08:48:29","guid":{"rendered":"https:\/\/ourstuff.dk\/?post_type=product&#038;p=12303"},"modified":"2025-11-21T11:12:13","modified_gmt":"2025-11-21T10:12:13","slug":"skovtur-firmaudflugt-event","status":"publish","type":"product","link":"https:\/\/ourstuff.dk\/nl\/product\/skovtur-firmaudflugt-event\/","title":{"rendered":"Skovtur &#8211; firmaudflugt og event"},"content":{"rendered":"<div>Hvorfor skal jeres virksomhed tage p\u00e5 skovtur?<\/div>\n<ul>\n<li>I finder f\u00e6llesskab i naturens ro. En skovtur giver jer en pause fra kontorets fire v\u00e6gge og en mulighed for at styrke relationerne i rolige, afslappende omgivelser. Her er plads til gode samtaler, refleksion og grin under \u00e5ben himmel.<\/li>\n<li>Kan kombineres med teambuilding i det fri. Undervejs p\u00e5 turen kan vi tilf\u00f8je sjove samarbejds\u00f8velser og udfordringer, der kr\u00e6ver kreativitet, kommunikation og teamwork. I vil opleve, hvordan samspillet styrkes, mens I har det sjovt sammen.<\/li>\n<li>Alt er s\u00f8rget for. I skal bare m\u00f8de op! Vi tager os af alt det praktiske, s\u00e5 I kan nyde dagen uden besv\u00e6r. Fra en l\u00e6kker frokost til kaffe og snacks \u2013 vi kan s\u00f8rge for det hele, s\u00e5 ingen g\u00e5r sultne hjem.<\/li>\n<li>I f\u00e5r frisk luft og ny energi. At komme v\u00e6k fra hverdagens travlhed og skifte m\u00f8delokalet ud med skovens friske luft g\u00f8r underv\u00e6rker for b\u00e5de krop og sind. Turen giver en mental reset, hvor I kan tanke ny energi og f\u00e5 fornyet motivation.<\/li>\n<li>Turen kan rundes af med en afslappet stund, hvor gode historier og grin skaber st\u00e6rkere b\u00e5nd i teamet. M\u00e5ske over en kop varm kaffe eller en kold drikkevare p\u00e5 en varm dag.<\/li>\n<li>Fleksibel og skr\u00e6ddersyet l\u00f8sning: vi finder en skov n\u00e6r jer og tilpasser turen, s\u00e5 den passer til jeres behov og \u00f8nsker. Uanset om I vil have en let g\u00e5tur med fokus p\u00e5 samv\u00e6r eller en mere aktiv dag med udfordringer undervejs, s\u00f8rger vi for den rette balance.<\/li>\n<\/ul>\n<div>Tag en dyb ind\u00e5nding. Helt ned i maven. Roen indfinder sig i takt med, at den mundfuld friske luft, der netop er sendt rundt i kroppen, finder vej helt ud i lillet\u00e5en. Det er d\u00e9t naturen og skoven kan \u2013 hj\u00e6lpe os med at finde ro og nulstille, s\u00e5 vi kan vende tilbage til hverdagen med fornyet energi.<\/div>\n<div><\/div>\n<div>Ja, faktisk findes der en s\u00e6rlig terapiform, der tager udgangspunkt i netop skovens magi: skovbadning (Shinrin- Yoku). Alts\u00e5 ikke p\u00e5 den lettere risikable m\u00e5de med at hoppe i en plumret skovs\u00f8, hvor man ikke er sikker p\u00e5, hvad der gemmer sig p\u00e5 bunden. Men badning i sanseindtryk i skoven. Skovens positive virkning p\u00e5 vores helbred og trivsel er s\u00e5 veldokumenteret, at man i Japan rent faktisk kan f\u00e5 skovbadning p\u00e5 recept!<\/div>\n<div><\/div>\n<div>S\u00e5 drop det traditionelle m\u00f8delokale og ryk jeres firmaarrangement ud i skoven! Frisk luft, fuglekvidder og m\u00e5ske en lille dyst om, hvem der kan f\u00e5 vores terr\u00e6ng\u00e5ende racecars hurtigst rundt p\u00e5 en bane \u2013 mulighederne er uendelige.<\/div>\n<div><\/div>\n<div>F\u00e5 boostet kreativiteten med en walk-and-talk, kast jer ud i sjove udfordringer eller nyd et l\u00e6kkert traktement under tr\u00e6kronerne. Ingen PowerPoints, ingen tunge \u00f8jenl\u00e5g \u2013 bare god energi, grin og et team, der kommer t\u00e6ttere p\u00e5 hinanden. Om I \u00f8nsker at udfordre hinanden med samarbejdsopgaver og teambuilding\u00f8velser eller bruge tid p\u00e5 at finde ro og balance, er helt op til jer. Vi kan naturligvis s\u00f8rge for b\u00e5de frokost, kaffe og snacks (ingen grund til at lede efter svampe eller biller i skovbunden&#8230;).<\/div>\n<div><\/div>\n<div>Vi tilpasser arrangementet efter jeres \u00f8nsker, s\u00e5 vi sammen f\u00e5r lavet alletiders skovtur. Og vi finder selvf\u00f8lgelig en skov i n\u00e6rheden af jer.<\/div>\n<div>Skoven kalder \u2013 er I klar?<\/div>\n","protected":false},"excerpt":{"rendered":"<div>En firmaudflugt i skoven er den perfekte kombination af frisk luft, hyggeligt samv\u00e6r og styrket f\u00e6llesskab. Perfekt til virksomheder, der \u00f8nsker en dag, hvor relationer f\u00e5r lov at vokse i naturens rolige omgivelser.<\/div>\n","protected":false},"featured_media":12594,"template":"","meta":{"advanced_seo_description":"","jetpack_seo_html_title":"","jetpack_seo_noindex":false},"product_brand":[],"product_cat":[215],"product_tag":[],"class_list":{"0":"post-12303","1":"product","2":"type-product","3":"status-publish","4":"has-post-thumbnail","6":"product_cat-events","8":"first","9":"instock","10":"taxable","11":"shipping-taxable","12":"product-type-b2b_custom_ourstuff"},"booking_location":null,"booking_location_type":null,"booking_duration":null,"booking_duration_unit":null,"booking_buffer":null,"booking_cost":null,"booking_resources":null,"jetpack_sharing_enabled":true,"_links":{"self":[{"href":"https:\/\/ourstuff.dk\/nl\/wp-json\/wp\/v2\/product\/12303","targetHints":{"allow":["GET"]}}],"collection":[{"href":"https:\/\/ourstuff.dk\/nl\/wp-json\/wp\/v2\/product"}],"about":[{"href":"https:\/\/ourstuff.dk\/nl\/wp-json\/wp\/v2\/types\/product"}],"wp:featuredmedia":[{"embeddable":true,"href":"https:\/\/ourstuff.dk\/nl\/wp-json\/wp\/v2\/media\/12594"}],"wp:attachment":[{"href":"https:\/\/ourstuff.dk\/nl\/wp-json\/wp\/v2\/media?parent=12303"}],"wp:term":[{"taxonomy":"product_brand","embeddable":true,"href":"https:\/\/ourstuff.dk\/nl\/wp-json\/wp\/v2\/product_brand?post=12303"},{"taxonomy":"product_cat","embeddable":true,"href":"https:\/\/ourstuff.dk\/nl\/wp-json\/wp\/v2\/product_cat?post=12303"},{"taxonomy":"product_tag","embeddable":true,"href":"https:\/\/ourstuff.dk\/nl\/wp-json\/wp\/v2\/product_tag?post=12303"}],"curies":[{"name":"wp","href":"https:\/\/api.w.org\/{rel}","templated":true}]}}