{"id":11967,"date":"2025-01-20T15:17:41","date_gmt":"2025-01-20T14:17:41","guid":{"rendered":"https:\/\/ourstuff.dk\/?post_type=product&#038;p=11967"},"modified":"2025-11-21T11:18:44","modified_gmt":"2025-11-21T10:18:44","slug":"glamnic-event-firmaarrangement","status":"publish","type":"product","link":"https:\/\/ourstuff.dk\/nl\/product\/glamnic-event-firmaarrangement\/","title":{"rendered":"Glamnic &#8211; event og firmaarrangement"},"content":{"rendered":"<p>Hvorfor skal I v\u00e6lge en GLAMNIC til jeres n\u00e6ste firmaarrangement eller event?<\/p>\n<ul>\n<li>I f\u00e5r den ultimative luksus-picnic uden besv\u00e6ret. Glem alt om selv at skulle huske t\u00e6pper, madkurve og service. Med vores GLAMNIC f\u00e5r I en stilfuld og gennemf\u00f8rt picnic-oplevelse, hvor vi s\u00f8rger for det hele. I skal bare m\u00f8de op og nyde det.<\/li>\n<li>Nyd en naturoplevelse med et strejf af luksus. Find den bedste udsigt i n\u00e6romr\u00e5det, slap af under \u00e5ben himmel, og oplev en picnic, der kombinerer hygge med restaurantstemning uden at skulle bestille bord.<\/li>\n<li>V\u00e6lg mellem brunch, tapas eller kaffe og kage \u2013 alt i topkvalitet. Vi serverer l\u00e6kre retter, perfekt sammensat til en afslappet, men luksuri\u00f8s udend\u00f8rs oplevelse. En smagsoplevelse, der matcher omgivelserne.<\/li>\n<li>Mobil og fleksibel: v\u00e6lg din dr\u00f8mmeplacering. Om det er en skovlysning, en park, en strand eller en bakke med udsigt. I f\u00e5r en picnic-restaurant lige d\u00e9r, hvor det giver bedst mening for jer.<\/li>\n<li>Giv jer selv en afslappende pause fra hverdagen. I en travl arbejdsdag eller efter en intens teambuilding-session er GLAMNIC den perfekte m\u00e5de at koble af p\u00e5, nyde hinandens selskab og lade op med god mad i smukke omgivelser.<\/li>\n<li>Kan fungere som en alternativ frokostpause under en teambuilding-dag. Efter en sjov og aktiv formiddag (f.eks. Segway eller strandsurfing), er der intet bedre end at s\u00e6tte sig ned i de komfortable stole og nyde en velfortjent frokost tapas.<\/li>\n<li>Brug GLAMNIC som et unikt socialt event. Perfekt til en afslappet firmaudflugt, sommerfest eller fejring af en s\u00e6rlig milep\u00e6l, hvor I gerne vil g\u00f8re noget anderledes og mindev\u00e6rdigt.<\/li>\n<li>Kan nemt kombineres med andre oplevelser. Start dagen med en cykeltur p\u00e5 luksus elcykler, afslut den med GLAMNIC, eller g\u00f8r det til en del af en st\u00f8rre oplevelsesdag, hvor I b\u00e5de f\u00e5r action og afslapning.<\/li>\n<\/ul>\n<p>GLAMNIC er meget mere end bare en picnic. Det er en komplet pakke, der giver jer mulighed for at sl\u00e5 udstyr op p\u00e5 f\u00e5 minutter og nyde naturen p\u00e5 en glamour\u00f8s m\u00e5de. Inviter dine kollegaer eller n\u00e6rmeste med, og lad os tage os af resten! Skal menuen st\u00e5 p\u00e5 brunch? Tapas? Eller kaffe og kage? Det er helt op til jer.<\/p>\n","protected":false},"excerpt":{"rendered":"<div>GLAMNIC er ikke bare en picnic \u2013 det er en sanselig oplevelse af natur, smag og hygge p\u00e5 h\u00f8jeste niveau. Perfekt til virksomheder, der \u00f8nsker at fork\u00e6le medarbejderne med noget unikt, afslappende og helt igennem l\u00e6kkert. V\u00e6lg jeres dr\u00f8mmeplacering: GLAMNIC er fleksibel og kan arrangeres p\u00e5 de steder, der betyder mest for jer. M\u00e5ske \u00f8nsker I at holde det i en malerisk park eller under tr\u00e6ernes kroner? Uanset hvor I v\u00e6lger at placere jeres GLAMNIC, sikrer vi, at det bliver en uforglemmelig oplevelse.<\/div>\n","protected":false},"featured_media":12345,"template":"","meta":{"advanced_seo_description":"","jetpack_seo_html_title":"","jetpack_seo_noindex":false},"product_brand":[],"product_cat":[214],"product_tag":[],"class_list":{"0":"post-11967","1":"product","2":"type-product","3":"status-publish","4":"has-post-thumbnail","6":"product_cat-oplev-vores-nyheder-med-dine-kollegaer-eller-gruppe-kan-sammensaettes-som-du-oensker","8":"first","9":"instock","10":"taxable","11":"shipping-taxable","12":"product-type-b2b_custom_ourstuff"},"booking_location":null,"booking_location_type":null,"booking_duration":null,"booking_duration_unit":null,"booking_buffer":null,"booking_cost":null,"booking_resources":null,"jetpack_sharing_enabled":true,"_links":{"self":[{"href":"https:\/\/ourstuff.dk\/nl\/wp-json\/wp\/v2\/product\/11967","targetHints":{"allow":["GET"]}}],"collection":[{"href":"https:\/\/ourstuff.dk\/nl\/wp-json\/wp\/v2\/product"}],"about":[{"href":"https:\/\/ourstuff.dk\/nl\/wp-json\/wp\/v2\/types\/product"}],"wp:featuredmedia":[{"embeddable":true,"href":"https:\/\/ourstuff.dk\/nl\/wp-json\/wp\/v2\/media\/12345"}],"wp:attachment":[{"href":"https:\/\/ourstuff.dk\/nl\/wp-json\/wp\/v2\/media?parent=11967"}],"wp:term":[{"taxonomy":"product_brand","embeddable":true,"href":"https:\/\/ourstuff.dk\/nl\/wp-json\/wp\/v2\/product_brand?post=11967"},{"taxonomy":"product_cat","embeddable":true,"href":"https:\/\/ourstuff.dk\/nl\/wp-json\/wp\/v2\/product_cat?post=11967"},{"taxonomy":"product_tag","embeddable":true,"href":"https:\/\/ourstuff.dk\/nl\/wp-json\/wp\/v2\/product_tag?post=11967"}],"curies":[{"name":"wp","href":"https:\/\/api.w.org\/{rel}","templated":true}]}}