{"id":119,"date":"2023-11-05T17:41:11","date_gmt":"2023-11-05T15:41:11","guid":{"rendered":"https:\/\/shop.ourstuff.dk\/product\/tagtelt-inkl-300-km\/"},"modified":"2026-03-25T18:22:28","modified_gmt":"2026-03-25T17:22:28","slug":"tagtelt-inkl-300-km","status":"publish","type":"product","link":"https:\/\/ourstuff.dk\/nl\/product\/tagtelt-inkl-300-km\/","title":{"rendered":"2 dage med 300 km i lejebil"},"content":{"rendered":"<p><span style=\"color: #000000;\"><strong><u>REMTIDENS REJSER \u2013 KVALITETSUDSTYR \u2013 NATUROPLEVELSE<\/u><\/strong><\/span><br \/>\n<span style=\"color: #000000;\">Luksus i naturen for alle<\/span><\/p>\n<p><span style=\"color: #000000;\"><strong>\ud83c\udf10\u00a0Opdag Danmarks spektakul\u00e6re natur efter eget valg<\/strong><\/span><\/p>\n<p><span style=\"color: #000000;\"><strong>\ud83d\udd53 2 dage\u00a0<\/strong><\/span><\/p>\n<p><span style=\"color: #000000;\"><strong>\u26fa\u00a0Kombination af flotte sev\u00e6rdigheder og luksus tagtelt<\/strong><\/span><\/p>\n<p><span style=\"color: #000000;\"><strong>\ud83d\udeb2\u00a0Kvalitetsudstyr i form af luksus tagtelt, mini udek\u00f8kken, linned m.m.<\/strong><\/span><\/p>\n<p><span style=\"color: #000000;\"><strong>\ud83d\ude97\u00a0Giv denne k\u00f8r selv rejse sp\u00e6kket med luksus natur oplevelser<\/strong><\/span><\/p>\n<p><span style=\"color: #000000;\"><strong>\ud83c\udf33 OurStuff donerer 1 tr\u00e6 pr. booking til en dansk skov<\/strong><\/span><\/p>\n<p><span style=\"color: #000000;\">Vil du udforske Danmark med fuld frihed? S\u00e5 v\u00e6lg en k\u00f8r-selv-ferie, hvor du helt selv kan planl\u00e6gge din tur, som du har lyst til.<\/span><\/p>\n<p><span style=\"color: #000000;\">Danmark har s\u00e5 mange sp\u00e6ndende naturoplevelser at byde p\u00e5, og det er n\u00e6sten kan fantasien der s\u00e6tter gr\u00e6nser for hvad du kan opleve.<\/span><\/p>\n<p><span style=\"color: #000000;\">Vi stiller noget at det meste l\u00e6kre udstyr til r\u00e5dighed og s\u00e5 er det blot op til dig, hvor du gerne vil hen. Du kommer med egen bil og tagb\u00f8jler monteret p\u00e5 din bil.<\/span><\/p>\n","protected":false},"excerpt":{"rendered":"<p><span style=\"color: #000000;\">Opdag FREMTIDENS REJSER med luksus i naturen for alle. V\u00e6lg en k\u00f8r-selv-ferie i Danmark og udforsk spektakul\u00e6re naturoplevelser efter eget valg. Med vores kvalitetsudstyr, herunder luksus tagtelte, mini udek\u00f8kken og linned, skaber du din egen naturoase. Oplev Danmarks sk\u00f8nhed i luksus og frihed. Passer til alle biler hvor der er tagb\u00f8jler. Udlevering sker i Aarhus<\/span><\/p>\n","protected":false},"featured_media":2060,"template":"","meta":{"advanced_seo_description":"","jetpack_seo_html_title":"","jetpack_seo_noindex":false},"product_brand":[],"product_cat":[21],"product_tag":[],"class_list":{"0":"post-119","1":"product","2":"type-product","3":"status-publish","4":"has-post-thumbnail","6":"product_cat-oplevelser-tagtelt","8":"first","9":"instock","10":"virtual","11":"sold-individually","12":"taxable","13":"purchasable","14":"product-type-booking"},"booking_location":"","booking_location_type":"","booking_duration":1,"booking_duration_unit":"day","booking_buffer":0,"booking_cost":99,"booking_resources":[],"jetpack_sharing_enabled":true,"_links":{"self":[{"href":"https:\/\/ourstuff.dk\/nl\/wp-json\/wp\/v2\/product\/119","targetHints":{"allow":["GET"]}}],"collection":[{"href":"https:\/\/ourstuff.dk\/nl\/wp-json\/wp\/v2\/product"}],"about":[{"href":"https:\/\/ourstuff.dk\/nl\/wp-json\/wp\/v2\/types\/product"}],"wp:featuredmedia":[{"embeddable":true,"href":"https:\/\/ourstuff.dk\/nl\/wp-json\/wp\/v2\/media\/2060"}],"wp:attachment":[{"href":"https:\/\/ourstuff.dk\/nl\/wp-json\/wp\/v2\/media?parent=119"}],"wp:term":[{"taxonomy":"product_brand","embeddable":true,"href":"https:\/\/ourstuff.dk\/nl\/wp-json\/wp\/v2\/product_brand?post=119"},{"taxonomy":"product_cat","embeddable":true,"href":"https:\/\/ourstuff.dk\/nl\/wp-json\/wp\/v2\/product_cat?post=119"},{"taxonomy":"product_tag","embeddable":true,"href":"https:\/\/ourstuff.dk\/nl\/wp-json\/wp\/v2\/product_tag?post=119"}],"curies":[{"name":"wp","href":"https:\/\/api.w.org\/{rel}","templated":true}]}}