{"id":1159,"date":"2024-03-12T17:01:41","date_gmt":"2024-03-12T16:01:41","guid":{"rendered":"https:\/\/shop.ourstuff.dk\/?post_type=product&#038;p=1159"},"modified":"2025-11-17T16:08:56","modified_gmt":"2025-11-17T15:08:56","slug":"vandretur-3-dage","status":"publish","type":"product","link":"https:\/\/ourstuff.dk\/nl\/product\/vandretur-3-dage\/","title":{"rendered":"VANDRETUR 3 DAGE"},"content":{"rendered":"<p><span style=\"color: #000000;\"><strong><u>TELTTUR\u00a0\u2013 LETV\u00c6GTS KVALITETSUDSTYR \u2013 NATUROPLEVELSE<\/u><\/strong><\/span><br \/>\n<span style=\"color: #000000;\">Nyd naturen i jeres eget tempo<\/span><\/p>\n<p><span style=\"color: #000000;\"><strong>\ud83c\udf10 <span style=\"font-size: 100%;\">Det er kun fantasien der s\u00e6tter gr\u00e6nser. Udlevering sker i Aarhus.<\/span><\/strong><\/span><\/p>\n<p><span style=\"font-size: 100%; color: #000000;\"><strong>\ud83d\udd53 3 dage\u00a0<\/strong><\/span><\/p>\n<p><span style=\"font-size: 100%; color: #000000;\"><strong>\ud83c\udfcb\ufe0f\u200d\u2640\ufe0f \u00d8vet i at sove i telt i 3 dage.<\/strong><\/span><\/p>\n<p><span style=\"font-size: 100%; color: #000000;\"><strong>\ud83c\udfc4\u200d\u2642\ufe0f Opdag Danmarks eller Europas spektakul\u00e6re natur efter eget valg<\/strong><\/span><\/p>\n<p><span style=\"font-size: 100%; color: #000000;\"><strong>\ud83d\udeb2\u00a0<\/strong><strong>ALT grej er s\u00f8rget for. Telt, soveposer, liggeunderlag, trangia, stole m.m.<\/strong><\/span><\/p>\n<p><span style=\"font-size: 100%; color: #000000;\"><strong>\u26fa B\u00e6redygtigt og letv\u00e6gts kvalitetsudstyr fra danske NORDISK<\/strong><\/span><\/p>\n<p><span style=\"font-size: 100%; color: #000000;\"><strong>\ud83c\udf33\u00a0OurStuff donerer 1 tr\u00e6 pr. booking til en dansk skov<\/strong><\/span><\/p>\n<p><span style=\"font-size: 100%; color: #000000;\"><strong>\ud83d\udccd\u00a0<\/strong><strong>Vi kommer med forslag til ruter, s\u00e5 I bare skal huske jer selv<\/strong><\/span><\/p>\n<p><span style=\"color: #000000;\">Tag p\u00e5 en uforglemmelig vandretur i hverdag eller weekend og oplev naturen i sin mest betagende form. Hos OurStuff.dk har vi s\u00f8rget for ALT det n\u00f8dvendige grej, s\u00e5 du kan slippe v\u00e6k fra hverdagens stress og jag og virkelig nyde udelivet i selskab med nogle du holder af.<\/span><\/p>\n<p><span style=\"color: #000000;\">Vores komplette letv\u00e6gtspakke indeholder alt, hvad du beh\u00f8ver for at skabe magiske \u00f8jeblikke i naturen. Et letv\u00e6gts vandretelt p\u00e5 1700 gram, der giver dig mulighed for at v\u00e5gne op til spektakul\u00e6re udsigter (Teltet er et 3 personers telt, for at sikre, at I f\u00e5r en god natss\u00f8vn). Soveposer, indersoveposer og liggeunderlag, der sikrer, at du sover komfortabelt og v\u00e5gner frisk og veludhvilet. Rygs\u00e6kke, der er designet til at lette din byrde og give dig frihed til at udforske. Trangia, som lader dig tilberede velsmagende m\u00e5ltider midt i den vilde natur. Stole, hvor du kan slappe af og nyde solnedgangen, og skraldeposer til at holde naturen ren og beskytte dens sk\u00f8nhed.<\/span><\/p>\n<p><span style=\"color: #000000;\">Denne oplevelse er skr\u00e6ddersyet til at lade dig opleve naturens bedste side. Fra marts til november (eller om vinteren, hvis du \u00f8nsker det) kan du udforske de smukkeste naturlandskaber og skabe minder, der varer livet ud. Vores ekstremt lette grej, g\u00f8r\u00a0det nemt for dig at vandre gennem imponerende nationalparker, ved de fortryllende danske s\u00f8er eller dybt ind i de majest\u00e6tiske skove, der i Danmark str\u00e6kker sig over 625.000 hektar.<\/span><\/p>\n<p><span style=\"color: #000000;\">I rullemenuen giver vi forslag til steder, som er oplagte til en 3 dages vandre-\/ekspeditionstur, eksempelvis Mols Bjerge. V\u00e6lger du en af forslagene, s\u00e5 skal du n\u00e6sten kun s\u00f8rge for tandb\u00f8rsten selv, alt andet er der styr p\u00e5.<\/span><\/p>\n<p><span style=\"color: #000000;\">Udstyret er fra det danske b\u00e6redygtige brand, Nordiske. De er anerkendt med utallige priser, herunder ISPO Award, Reddot Award, Scandinavian Outdoor Award, European Product Design Award og mange flere. Deres produkter er skabt til at modst\u00e5 strabadserne ved udend\u00f8rslivet og er fremstillet af de bedste og letteste materialer.<\/span><\/p>\n<p><span style=\"color: #000000;\">Saml dine venner, partner eller din lille familie og lad os tage os af det praktiske. Vi har t\u00e6nkt p\u00e5 alt, s\u00e5 du kan koncentrere dig om at skabe uforglemmelige \u00f8jeblikke og opleve naturens \u00e6refrygtindgydende sk\u00f8nhed. Hos OurStuff.dk handler det om at nyde det bedste fra naturen, slappe af og skabe minder sammen med dem, du holder af.<\/span><\/p>\n<p><span style=\"color: #000000;\">V\u00e6r klar til en weekend fuld af eventyr og dyrebare \u00f8jeblikke i naturens favn. Dette er din chance for at komme v\u00e6k fra hverdagen, genoplade dine batterier og opdage, hvor meget du kan nyde udelivet, n\u00e5r du er omgivet gode mennesker.<\/span><\/p>\n<p><span style=\"color: #000000;\">Naturen og udstyret er noget vi deler med hinanden, derfor h\u00e5ber og forventer vi, at alle vores g\u00e6ster vil behandle begge dele med respekt, s\u00e5 andre ogs\u00e5 kan f\u00e5 nogle gode oplevelser.<\/span><\/p>\n","protected":false},"excerpt":{"rendered":"<p><span style=\"color: #000000;\">Oplev den danske natur helt t\u00e6t p\u00e5, g\u00e5 og overnat i naturen med denne pakke. N\u00e6sten alt hvad du skal bruge er klar til dig.\u00a0<\/span><\/p>\n","protected":false},"featured_media":1395,"template":"","meta":{"advanced_seo_description":"","jetpack_seo_html_title":"","jetpack_seo_noindex":false},"product_brand":[],"product_cat":[109,91,90,26],"product_tag":[],"class_list":{"0":"post-1159","1":"product","2":"type-product","3":"status-publish","4":"has-post-thumbnail","6":"product_cat-gaver-overnatning","7":"product_cat-vandretur-bestsellers","8":"product_cat-vandreture-paa-egen-haand","9":"product_cat-vandretur","11":"first","12":"instock","13":"virtual","14":"sold-individually","15":"taxable","16":"purchasable","17":"product-type-booking"},"booking_location":"","booking_location_type":"","booking_duration":3,"booking_duration_unit":"day","booking_buffer":0,"booking_cost":0,"booking_resources":[],"jetpack_sharing_enabled":true,"_links":{"self":[{"href":"https:\/\/ourstuff.dk\/nl\/wp-json\/wp\/v2\/product\/1159","targetHints":{"allow":["GET"]}}],"collection":[{"href":"https:\/\/ourstuff.dk\/nl\/wp-json\/wp\/v2\/product"}],"about":[{"href":"https:\/\/ourstuff.dk\/nl\/wp-json\/wp\/v2\/types\/product"}],"wp:featuredmedia":[{"embeddable":true,"href":"https:\/\/ourstuff.dk\/nl\/wp-json\/wp\/v2\/media\/1395"}],"wp:attachment":[{"href":"https:\/\/ourstuff.dk\/nl\/wp-json\/wp\/v2\/media?parent=1159"}],"wp:term":[{"taxonomy":"product_brand","embeddable":true,"href":"https:\/\/ourstuff.dk\/nl\/wp-json\/wp\/v2\/product_brand?post=1159"},{"taxonomy":"product_cat","embeddable":true,"href":"https:\/\/ourstuff.dk\/nl\/wp-json\/wp\/v2\/product_cat?post=1159"},{"taxonomy":"product_tag","embeddable":true,"href":"https:\/\/ourstuff.dk\/nl\/wp-json\/wp\/v2\/product_tag?post=1159"}],"curies":[{"name":"wp","href":"https:\/\/api.w.org\/{rel}","templated":true}]}}