{"id":906,"date":"2024-03-10T14:04:26","date_gmt":"2024-03-10T13:04:26","guid":{"rendered":"https:\/\/shop.ourstuff.dk\/bedrijfsevenementen\/"},"modified":"2024-05-13T14:31:17","modified_gmt":"2024-05-13T12:31:17","slug":"bedrijfsevenementen","status":"publish","type":"page","link":"https:\/\/ourstuff.dk\/nl\/bedrijfsevenementen\/","title":{"rendered":"Bedrijfsevenementen"},"content":{"rendered":"\n<div class=\"slider-wrapper relative\" id=\"slider-1908931531\" >\n    <div class=\"slider slider-nav-circle slider-nav-large slider-nav-light slider-style-focus\"\n        data-flickity-options='{\n            \"cellAlign\": \"center\",\n            \"imagesLoaded\": true,\n            \"lazyLoad\": 1,\n            \"freeScroll\": false,\n            \"wrapAround\": true,\n            \"autoPlay\": 6000,\n            \"pauseAutoPlayOnHover\" : true,\n            \"prevNextButtons\": true,\n            \"contain\" : true,\n            \"adaptiveHeight\" : true,\n            \"dragThreshold\" : 10,\n            \"percentPosition\": true,\n            \"pageDots\": false,\n            \"rightToLeft\": false,\n            \"draggable\": true,\n            \"selectedAttraction\": 0.1,\n            \"parallax\" : 5,\n            \"friction\": 0.6        }'\n        >\n        \n\n\n  <div class=\"banner has-hover\" id=\"banner-743368926\">\n          <div class=\"banner-inner fill\">\n        <div class=\"banner-bg fill\" >\n            <img loading=\"lazy\" decoding=\"async\" width=\"1020\" height=\"563\" src=\"https:\/\/ourstuff.dk\/wp-content\/uploads\/event1-1024x565.webp\" class=\"bg attachment-large size-large\" alt=\"\" \/>                        <div class=\"overlay\"><\/div>            \n                    <\/div>\n\t\t\n        <div class=\"banner-layers container\">\n            <div class=\"fill banner-link\"><\/div>            \n\n   <div id=\"text-box-1581533255\" class=\"text-box banner-layer x5 md-x5 lg-x5 y5 md-y5 lg-y5 res-text\">\n                     <div data-animate=\"fadeInRight\">           <div class=\"text-box-content text \">\n              \n              <div class=\"text-inner text-left\">\n                  \n\n\t<div id=\"text-216007021\" class=\"text\">\n\t\t\n\n<h1>OurStuff firma- og gruppeevents<\/h1>\n<h3 class=\"alt-font\">Oplevelser man lige glemmer<\/h3>\n\n\t\t\n<style>\n#text-216007021 {\n  text-align: left;\n  color: rgb(22, 64, 81);\n}\n#text-216007021 > * {\n  color: rgb(22, 64, 81);\n}\n<\/style>\n\t<\/div>\n\t\n\n              <\/div>\n           <\/div>\n       <\/div>                     \n<style>\n#text-box-1581533255 {\n  width: 60%;\n}\n#text-box-1581533255 .text-box-content {\n  font-size: 100%;\n}\n@media (min-width:550px) {\n  #text-box-1581533255 {\n    width: 47%;\n  }\n}\n<\/style>\n    <\/div>\n \n\n        <\/div>\n      <\/div>\n\n            \n<style>\n#banner-743368926 {\n  padding-top: 500px;\n  background-color: rgb(255, 255, 255);\n}\n#banner-743368926 .overlay {\n  background-color: rgba(190, 190, 190, 0.2);\n}\n<\/style>\n  <\/div>\n\n\n\n  <div class=\"banner has-hover\" id=\"banner-278918724\">\n          <div class=\"banner-inner fill\">\n        <div class=\"banner-bg fill\" >\n            <img loading=\"lazy\" decoding=\"async\" width=\"1020\" height=\"563\" src=\"https:\/\/ourstuff.dk\/wp-content\/uploads\/event3-1024x565.webp\" class=\"bg attachment-large size-large\" alt=\"\" \/>                        <div class=\"overlay\"><\/div>            \n                    <\/div>\n\t\t\n        <div class=\"banner-layers container\">\n            <div class=\"fill banner-link\"><\/div>            \n\n   <div id=\"text-box-28491626\" class=\"text-box banner-layer x5 md-x5 lg-x5 y5 md-y5 lg-y5 res-text\">\n                     <div data-animate=\"fadeInRight\">           <div class=\"text-box-content text \">\n              \n              <div class=\"text-inner text-left\">\n                  \n\n\t<div id=\"text-2935925396\" class=\"text\">\n\t\t\n\n<h1>Vores firma- og gruppeevents<\/h1>\n<h3 class=\"alt-font\">En oplevelse man ikke lige glemmer<\/h3>\n\t\t\n<style>\n#text-2935925396 {\n  text-align: left;\n  color: rgb(22, 64, 81);\n}\n#text-2935925396 > * {\n  color: rgb(22, 64, 81);\n}\n<\/style>\n\t<\/div>\n\t\n\n              <\/div>\n           <\/div>\n       <\/div>                     \n<style>\n#text-box-28491626 {\n  width: 60%;\n}\n#text-box-28491626 .text-box-content {\n  font-size: 100%;\n}\n@media (min-width:550px) {\n  #text-box-28491626 {\n    width: 47%;\n  }\n}\n<\/style>\n    <\/div>\n \n\n        <\/div>\n      <\/div>\n\n            \n<style>\n#banner-278918724 {\n  padding-top: 500px;\n  background-color: rgb(255, 255, 255);\n}\n#banner-278918724 .overlay {\n  background-color: rgba(190, 190, 190, 0.2);\n}\n<\/style>\n  <\/div>\n\n\n\n  <div class=\"banner has-hover\" id=\"banner-840666046\">\n          <div class=\"banner-inner fill\">\n        <div class=\"banner-bg fill\" >\n            <img loading=\"lazy\" decoding=\"async\" width=\"1020\" height=\"563\" src=\"https:\/\/ourstuff.dk\/wp-content\/uploads\/event5-1024x565.webp\" class=\"bg attachment-large size-large\" alt=\"\" \/>                        <div class=\"overlay\"><\/div>            \n                    <\/div>\n\t\t\n        <div class=\"banner-layers container\">\n            <div class=\"fill banner-link\"><\/div>            \n\n   <div id=\"text-box-2142288246\" class=\"text-box banner-layer x5 md-x5 lg-x5 y5 md-y5 lg-y5 res-text\">\n                     <div data-animate=\"fadeInRight\">           <div class=\"text-box-content text \">\n              \n              <div class=\"text-inner text-left\">\n                  \n\n\t<div id=\"text-2267230617\" class=\"text\">\n\t\t\n\n<h1>Vores firma- og gruppeevents<\/h1>\n<h3 class=\"alt-font\">En oplevelse man ikke lige glemmer<\/h3>\n\t\t\n<style>\n#text-2267230617 {\n  text-align: left;\n  color: rgb(22, 64, 81);\n}\n#text-2267230617 > * {\n  color: rgb(22, 64, 81);\n}\n<\/style>\n\t<\/div>\n\t\n\n              <\/div>\n           <\/div>\n       <\/div>                     \n<style>\n#text-box-2142288246 {\n  width: 60%;\n}\n#text-box-2142288246 .text-box-content {\n  font-size: 100%;\n}\n@media (min-width:550px) {\n  #text-box-2142288246 {\n    width: 47%;\n  }\n}\n<\/style>\n    <\/div>\n \n\n        <\/div>\n      <\/div>\n\n            \n<style>\n#banner-840666046 {\n  padding-top: 500px;\n  background-color: rgb(255, 255, 255);\n}\n#banner-840666046 .overlay {\n  background-color: rgba(190, 190, 190, 0.2);\n}\n<\/style>\n  <\/div>\n\n\n\n     <\/div>\n\n     <div class=\"loading-spin dark large centered\"><\/div>\n\n\t<\/div>\n\n\n\n\t<section class=\"section\" id=\"section_965468080\">\n\t\t<div class=\"section-bg fill\" >\n\t\t\t<img loading=\"lazy\" decoding=\"async\" width=\"1024\" height=\"576\" src=\"https:\/\/ourstuff.dk\/wp-content\/uploads\/4294825692-19.jpg\" class=\"bg attachment- size-\" alt=\"\" \/>\t\t\t\t\t\t<div class=\"section-bg-overlay absolute fill\"><\/div>\n\t\t\t\n\n\t\t<\/div>\n\n\t\t\n\n\t\t<div class=\"section-content relative\">\n\t\t\t\n\n<div class=\"row\"  id=\"row-1520639859\">\n\n\n\t<div id=\"col-23998774\" class=\"col medium-12 small-12 large-12\"  >\n\t\t\t\t<div class=\"col-inner text-center\"  >\n\t\t\t\n\t\t\t\n\n<div class=\"row\"  id=\"row-1795660140\">\n\n\n\t<div id=\"col-1371012970\" class=\"col medium-8 small-12 large-5\"  >\n\t\t\t\t<div class=\"col-inner text-center dark\"  >\n\t\t\t\n\t\t\t\n\n\t<div id=\"gap-1649173192\" class=\"gap-element clearfix\" style=\"display:block; height:auto;\">\n\t\t\n<style>\n#gap-1649173192 {\n  padding-top: 50px;\n}\n<\/style>\n\t<\/div>\n\t\n\n<h1><span style=\"color: #ffffff; font-size: 140%;\">Our Customers<\/span><\/h1>\n<p>Lorem ipsum dolor sit amet, consectetuer.<\/p>\n\n\t\t<\/div>\n\t\t\t\t\n<style>\n#col-1371012970 > .col-inner {\n  margin: 0px 0px -38px 0px;\n}\n<\/style>\n\t<\/div>\n\n\t\n\n<\/div>\n<div class=\"slider-wrapper relative\" id=\"slider-1370691040\" >\n    <div class=\"slider slider-nav-simple slider-nav-normal slider-nav-light slider-nav-outside slider-style-focus slider-show-nav\"\n        data-flickity-options='{\n            \"cellAlign\": \"center\",\n            \"imagesLoaded\": true,\n            \"lazyLoad\": 1,\n            \"freeScroll\": true,\n            \"wrapAround\": true,\n            \"autoPlay\": 4000,\n            \"pauseAutoPlayOnHover\" : false,\n            \"prevNextButtons\": true,\n            \"contain\" : true,\n            \"adaptiveHeight\" : true,\n            \"dragThreshold\" : 10,\n            \"percentPosition\": true,\n            \"pageDots\": false,\n            \"rightToLeft\": false,\n            \"draggable\": true,\n            \"selectedAttraction\": 0.1,\n            \"parallax\" : 0,\n            \"friction\": 0.6        }'\n        >\n        \n\n<div class=\"ux-logo has-hover align-middle ux_logo inline-block\" style=\"max-width: 100%!important; width: auto!important\"><div class=\"ux-logo-link block image-\" title=\"\" href=\"\" style=\"padding: 15px;\"><img decoding=\"async\" src=\"\" title=\"\" alt=\"\" class=\"ux-logo-image block\" style=\"height:100px;\" \/><\/div><\/div>\n\n<div class=\"ux-logo has-hover align-middle ux_logo inline-block\" style=\"max-width: 100%!important; width: auto!important\"><div class=\"ux-logo-link block image-\" title=\"\" href=\"\" style=\"padding: 15px;\"><img decoding=\"async\" src=\"\" title=\"\" alt=\"\" class=\"ux-logo-image block\" style=\"height:100px;\" \/><\/div><\/div>\n\n<div class=\"ux-logo has-hover align-middle ux_logo inline-block\" style=\"max-width: 100%!important; width: auto!important\"><div class=\"ux-logo-link block image-\" title=\"\" href=\"\" style=\"padding: 15px;\"><img decoding=\"async\" src=\"\" title=\"\" alt=\"\" class=\"ux-logo-image block\" style=\"height:100px;\" \/><\/div><\/div>\n\n<div class=\"ux-logo has-hover align-middle ux_logo inline-block\" style=\"max-width: 100%!important; width: auto!important\"><div class=\"ux-logo-link block image-\" title=\"\" href=\"\" style=\"padding: 15px;\"><img decoding=\"async\" src=\"\" title=\"\" alt=\"\" class=\"ux-logo-image block\" style=\"height:100px;\" \/><\/div><\/div>\n\n<div class=\"ux-logo has-hover align-middle ux_logo inline-block\" style=\"max-width: 100%!important; width: auto!important\"><div class=\"ux-logo-link block image-\" title=\"\" href=\"\" style=\"padding: 15px;\"><img decoding=\"async\" src=\"\" title=\"\" alt=\"\" class=\"ux-logo-image block\" style=\"height:100px;\" \/><\/div><\/div>\n\n<div class=\"ux-logo has-hover align-middle ux_logo inline-block\" style=\"max-width: 100%!important; width: auto!important\"><div class=\"ux-logo-link block image-\" title=\"\" href=\"\" style=\"padding: 15px;\"><img decoding=\"async\" src=\"\" title=\"\" alt=\"\" class=\"ux-logo-image block\" style=\"height:100px;\" \/><\/div><\/div>\n\n\n     <\/div>\n\n     <div class=\"loading-spin dark large centered\"><\/div>\n\n\t<\/div>\n\n\n\n\t\t<\/div>\n\t\t\t\t\t<\/div>\n\n\t\n\n<\/div>\n\n\t\t<\/div>\n\n\t\t\n<style>\n#section_965468080 {\n  padding-top: 40px;\n  padding-bottom: 40px;\n}\n#section_965468080 .section-bg-overlay {\n  background-color: rgba(43, 121, 113, 0.87);\n}\n#section_965468080 .section-bg img {\n  object-position: 57% 71%;\n}\n<\/style>\n\t<\/section>\n\t\n<div class=\"video video-fit mb\" style=\"padding-top:56%;\">https:\/\/www.youtube.com\/watch?v=R8WXuBv574A&#038;ab_channel=OurStuff<\/div>\n\n\n\t<section class=\"section\" id=\"section_1952707013\">\n\t\t<div class=\"section-bg fill\" >\n\t\t\t\t\t\t\t\t\t\n\t\t\t\n\t<div class=\"is-border\"\n\t\tstyle=\"border-color:rgb(235, 235, 235);border-width:1px 0px 0px 0px;\">\n\t<\/div>\n\n\t\t<\/div>\n\n\t\t\n\n\t\t<div class=\"section-content relative\">\n\t\t\t\n\n\t<div id=\"text-2717422769\" class=\"text\">\n\t\t\n\n<h1>Lad OurStuff arrangere jeres firma- og gruppeevent\u00a0<\/h1>\n\n\t\t\n<style>\n#text-2717422769 {\n  font-size: 1.5rem;\n  color: rgb(255, 255, 255);\n}\n#text-2717422769 > * {\n  color: rgb(255, 255, 255);\n}\n<\/style>\n\t<\/div>\n\t\n<div class=\"row row-large align-center\"  id=\"row-694838348\">\n\n\n\t<div id=\"col-2059947106\" class=\"col medium-6 small-12 large-6\"  >\n\t\t\t\t<div class=\"col-inner text-center dark\"  >\n\t\t\t\n\t\t\t\n\n\t<div id=\"text-599870277\" class=\"text\">\n\t\t\n\n<p>St\u00e5r du og skal arrangere et event\/firmaarrangement, s\u00e5 kast bolden over til os, og lad os i samarbejde finde en l\u00f8sning, som vi med sikkerhed kan sige giver en oplevelse.<\/p>\n<p>Vi har mere end 23 \u00e5rs erfaring med at arrangere events til st\u00f8rre forsamlinger. Vi tager med ud og guide jer gennem dagen, s\u00e5 du skal ikke andet end at nyde oplevelsen sammen dine venner, familie eller kollegaer.<\/p>\n<p><strong>Vi laver arrangementer I hele Danmark. Enten p\u00e5 vores foretrukne legepladser, eller p\u00e5 jeres beliggenhed.\u00a0<\/strong><\/p>\n<p><strong>F\u00e5 et uforpligtende tilbud &#8211; Ring p\u00e5 +45 27 20 90 20 eller skriv p\u00e5 info@ourstuff.dk<\/strong><\/p>\n<p>Vi vil gerne sammen med dig\/I planl\u00e6gge den perfekte dag, som der kan snakkes om, fort\u00e6lles videre og mindes med et smil p\u00e5 l\u00e6ben.<\/p>\n<p>S\u00e5 t\u00f8v ikke med at kontakte os og lad os hj\u00e6lpe dig med at sammensatte den den perfekte gave eller arrangement.<\/p>\n<p>Vi har mere end 23 \u00e5rs erfaring med at arrangere events til st\u00f8rre forsamlinger. Vi tager med ud og guide jer gennem dagen, s\u00e5 du skal ikke andet end at nyde oplevelsen sammen dine venner, familie eller kollegaer.<\/p>\n<p>Vi vil gerne planl\u00e6gge den perfekte dag\/event sammen med dig\/jer.\u00a0<\/p>\n<p>S\u00e5 t\u00f8v ikke med at kontakte os og lad os hj\u00e6lpe dig med at sammensatte den den perfekte gave eller arrangement.<\/p>\n\n\t\t\n<style>\n#text-599870277 {\n  text-align: left;\n}\n<\/style>\n\t<\/div>\n\t\n\n\t\t<\/div>\n\t\t\t\t\t<\/div>\n\n\t\n\n\t<div id=\"col-1224514303\" class=\"col medium-6 small-12 large-6\"  >\n\t\t\t\t<div class=\"col-inner text-left\" style=\"background-color:rgb(255, 255, 255);\" >\n\t\t\t\n\t\t\t\n\n<div class=\"slider-wrapper relative\" id=\"slider-1889836692\" >\n    <div class=\"slider slider-nav-circle slider-nav-large slider-nav-light slider-style-normal\"\n        data-flickity-options='{\n            \"cellAlign\": \"center\",\n            \"imagesLoaded\": true,\n            \"lazyLoad\": 1,\n            \"freeScroll\": false,\n            \"wrapAround\": true,\n            \"autoPlay\": 6000,\n            \"pauseAutoPlayOnHover\" : true,\n            \"prevNextButtons\": true,\n            \"contain\" : true,\n            \"adaptiveHeight\" : true,\n            \"dragThreshold\" : 10,\n            \"percentPosition\": true,\n            \"pageDots\": true,\n            \"rightToLeft\": false,\n            \"draggable\": true,\n            \"selectedAttraction\": 0.1,\n            \"parallax\" : 0,\n            \"friction\": 0.6        }'\n        >\n        \n\n\t<div class=\"img has-hover x md-x lg-x y md-y lg-y\" id=\"image_31022078\">\n\t\t\t\t\t\t\t\t<div class=\"img-inner dark\" >\n\t\t\t\t\t\t\t\t\t\n\t\t\t\t\t<\/div>\n\t\t\t\t\t\t\t\t\n<style>\n#image_31022078 {\n  width: 100%;\n}\n<\/style>\n\t<\/div>\n\t\n\n\n     <\/div>\n\n     <div class=\"loading-spin dark large centered\"><\/div>\n\n\t<\/div>\n\n\n\n\t\t<\/div>\n\t\t\t\t\t<\/div>\n\n\t\n\n<\/div>\n<div class=\"row\"  id=\"row-751929061\">\n\n\n\t<div id=\"col-1398278532\" class=\"col small-12 large-12\"  >\n\t\t\t\t<div class=\"col-inner\"  >\n\t\t\t\n\t\t\t\n\n\t<div id=\"text-2094818396\" class=\"text\">\n\t\t\n\n<h2>30+ eksempler p\u00e5 events OurStuff kan tilbyde!<\/h2>\n\t\t\n<style>\n#text-2094818396 {\n  text-align: center;\n  color: rgb(255,255,255);\n}\n#text-2094818396 > * {\n  color: rgb(255,255,255);\n}\n<\/style>\n\t<\/div>\n\t\n\n\n\n<!-- simplebooklet plugin v.1.1.2 (wordpress.org\/extend\/plugins\/simplebooklet\/) -->\n<iframe loading=\"lazy\" class=\"simplebooklet_iframe\" scrolling=\"no\" frameborder=\"0\" style=\"border: 0px; overflow: hidden; width: 100%; height: 750px;\"  src=\"https:\/\/simplebooklet.com\/embed.php?wpKey=Dkidc09Vw98Z3IAcY5JzXY&#038;source=wordpress\" width=\"100%\" height=\"750\"><\/iframe>\n\n\n\t\t<\/div>\n\t\t\t\t\t<\/div>\n\n\t\n\n<\/div>\n\n\t\t<\/div>\n\n\t\t\n<style>\n#section_1952707013 {\n  padding-top: 59px;\n  padding-bottom: 59px;\n  min-height: 300px;\n  background-color: rgb(22, 64, 81);\n}\n<\/style>\n\t<\/section>\n\t\n\n\t<section class=\"section dark\" id=\"section_1159176530\">\n\t\t<div class=\"section-bg fill\" >\n\t\t\t\t\t\t\t\t\t\n\t\t\t\n\n\t\t<\/div>\n\n\t\t\n\n\t\t<div class=\"section-content relative\">\n\t\t\t\n\n\t<div id=\"text-1506990609\" class=\"text\">\n\t\t\n\n<h1>F\u00c5 ET UFORPLIGTENDE TILBUD<\/h1>\n<h3>Ring til os p\u00e5 +45 27 20 90 20\u200b eller skriv direkte til eksperten p\u00e5 hb@ourstuff.dk<\/h3>\n<h3>Vi kommer blandt andet til at tale lidt omkring f\u00f8lgende:<\/h3>\n<h3>Form\u00e5l <br \/>\u200bAntal deltagere<br \/>M\u00e5lgruppe (alder mv)<br \/>Evt. budget niveau<br \/>\u00d8nsker til udbytte og indhold<\/h3>\n\t\t\n<style>\n#text-1506990609 {\n  text-align: center;\n}\n<\/style>\n\t<\/div>\n\t\n\n\t\t<\/div>\n\n\t\t\n<style>\n#section_1159176530 {\n  padding-top: 30px;\n  padding-bottom: 30px;\n  background-color: rgb(40, 40, 40);\n}\n<\/style>\n\t<\/section>\n\t\n\n","protected":false},"excerpt":{"rendered":"","protected":false},"author":1,"featured_media":0,"parent":0,"menu_order":0,"comment_status":"closed","ping_status":"closed","template":"","meta":{"advanced_seo_description":"","jetpack_seo_html_title":"","jetpack_seo_noindex":false,"footnotes":""},"class_list":["post-906","page","type-page","status-publish","hentry"],"jetpack_sharing_enabled":true,"_links":{"self":[{"href":"https:\/\/ourstuff.dk\/nl\/wp-json\/wp\/v2\/pages\/906","targetHints":{"allow":["GET"]}}],"collection":[{"href":"https:\/\/ourstuff.dk\/nl\/wp-json\/wp\/v2\/pages"}],"about":[{"href":"https:\/\/ourstuff.dk\/nl\/wp-json\/wp\/v2\/types\/page"}],"author":[{"embeddable":true,"href":"https:\/\/ourstuff.dk\/nl\/wp-json\/wp\/v2\/users\/1"}],"replies":[{"embeddable":true,"href":"https:\/\/ourstuff.dk\/nl\/wp-json\/wp\/v2\/comments?post=906"}],"version-history":[{"count":6,"href":"https:\/\/ourstuff.dk\/nl\/wp-json\/wp\/v2\/pages\/906\/revisions"}],"predecessor-version":[{"id":2707,"href":"https:\/\/ourstuff.dk\/nl\/wp-json\/wp\/v2\/pages\/906\/revisions\/2707"}],"wp:attachment":[{"href":"https:\/\/ourstuff.dk\/nl\/wp-json\/wp\/v2\/media?parent=906"}],"curies":[{"name":"wp","href":"https:\/\/api.w.org\/{rel}","templated":true}]}}