{"id":9902,"date":"2024-12-03T15:49:36","date_gmt":"2024-12-03T14:49:36","guid":{"rendered":"https:\/\/ourstuff.dk\/?post_type=product&#038;p=9902"},"modified":"2026-03-23T14:50:17","modified_gmt":"2026-03-23T13:50:17","slug":"strandsurfing-1-time-1-voksen-og-1-barn-sammen","status":"publish","type":"product","link":"https:\/\/ourstuff.dk\/en\/product\/strandsurfing-1-time-1-voksen-og-1-barn-sammen\/","title":{"rendered":"Strandsurfing &#8211; 1 time for 1 voksen med 1 barn"},"content":{"rendered":"<p>Giv en Strandsurfing oplevelse til en\/nogle du holder af. Gavekortet giver 2 timers sjov p\u00e5 stranden for 1 voksen og 1 barn. Vi gl\u00e6der os til at give jer, en fantastisk oplevelse p\u00e5 stranden. Se nedenfor, hvorn\u00e5r I kan komme og give den gas hos os. Gavekortet er gyldigt i 3 \u00e5r og med mulighed for forl\u00e6ngelse og returret.<\/p>\n<p>Gavekortet sendes som en PDF du kan printe ud.<\/p>\n<p><span style=\"color: #000000;\"><u><strong>UDFLUGT &#8211; VESTERHAVET &#8211; STRANDSURFING &#8211; NATUROPLEVELSE<\/strong><\/u><\/span><\/p>\n<p><span style=\"color: #000000;\">Oplev vind i h\u00e5ret sammen med et barn bagp\u00e5.<\/span><\/p>\n<p><span style=\"color: #000000;\">\ud83c\udf10 <strong>S\u00f8nderstrandvej, 6792 R\u00f8m\u00f8 (<a style=\"color: #000000;\" href=\"https:\/\/maps.app.goo.gl\/jYkMy3h2mPSXV8ab9\" target=\"_blank\" rel=\"noopener\">Kort<\/a>)<\/strong><\/span><\/p>\n<p><span style=\"color: #000000;\"><strong>\ud83d\udd53 1 timer<\/strong><\/span><\/p>\n<p><span style=\"color: #000000;\"><strong>\ud83c\udfd6 Ikke fysisk kr\u00e6vende<\/strong><\/span><\/p>\n<p><span style=\"color: #000000;\"><strong>\ud83c\udfc4\u200d\u2642\ufe0f\u00a0Dygtige og erfarne danske instrukt\u00f8rer<\/strong><\/span><\/p>\n<p><span style=\"color: #000000;\"><strong>\ud83d\udeb2\u00a0Komfortabel og highperformance udstyr<\/strong><\/span><\/p>\n<p><span style=\"color: #000000;\"><strong>\ud83d\ude4c\u00a0Ingen foruds\u00e6tninger \u2013 hurtig at l\u00e6re<\/strong><\/span><\/p>\n<p><span style=\"color: #000000;\"><strong>\ud83c\udf33\u00a0OurStuff donerer 1 tr\u00e6 pr. booking til en dansk skov<\/strong><\/span><\/p>\n<p><span style=\"color: #000000;\"><strong>\ud83d\udccd Du finder os p\u00e5 R\u00f8m\u00f8<\/strong><\/span><\/p>\n<p><span style=\"color: #000000;\">Det er ikke l\u00f8gn, Vadehavet langs den danske vestkyst er i fint selskab med pyramiderne og Grand Canyon opf\u00f8rt p\u00e5 UNESCOs verdensarvsliste.<\/span><br \/>\n<span style=\"color: #000000;\">S\u00e5 g\u00f8r dig klar til en mindev\u00e6rdig naturoplevelse og \u00e5rets sjoveste adrenalinkick! S\u00e6t dig i strandsurferen, lad vinden gribe sejlet, og m\u00e6rk suset, n\u00e5r du r\u00e6ser hen ad stranden p\u00e5 R\u00f8m\u00f8, mens du selvsikkert og til stor forn\u00f8jelse t\u00e6mmer vinden med dit sejl.<\/span><\/p>\n<p><span style=\"color: #000000;\">Om du k\u00f8rer 20 km\/t eller 30, bestemmer du selv. Dygtige instrukt\u00f8rer sikrer en tryg, sjov og fartrig dag p\u00e5 stranden \u2013 m\u00e5ske sammen med dine venner eller familie?<\/span><\/p>\n<h2><span style=\"color: #000000;\">Hvem kan Strandsurfe?<\/span><\/h2>\n<p><span style=\"color: #000000;\">Alle kan v\u00e6re med, uanset om du er 12 \u00e5r eller 80 \u00e5r, og der findes n\u00e6ppe nogen bedre m\u00e5de at nyde den danske strands\u00e6son p\u00e5 end med vind i sejlene, fart i hjulene og udsigt til perfekte, brede sandstrande! Med en dobbelt strandsurfer er det en voksen der styrer og et barn op til 12 \u00e5r, som sidder bagp\u00e5.\u00a0<\/span><\/p>\n<p><span style=\"color: #000000;\">Efter strandsurf-oplevelsen er der mulighed for gratis l\u00e5n af diverse strandudstyr, m\u00e5ske en sk\u00f8n dukkert i b\u00f8lgerne eller bare nyde stemningen i vores camp.<\/span><\/p>\n<p><span style=\"color: #000000;\">Fun-Fact: Den \u00e6ldste g\u00e6st vi har haft, har v\u00e6ret 86 \u00e5r og han kom tilbage med et gigantisk smil p\u00e5 l\u00e6ben!<\/span><\/p>\n<h2><span style=\"color: #000000;\">Hvor kan man Strandsurfe?<\/span><\/h2>\n<p><span style=\"color: #000000;\">Der findes ingen strande i verden, som er bedre til Strandsufing\/blokart end S\u00f8nderstrand p\u00e5 R\u00f8m\u00f8. Du f\u00e5r 6 km strand at boltre dig p\u00e5. Forestil dig, k\u00f8re ligeud i 20 minutter med vandkanten i horisonten! Det er en oplevelse du ikke finder andre steder.<\/span><\/p>\n<h2><span style=\"color: #000000;\">Hvorn\u00e5r kan man Strandsurfe?<\/span><\/h2>\n<p><strong>R\u00f8m\u00f8:<br \/>\n<\/strong>Alle dage: Fra 7\/6 &#8211; 28\/9<br \/>\nWeekender: Fra l\u00f8rdag d. 5\/4 til s\u00f8ndag d. 26\/10.<br \/>\nEfter\u00e5rsferien (13-17\/10)<br \/>\nP\u00e5ske (12\/4-21\/4)<br \/>\nKristihimmelfartsferien (29\/5-1\/6)<\/p>\n","protected":false},"excerpt":{"rendered":"<p>Giv en strandsurfing oplevelse til en du holder af &#8211; Gavekortet giver 1 timers til Strandsurfing p\u00e5 R\u00f8m\u00f8.<\/p>\n","protected":false},"featured_media":16199,"template":"","meta":{"advanced_seo_description":"","jetpack_seo_html_title":"","jetpack_seo_noindex":false},"product_brand":[],"product_cat":[237,34],"product_tag":[],"class_list":{"0":"post-9902","1":"product","2":"type-product","3":"status-publish","4":"has-post-thumbnail","6":"product_cat-gaver-action-og-outdoor","7":"product_cat-gavekort","9":"first","10":"instock","11":"virtual","12":"taxable","13":"purchasable","14":"product-type-simple"},"booking_location":null,"booking_location_type":null,"booking_duration":null,"booking_duration_unit":null,"booking_buffer":null,"booking_cost":null,"booking_resources":null,"jetpack_sharing_enabled":true,"_links":{"self":[{"href":"https:\/\/ourstuff.dk\/en\/wp-json\/wp\/v2\/product\/9902","targetHints":{"allow":["GET"]}}],"collection":[{"href":"https:\/\/ourstuff.dk\/en\/wp-json\/wp\/v2\/product"}],"about":[{"href":"https:\/\/ourstuff.dk\/en\/wp-json\/wp\/v2\/types\/product"}],"wp:featuredmedia":[{"embeddable":true,"href":"https:\/\/ourstuff.dk\/en\/wp-json\/wp\/v2\/media\/16199"}],"wp:attachment":[{"href":"https:\/\/ourstuff.dk\/en\/wp-json\/wp\/v2\/media?parent=9902"}],"wp:term":[{"taxonomy":"product_brand","embeddable":true,"href":"https:\/\/ourstuff.dk\/en\/wp-json\/wp\/v2\/product_brand?post=9902"},{"taxonomy":"product_cat","embeddable":true,"href":"https:\/\/ourstuff.dk\/en\/wp-json\/wp\/v2\/product_cat?post=9902"},{"taxonomy":"product_tag","embeddable":true,"href":"https:\/\/ourstuff.dk\/en\/wp-json\/wp\/v2\/product_tag?post=9902"}],"curies":[{"name":"wp","href":"https:\/\/api.w.org\/{rel}","templated":true}]}}