{"id":9034,"date":"2024-11-05T14:13:20","date_gmt":"2024-11-05T13:13:20","guid":{"rendered":"https:\/\/ourstuff.dk\/?post_type=product&#038;p=9034"},"modified":"2025-06-10T09:54:59","modified_gmt":"2025-06-10T07:54:59","slug":"nicolai-chokolade-floedeboller-p-bars-og-chokoladebrud","status":"publish","type":"product","link":"https:\/\/ourstuff.dk\/en\/product\/nicolai-chokolade-floedeboller-p-bars-og-chokoladebrud\/","title":{"rendered":"Nicolai Chokolade &#8211; Fl\u00f8deboller, P-bars og chokoladebrud"},"content":{"rendered":"<p><strong>\ud83d\ude80 19-\u00e5rig Iv\u00e6rks\u00e6tter<\/strong><\/p>\n<p class=\"LC20lb MBeuO DKV0Md\"><strong>\ud83c\udf6b Chokolade af den bedste kvalitet i b\u00e6redygtig indpakning<\/strong><\/p>\n<p class=\"LC20lb MBeuO DKV0Md\"><strong>\ud83c\udde7\ud83c\uddea Det fineste belgiske chokolade<\/strong><\/p>\n<p><strong><span style=\"color: #000000;\">\ud83c\udf10 Sendes til hele DK<\/span><\/strong><\/p>\n<p><strong><span style=\"color: #000000;\">\ud83c\udf33 OurStuff donerer 1 tr\u00e6 pr. booking til en dansk skov<\/span><\/strong><\/p>\n<p><span style=\"text-decoration: underline;\"><strong>CHOKOLADE &#8211; B\u00c6REDYGTIGHED &#8211; KVALITET<\/strong><\/span><\/p>\n<p>Nicolai er en 19-\u00e5rig iv\u00e6rks\u00e6tter, som de seneste \u00e5r har lavet frisklavet chokolade af de bedste r\u00e5varer. Han har allerede f\u00e5et flere stamkunder p\u00e5 markedsdag p\u00e5 Ingerslevs Boulevard I Aarhus, pga. friskheden i eksempelvis fl\u00f8deboller eller P-t\u00e6rter. Det her er chokolade, du bare skal smage!<\/p>\n<p>Nicolai startede med at lave chokolade til salg som 13-\u00e5rig. I dag er han mange chokoladekurser klogere og mange investeringer i hans chokoladek\u00f8kken fattigere. Men gl\u00e6den, ved at lave l\u00e6kkert h\u00e5ndlavet chokolade, er kun blevet st\u00f8rre. Han pr\u00f8ver at lytte til, hvad hans kunder eftersp\u00f8rger og f\u00f8lger hans egen intuition og nysgerrighed, n\u00e5r han leger og udvikler nye varianter og produkter.<\/p>\n<div class=\"flex max-w-full flex-col flex-grow\">\n<div class=\"min-h-8 text-message flex w-full flex-col items-end gap-2 whitespace-normal break-words [.text-message+&amp;]:mt-5\" dir=\"auto\" data-message-author-role=\"assistant\" data-message-id=\"dc079822-6bbb-424f-b0a4-0073d9b22a23\" data-message-model-slug=\"gpt-4o\">\n<div class=\"flex w-full flex-col gap-1 empty:hidden first:pt-[3px]\">\n<div class=\"markdown prose w-full break-words dark:prose-invert light\">\n<div class=\"flex-shrink-0 flex flex-col relative items-end\">\n<div class=\"pt-0\">\n<div class=\"gizmo-bot-avatar flex h-8 w-8 items-center justify-center overflow-hidden rounded-full\"><span style=\"font-size: 23.04px;\">Hvorn\u00e5r f\u00e5r jeg chokoladen?<\/span><\/div>\n<\/div>\n<\/div>\n<\/div>\n<\/div>\n<\/div>\n<\/div>\n<div><\/div>\n<div>Vi sender leveringen d. 17\/1.<\/div>\n<div><\/div>\n<div><\/div>\n<div><strong style=\"color: #000000; font-size: 14.4px;\">Du f\u00e5r:<\/strong><\/div>\n<ul>\n<li>8 fl\u00f8deboller inkl. b\u00e6redygtig \u00e6ske<\/li>\n<li>3 P-bars<\/li>\n<li>2 Chokoladebrudposer<\/li>\n<\/ul>\n","protected":false},"excerpt":{"rendered":"<div class=\"flex max-w-full flex-col flex-grow\">\n<div class=\"min-h-8 text-message flex w-full flex-col items-end gap-2 whitespace-normal break-words [.text-message+&amp;]:mt-5\" dir=\"auto\" data-message-author-role=\"assistant\" data-message-id=\"dc079822-6bbb-424f-b0a4-0073d9b22a23\" data-message-model-slug=\"gpt-4o\">\n<div class=\"flex w-full flex-col gap-1 empty:hidden first:pt-[3px]\">\n<div class=\"markdown prose w-full break-words dark:prose-invert light\">\n<div class=\"flex-shrink-0 flex flex-col relative items-end\">\n<div class=\"pt-0\">\n<div class=\"gizmo-bot-avatar flex h-8 w-8 items-center justify-center overflow-hidden rounded-full\">\n<div class=\"relative p-1 rounded-sm flex items-center justify-center bg-token-main-surface-primary text-token-text-primary h-8 w-8\"><span class=\"OYPEnA font-feature-liga-off font-feature-clig-off font-feature-calt-off text-decoration-none text-strikethrough-none\">Nicolai er en 19-\u00e5rig iv\u00e6rks\u00e6tter, som de seneste \u00e5r har lavet frisklavet chokolade af de bedste r\u00e5varer. Han har allerede f\u00e5et flere stamkunder p\u00e5 markedsdag p\u00e5 Ingerslevs Boulevard I Aarhus, pga. friskheden i eksempelvis fl\u00f8deboller eller P-t\u00e6rter. Det her er chokolade, du bare skal smage!\u00a0<\/span><\/div>\n<\/div>\n<\/div>\n<\/div>\n<\/div>\n<\/div>\n<\/div>\n<\/div>\n<div><\/div>\n","protected":false},"featured_media":9030,"template":"","meta":{"advanced_seo_description":"","jetpack_seo_html_title":"","jetpack_seo_noindex":false},"product_brand":[],"product_cat":[199],"product_tag":[160,205,142],"class_list":{"0":"post-9034","1":"product","2":"type-product","3":"status-publish","4":"has-post-thumbnail","6":"product_cat-nicolai-chokolade-b2b","7":"product_tag-hele-dk","8":"product_tag-nicolai-chokolade","9":"product_tag-sendes-hele-dk","11":"first","12":"outofstock","13":"virtual","14":"taxable","15":"purchasable","16":"product-type-simple"},"booking_location":null,"booking_location_type":null,"booking_duration":null,"booking_duration_unit":null,"booking_buffer":null,"booking_cost":null,"booking_resources":null,"jetpack_sharing_enabled":true,"_links":{"self":[{"href":"https:\/\/ourstuff.dk\/en\/wp-json\/wp\/v2\/product\/9034","targetHints":{"allow":["GET"]}}],"collection":[{"href":"https:\/\/ourstuff.dk\/en\/wp-json\/wp\/v2\/product"}],"about":[{"href":"https:\/\/ourstuff.dk\/en\/wp-json\/wp\/v2\/types\/product"}],"wp:featuredmedia":[{"embeddable":true,"href":"https:\/\/ourstuff.dk\/en\/wp-json\/wp\/v2\/media\/9030"}],"wp:attachment":[{"href":"https:\/\/ourstuff.dk\/en\/wp-json\/wp\/v2\/media?parent=9034"}],"wp:term":[{"taxonomy":"product_brand","embeddable":true,"href":"https:\/\/ourstuff.dk\/en\/wp-json\/wp\/v2\/product_brand?post=9034"},{"taxonomy":"product_cat","embeddable":true,"href":"https:\/\/ourstuff.dk\/en\/wp-json\/wp\/v2\/product_cat?post=9034"},{"taxonomy":"product_tag","embeddable":true,"href":"https:\/\/ourstuff.dk\/en\/wp-json\/wp\/v2\/product_tag?post=9034"}],"curies":[{"name":"wp","href":"https:\/\/api.w.org\/{rel}","templated":true}]}}