{"id":8968,"date":"2024-11-05T11:03:48","date_gmt":"2024-11-05T10:03:48","guid":{"rendered":"https:\/\/ourstuff.dk\/?post_type=product&#038;p=8968"},"modified":"2025-04-04T09:32:16","modified_gmt":"2025-04-04T07:32:16","slug":"vandretur-m-guide-svanninge-bakker-1-dag-for-1-person","status":"publish","type":"product","link":"https:\/\/ourstuff.dk\/en\/product\/vandretur-m-guide-svanninge-bakker-1-dag-for-1-person\/","title":{"rendered":"Vandretur m. guide &#8211; Svanninge Bakker &#8211; 1 dag for 1 person"},"content":{"rendered":"<div style=\"max-width: 600px; margin: auto; text-align: left;\"><strong>\ud83d\udde3\ufe0f Turguide fra OurStuff<\/strong><br \/>\n<strong>\ud83d\udc6b En dag i godt selskab med andre naturelskere<\/strong><br \/>\n<strong>\ud83c\udfde\ufe0f Imponerende vandretur gennem unikke landskaber og udsigtspunkter<\/strong><br \/>\n<strong>\ud83e\udd6a OurStuff s\u00f8rger for sandwich og kaffe\/te undervejs<\/strong><br \/>\n<strong>\ud83d\ude0a Kr\u00e6ver ikke andet end g\u00e5p\u00e5mod og eventyrlyst<\/strong><br \/>\n<strong>\ud83c\udf33 OurStuff donerer 1 tr\u00e6 pr. booking til en dansk skov<\/strong><span style=\"text-decoration: underline;\"><strong>VANDRTETUR &#8211; STEVNS KLINT &#8211; UNESCO VERDENSARV<\/strong><\/span><\/p>\n<p>Tag med p\u00e5 en unik rundtur gennem Svanninge Bakker og Knagelbjerg Skov, ogs\u00e5 kendt som &#8220;De Fynske Alper,&#8221; hvor du oplever et landskab med bakker, skove og \u00e5bne heder. Denne 13,8 km rute byder p\u00e5 vidunderlige udsigter fra bakketoppe og rig natur, som er s\u00e6rligt ideel for fugleinteresserede \u2013 husk gerne kikkerten! Undervejs g\u00e5r ruten gennem Tr\u00e6kfuglereservatet, og der er rig mulighed for at spotte b\u00e5de vilde blomster og dyreliv. Turen er moderat udfordrende med en h\u00f8jdefor\u00f8gelse p\u00e5 281 meter, hvilket giver en varieret og natursk\u00f8n oplevelse.<\/p>\n<p><strong>Om turen<\/strong>: Ruten er en loop-rute og tager ca. 3-4 timer at gennemf\u00f8re. Hunde er velkomne p\u00e5 ruten, men skal holdes i snor.<\/p>\n<p><strong>Faciliteter og oplevelser<\/strong>:<\/p>\n<ul>\n<li><strong>Landskab<\/strong>: Bakker, skov, \u00e5l\u00f8b og s\u00f8er<\/li>\n<li><strong>Udsigter<\/strong>: Panoramaudsigt over det Sydfynske \u00d8hav fra flere punkter<\/li>\n<\/ul>\n<p>Svanninge Bakker og Knagelbjerg Skov er et popul\u00e6rt udflugtsm\u00e5l, hvor du kan nyde den fynske natur i roligt tempo og afslutte turen samme sted, hvor du startede \u2013 perfekt for en dagsvandring i natursk\u00f8nne omgivelser.<\/p>\n<h2>Hvor starter vandreturen?<\/h2>\n<p>Svanninge Naturcenter<\/p>\n<h2>Hvorn\u00e5r kan denne oplevelse bruges?<\/h2>\n<p>25\/4 og 6\/9<\/p>\n<p><strong>Du f\u00e5r:<\/strong><\/p>\n<ul>\n<li>Vandretur for 1 person<\/li>\n<li>Guidet gruppetur<\/li>\n<li>Kaffe<\/li>\n<li>Sandwich<\/li>\n<\/ul>\n<\/div>\n","protected":false},"excerpt":{"rendered":"<p>Tag med p\u00e5 en natursk\u00f8n vandretur i Svanninge Bakker og Knagelbjerg Skov, hvor vi udforsker det varierede landskab og nyder udsigterne fra omr\u00e5dets bakketoppe. Turen inkluderer frokostpause med sandwich og kaffe samt et hvil ved Jydelejet, f\u00f8r vi afslutter ved Svanninge Naturcenter.<\/p>\n","protected":false},"featured_media":8973,"template":"","meta":{"advanced_seo_description":"","jetpack_seo_html_title":"","jetpack_seo_noindex":false},"product_brand":[],"product_cat":[123,124,186],"product_tag":[194],"class_list":{"0":"post-8968","1":"product","2":"type-product","3":"status-publish","4":"has-post-thumbnail","6":"product_cat-b2b3-alle","7":"product_cat-b2b5-alle","8":"product_cat-vandretur-m-guide-b2b","9":"product_tag-svanninge-bakker","11":"first","12":"instock","13":"virtual","14":"sold-individually","15":"taxable","16":"purchasable","17":"product-type-booking"},"booking_location":"","booking_location_type":"","booking_duration":1,"booking_duration_unit":"day","booking_buffer":0,"booking_cost":0,"booking_resources":[],"jetpack_sharing_enabled":true,"_links":{"self":[{"href":"https:\/\/ourstuff.dk\/en\/wp-json\/wp\/v2\/product\/8968","targetHints":{"allow":["GET"]}}],"collection":[{"href":"https:\/\/ourstuff.dk\/en\/wp-json\/wp\/v2\/product"}],"about":[{"href":"https:\/\/ourstuff.dk\/en\/wp-json\/wp\/v2\/types\/product"}],"wp:featuredmedia":[{"embeddable":true,"href":"https:\/\/ourstuff.dk\/en\/wp-json\/wp\/v2\/media\/8973"}],"wp:attachment":[{"href":"https:\/\/ourstuff.dk\/en\/wp-json\/wp\/v2\/media?parent=8968"}],"wp:term":[{"taxonomy":"product_brand","embeddable":true,"href":"https:\/\/ourstuff.dk\/en\/wp-json\/wp\/v2\/product_brand?post=8968"},{"taxonomy":"product_cat","embeddable":true,"href":"https:\/\/ourstuff.dk\/en\/wp-json\/wp\/v2\/product_cat?post=8968"},{"taxonomy":"product_tag","embeddable":true,"href":"https:\/\/ourstuff.dk\/en\/wp-json\/wp\/v2\/product_tag?post=8968"}],"curies":[{"name":"wp","href":"https:\/\/api.w.org\/{rel}","templated":true}]}}