{"id":8857,"date":"2024-11-01T11:47:49","date_gmt":"2024-11-01T10:47:49","guid":{"rendered":"https:\/\/ourstuff.dk\/?post_type=product&#038;p=8857"},"modified":"2025-04-04T09:39:15","modified_gmt":"2025-04-04T07:39:15","slug":"vandretur-m-guide-norsminde-1-dag-for-2-personer-inkl-forplejning","status":"publish","type":"product","link":"https:\/\/ourstuff.dk\/en\/product\/vandretur-m-guide-norsminde-1-dag-for-2-personer-inkl-forplejning\/","title":{"rendered":"Vandretur m. guide &#8211; Norsminde &#8211; 1 dag for 2 personer inkl. forplejning"},"content":{"rendered":"<p><u><strong>VANDRETUR &#8211; AARHUS &#8211; NORSMINDE &#8211; NATUROPLEVELSE<\/strong><\/u><\/p>\n<p><em>Hyggelig vandretur for alle<\/em><\/p>\n<p><strong>\ud83d\udde3\ufe0f Turguide fra OurStuff<\/strong><\/p>\n<p><strong>\ud83d\udc6b En hyggelig dag i godt selskab\u00a0<\/strong><\/p>\n<p class=\"LC20lb MBeuO DKV0Md\">\ud83c\udfd4\ufe0f<strong> Flot vandretur med unikke udsigter<\/strong><\/p>\n<p><strong>\u2615 OurStuff st\u00e5r for frokost og kaffe<\/strong><\/p>\n<p class=\"LC20lb MBeuO DKV0Md\">\ud83d\ude0a<strong> Kr\u00e6ver ikke andet end g\u00e5p\u00e5mod og det gode hum\u00f8r<\/strong><\/p>\n<p><span style=\"font-size: 100%; color: #000000;\"><strong>\ud83c\udf33\u00a0OurStuff donerer 1 tr\u00e6 pr. booking til en dansk skov<\/strong><\/span><\/p>\n<p class=\"font_7\">Er du tr\u00e6t af st\u00f8j og larm fra byen og tr\u00e6nger til at m\u00e6rke den friske natur helt tr\u00e6t p\u00e5, s\u00e5 vil OurStuff gerne invitere p\u00e5 en hyggelig luksus 1-dags vandretur langs Aarhus Bugt til Norsminde. Turen er med guide, som g\u00f8re alt for at give jer en fantastisk tur.<\/p>\n<p class=\"font_7\">Vi vil udover den flotte natur og udsigter, blandt andet passere Kongelunden, Den Uendelige Bro, Moesgaard Museum og Norsminde havn.<\/p>\n<p class=\"font_7\">Vi vil undervejs blive fork\u00e6let med en l\u00e6kker frokostanretning p\u00e5 restaurant Skovm\u00f8llen, som laver dansk klassisk mad med een nyfortolkning.<\/p>\n<p class=\"font_7\">Efter en ca 17 kilometers vandretur vil vi ankomme til Norsminde havn, hvor vi vil\u00a0 f\u00e5 serveret kaffe og lidt til den s\u00f8de tand p\u00e5 deres velkendte kro, Norsminde Kro.<\/p>\n<p class=\"font_7\">Efter kaffen vil vi sammen tage offentlig transport tilbage til Tangkrogen, Aarhus.<\/p>\n<p class=\"font_7\">Vi gl\u00e6der os til en hyggelig eftermiddag sammen med dig.<\/p>\n<h2>Hvor starter vandreturen?<\/h2>\n<p>Lyngbyvej 11, 8000 Aarhus C, kl 10:00<\/p>\n<h2>Hvorn\u00e5r kan denne oplevelse bruges?<\/h2>\n<p>L\u00f8rdag 3\/5,17\/5, 31\/5, 21\/6, 30\/8<\/p>\n<p><strong>Du f\u00e5r:<\/strong><\/p>\n<ul>\n<li>Vandretur for 2 personer<\/li>\n<li>Guidet gruppetur<\/li>\n<li>Frokost<\/li>\n<li>Busbillet<\/li>\n<li>Kaffe<\/li>\n<\/ul>\n<p>&nbsp;<\/p>\n","protected":false},"excerpt":{"rendered":"<p>Oplev en luksus-vandretur langs Aarhus Bugt til Norsminde, med stop ved natursk\u00f8nne sev\u00e6rdigheder og frokost p\u00e5 Skovm\u00f8llen. Vi afslutter med kaffe p\u00e5 Norsminde Kro, inden vi tager retur til Aarhus.<\/p>\n","protected":false},"featured_media":8832,"template":"","meta":{"advanced_seo_description":"","jetpack_seo_html_title":"","jetpack_seo_noindex":false},"product_brand":[],"product_cat":[126,186],"product_tag":[137],"class_list":{"0":"post-8857","1":"product","2":"type-product","3":"status-publish","4":"has-post-thumbnail","6":"product_cat-b2b9-alle","7":"product_cat-vandretur-m-guide-b2b","8":"product_tag-aarhus","10":"first","11":"instock","12":"virtual","13":"sold-individually","14":"taxable","15":"purchasable","16":"product-type-booking"},"booking_location":"","booking_location_type":"","booking_duration":1,"booking_duration_unit":"day","booking_buffer":0,"booking_cost":0,"booking_resources":[],"jetpack_sharing_enabled":true,"_links":{"self":[{"href":"https:\/\/ourstuff.dk\/en\/wp-json\/wp\/v2\/product\/8857","targetHints":{"allow":["GET"]}}],"collection":[{"href":"https:\/\/ourstuff.dk\/en\/wp-json\/wp\/v2\/product"}],"about":[{"href":"https:\/\/ourstuff.dk\/en\/wp-json\/wp\/v2\/types\/product"}],"wp:featuredmedia":[{"embeddable":true,"href":"https:\/\/ourstuff.dk\/en\/wp-json\/wp\/v2\/media\/8832"}],"wp:attachment":[{"href":"https:\/\/ourstuff.dk\/en\/wp-json\/wp\/v2\/media?parent=8857"}],"wp:term":[{"taxonomy":"product_brand","embeddable":true,"href":"https:\/\/ourstuff.dk\/en\/wp-json\/wp\/v2\/product_brand?post=8857"},{"taxonomy":"product_cat","embeddable":true,"href":"https:\/\/ourstuff.dk\/en\/wp-json\/wp\/v2\/product_cat?post=8857"},{"taxonomy":"product_tag","embeddable":true,"href":"https:\/\/ourstuff.dk\/en\/wp-json\/wp\/v2\/product_tag?post=8857"}],"curies":[{"name":"wp","href":"https:\/\/api.w.org\/{rel}","templated":true}]}}