{"id":8829,"date":"2024-11-01T11:07:38","date_gmt":"2024-11-01T10:07:38","guid":{"rendered":"https:\/\/ourstuff.dk\/?post_type=product&#038;p=8829"},"modified":"2025-04-04T09:34:52","modified_gmt":"2025-04-04T07:34:52","slug":"vandretur-m-guide-himmelbjerget-1-dag-for-2-personer","status":"publish","type":"product","link":"https:\/\/ourstuff.dk\/en\/product\/vandretur-m-guide-himmelbjerget-1-dag-for-2-personer\/","title":{"rendered":"Vandretur m. guide &#8211; Himmelbjerget &#8211; 1 dag for 2 personer"},"content":{"rendered":"<p><u><strong>VANDRETUR\u00a0&#8211;\u00a0SILKEBORG &#8211;\u00a0RY &#8211; NATUROPLEVELSE<\/strong><\/u><\/p>\n<p><em>Hyggelig vandretur for alle<\/em><\/p>\n<p><strong>\ud83d\udde3\ufe0f Turguide fra OurStuff<\/strong><\/p>\n<p><strong>\ud83d\udc6b En hyggelig eftermiddag i godt selskab\u00a0<\/strong><\/p>\n<p class=\"LC20lb MBeuO DKV0Md\">\ud83c\udfd4\ufe0f<strong> Flot vandretur med unikke udsigter<\/strong><\/p>\n<p><strong>\u2615 OurStuff st\u00e5r tapas p\u00e5 toppen<\/strong><\/p>\n<p class=\"LC20lb MBeuO DKV0Md\">\ud83d\ude0a<strong> Kr\u00e6ver ikke andet end g\u00e5p\u00e5mod og det gode hum\u00f8r<\/strong><\/p>\n<p><span style=\"font-size: 100%; color: #000000;\"><strong>\ud83c\udf33\u00a0OurStuff donerer 1 tr\u00e6 pr. booking til en dansk skov<\/strong><\/span><\/p>\n<p>Oplev noget af den smukkeste natur vi har i Danmark og tag med OurStuff p\u00e5 en ca. 22 kilometers smuk vandretur fra Silkeborg til Ry. Silkeborg omr\u00e5det byder p\u00e5 nogle af de smukkeste vandremuligheder og unikke udsigter, som vil v\u00e6re en oplevelse for alle.<\/p>\n<p>Turen starter fra Silkeborg station, og derfra\u00a0fordi \u00d8stre s\u00f8bad med udsigt over Almind S\u00f8 og videre mod Virklund. Turen forts\u00e6tter\u00a0langs Sl\u00e5ens\u00f8, som er et omr\u00e5de fyldt med skov, bakker og dyre- og planteliv.<\/p>\n<p>N\u00e5r toppen af Himmelbjerget er n\u00e5et holdes der en pause, hvor der vil blive serveret en let tapasanretning, som nydes ved den flotte udsigt. Der vil ogs\u00e5 v\u00e6re mulighed for en t\u00e5r vand og en forfriskning.<\/p>\n<p>Efter pausen s\u00e6ttes kurs mod turens endestation, Ry togstation.<\/p>\n<p>Fra OurStuff vil der selvf\u00f8lgelig v\u00e6re en guide med, gennem hele turen og vi ser frem til en hyggelig eftermiddag i jeres selskab.<\/p>\n<h2>Hvor starter vandreturen?<\/h2>\n<p>Turen starter og slutter ved Silkeborg Station<\/p>\n<h2>Hvorn\u00e5r kan denne oplevelse bruges?<\/h2>\n<p>S\u00f8ndag 4\/5, 18\/5, 1\/6, 22\/6, 31\/8<\/p>\n<p><strong>Du f\u00e5r:<\/strong><\/p>\n<ul>\n<li>Vandretur for 2 personer<\/li>\n<li>Guidet gruppetur<\/li>\n<li>Tapas<\/li>\n<\/ul>\n<p>&nbsp;<\/p>\n","protected":false},"excerpt":{"rendered":"<p>Vandretur Himmelbjerget. Oplev noget af den smukkeste natur vi har i Danmark og tag med OurStuff p\u00e5 en ca. 22 kilometers smuk vandretur fra Silkeborg til Ry. Silkeborg omr\u00e5det byder p\u00e5 nogle af de smukkeste vandremuligheder og unikke udsigter, som vil v\u00e6re en oplevelse for alle.<\/p>\n","protected":false},"featured_media":8825,"template":"","meta":{"advanced_seo_description":"","jetpack_seo_html_title":"","jetpack_seo_noindex":false},"product_brand":[],"product_cat":[125,186],"product_tag":[153],"class_list":{"0":"post-8829","1":"product","2":"type-product","3":"status-publish","4":"has-post-thumbnail","6":"product_cat-b2b7-alle","7":"product_cat-vandretur-m-guide-b2b","8":"product_tag-silkeborg","10":"first","11":"instock","12":"virtual","13":"sold-individually","14":"taxable","15":"purchasable","16":"product-type-booking"},"booking_location":"","booking_location_type":"","booking_duration":1,"booking_duration_unit":"day","booking_buffer":0,"booking_cost":0,"booking_resources":[],"jetpack_sharing_enabled":true,"_links":{"self":[{"href":"https:\/\/ourstuff.dk\/en\/wp-json\/wp\/v2\/product\/8829","targetHints":{"allow":["GET"]}}],"collection":[{"href":"https:\/\/ourstuff.dk\/en\/wp-json\/wp\/v2\/product"}],"about":[{"href":"https:\/\/ourstuff.dk\/en\/wp-json\/wp\/v2\/types\/product"}],"wp:featuredmedia":[{"embeddable":true,"href":"https:\/\/ourstuff.dk\/en\/wp-json\/wp\/v2\/media\/8825"}],"wp:attachment":[{"href":"https:\/\/ourstuff.dk\/en\/wp-json\/wp\/v2\/media?parent=8829"}],"wp:term":[{"taxonomy":"product_brand","embeddable":true,"href":"https:\/\/ourstuff.dk\/en\/wp-json\/wp\/v2\/product_brand?post=8829"},{"taxonomy":"product_cat","embeddable":true,"href":"https:\/\/ourstuff.dk\/en\/wp-json\/wp\/v2\/product_cat?post=8829"},{"taxonomy":"product_tag","embeddable":true,"href":"https:\/\/ourstuff.dk\/en\/wp-json\/wp\/v2\/product_tag?post=8829"}],"curies":[{"name":"wp","href":"https:\/\/api.w.org\/{rel}","templated":true}]}}