{"id":8807,"date":"2024-11-01T09:24:46","date_gmt":"2024-11-01T08:24:46","guid":{"rendered":"https:\/\/ourstuff.dk\/?post_type=product&#038;p=8807"},"modified":"2025-11-17T15:55:40","modified_gmt":"2025-11-17T14:55:40","slug":"tagteltovernatning-for-2-personer-gavekort","status":"publish","type":"product","link":"https:\/\/ourstuff.dk\/en\/product\/tagteltovernatning-for-2-personer-gavekort\/","title":{"rendered":"Tagteltovernatning for 2 personer &#8211; Gavekort"},"content":{"rendered":"<p>Giv en tagteltoplevelse til en eller nogle, du holder af. Konceptet er simpelt: Vi monterer et tagtelt p\u00e5 jeres bil og giver jer anbefalinger til, hvor I kan k\u00f8re hen og falde i s\u00f8vn til solnedgangen, med lydene af havets brusende b\u00f8lger eller m\u00e5ske vinden i tr\u00e6erne. Gavekortet giver 2 dage\/1 nat for 2 personer. En fantastisk hyggelig oplevelse, der bare skal opleves.<\/p>\n<p>Gavekortet sendes som en PDF du kan printe ud.<\/p>\n<p><span style=\"color: #000000;\"><strong>\ud83c\udf10\u00a0Opdag Danmarks spektakul\u00e6re natur efter eget valg<\/strong><\/span><\/p>\n<p class=\"LC20lb MBeuO DKV0Md\"><span style=\"color: #000000;\"><strong>\ud83d\udccd Afhentes Aarhus\/Kbh<\/strong><\/span><\/p>\n<p><span style=\"color: #000000;\"><strong>\ud83d\udd53 2 dage (1 overnatning)<\/strong><\/span><\/p>\n<p><span style=\"color: #000000;\"><strong>\u26fa Kombination af flotte sev\u00e6rdigheder\/natur og luksus tagtelt<\/strong><\/span><\/p>\n<p><span style=\"color: #000000;\"><strong>\ud83d\udeb2 Kvalitetsudstyr i form af luksus tagtelt og luksusmadras<\/strong><\/span><\/p>\n<p><span style=\"color: #000000;\"><strong>\ud83c\udf33 OurStuff donerer 1 tr\u00e6 pr. booking til en dansk skov<\/strong><\/span><\/p>\n<p><span style=\"color: #000000;\"><strong><u>ULTIMATIVE HYGGE \u2013 KVALITETSUDSTYR \u2013 NATUROPLEVELSE<\/u><\/strong><\/span><br \/>\n<span style=\"color: #000000;\">Luksus i naturen for alle<\/span><\/p>\n<p><span style=\"color: #000000;\">Vil du udforske Danmark med fuld frihed? S\u00e5 v\u00e6lg en k\u00f8r-selv-ferie, hvor du helt selv kan planl\u00e6gge din tur, som du har lyst til.<\/span><\/p>\n<p><span style=\"color: #000000;\">Danmark har s\u00e5 mange sp\u00e6ndende naturoplevelser at byde p\u00e5, og det er n\u00e6sten kan fantasien der s\u00e6tter gr\u00e6nser for hvad du kan opleve.<\/span><\/p>\n<p><span style=\"color: #000000;\">Vi stiller noget at det meste l\u00e6kre udstyr til r\u00e5dighed og s\u00e5 er det blot op til dig, hvor du gerne vil hen.<\/span><\/p>\n<h2>Hvor kan jeg afhente\/aflevere udstyret?<\/h2>\n<p>Udstyret kan afhentes i Aarhus eller Kbh.<\/p>\n<h2>Hvorn\u00e5r kan denne oplevelse bruges?<\/h2>\n<p>Udstyret kan afhentes:<br \/>\n&#8211; Aarhus: \u00c5ret rundt<br \/>\n&#8211; Kbh: d. 17\/5, 3\/6, 23\/8 og 13\/9<\/p>\n","protected":false},"excerpt":{"rendered":"<p>Giv en tagteltoplevelse til en eller nogle, du holder af. Konceptet er simpelt: Vi monterer et tagtelt p\u00e5 jeres bil og giver jer anbefalinger til, hvor I kan k\u00f8re hen og falde i s\u00f8vn til solnedgangen, med lydene af havets brusende b\u00f8lger eller m\u00e5ske vinden i tr\u00e6erne.<\/p>\n","protected":false},"featured_media":7944,"template":"","meta":{"advanced_seo_description":"","jetpack_seo_html_title":"","jetpack_seo_noindex":false},"product_brand":[],"product_cat":[109,34],"product_tag":[],"class_list":{"0":"post-8807","1":"product","2":"type-product","3":"status-publish","4":"has-post-thumbnail","6":"product_cat-gaver-overnatning","7":"product_cat-gavekort","9":"first","10":"instock","11":"virtual","12":"taxable","13":"purchasable","14":"product-type-simple"},"booking_location":null,"booking_location_type":null,"booking_duration":null,"booking_duration_unit":null,"booking_buffer":null,"booking_cost":null,"booking_resources":null,"jetpack_sharing_enabled":true,"_links":{"self":[{"href":"https:\/\/ourstuff.dk\/en\/wp-json\/wp\/v2\/product\/8807","targetHints":{"allow":["GET"]}}],"collection":[{"href":"https:\/\/ourstuff.dk\/en\/wp-json\/wp\/v2\/product"}],"about":[{"href":"https:\/\/ourstuff.dk\/en\/wp-json\/wp\/v2\/types\/product"}],"wp:featuredmedia":[{"embeddable":true,"href":"https:\/\/ourstuff.dk\/en\/wp-json\/wp\/v2\/media\/7944"}],"wp:attachment":[{"href":"https:\/\/ourstuff.dk\/en\/wp-json\/wp\/v2\/media?parent=8807"}],"wp:term":[{"taxonomy":"product_brand","embeddable":true,"href":"https:\/\/ourstuff.dk\/en\/wp-json\/wp\/v2\/product_brand?post=8807"},{"taxonomy":"product_cat","embeddable":true,"href":"https:\/\/ourstuff.dk\/en\/wp-json\/wp\/v2\/product_cat?post=8807"},{"taxonomy":"product_tag","embeddable":true,"href":"https:\/\/ourstuff.dk\/en\/wp-json\/wp\/v2\/product_tag?post=8807"}],"curies":[{"name":"wp","href":"https:\/\/api.w.org\/{rel}","templated":true}]}}