{"id":8782,"date":"2024-10-31T15:54:54","date_gmt":"2024-10-31T14:54:54","guid":{"rendered":"https:\/\/ourstuff.dk\/?post_type=product&#038;p=8782"},"modified":"2025-11-17T16:00:53","modified_gmt":"2025-11-17T15:00:53","slug":"glamping-3-dage-for-2-personer-weekend","status":"publish","type":"product","link":"https:\/\/ourstuff.dk\/en\/product\/glamping-3-dage-for-2-personer-weekend\/","title":{"rendered":"Glamping &#8211; 3 dage for 2 personer (Weekend)"},"content":{"rendered":"<p><span style=\"color: #000000;\"><strong><u>GLAMPING \u2013 HYGGE \u2013 NATUROPLEVELSE<\/u><\/strong><\/span><br \/>\n<span style=\"color: #000000;\">Nyd naturen i jeres eget tempo<\/span><\/p>\n<p><span style=\"color: #000000;\"><strong>\ud83c\udf10 <span style=\"font-size: 100%;\">Det er kun fantasien der s\u00e6tter gr\u00e6nser. Udlevering sker i Aarhus.<\/span><\/strong><\/span><\/p>\n<p><span style=\"font-size: 100%; color: #000000;\"><strong>\ud83c\udfc4\u200d\u2642\ufe0f Opdag Danmarks spektakul\u00e6re natur efter eget valg<\/strong><\/span><\/p>\n<p><span style=\"font-size: 100%; color: #000000;\"><strong>\u26fa Topmoderne udstyr fra NORDISK, som er hurtigt at s\u00e6tte op (30 minutter)<\/strong><\/span><\/p>\n<p><span style=\"font-size: 100%; color: #000000;\"><strong>\ud83c\udf33\u00a0OurStuff donerer 1 tr\u00e6 pr. booking til en dansk skov<\/strong><\/span><\/p>\n<p><span class=\"OYPEnA font-feature-liga-off font-feature-clig-off font-feature-calt-off text-decoration-none text-strikethrough-none\">F\u00e5 en luksusoplevelse i naturen, hvor det komfortable glamping koncept giver jer mulighed for v\u00e6re helt alene omringet af hav, s\u00f8, skov eller andet efter jeres valg. I er garanteret en fortrinlig nattes\u00f8vn i naturen, som i sent vil glemme. Vi giver gl\u00e6deligt anbefalinger til gode overnatningssteder, for modsat andre glamping-koncepter, s\u00e5 skal i her selv sl\u00e5 teltet op! Og hvorfor s\u00e5 det? Fordi mange glamping oplevelser i dag foreg\u00e5r ved siden af en masse andre telte, og man f\u00f8ler ikke at man er alene. Derfor f\u00e5r I her udleveret alt n\u00f8dvendigt udstyr, som hurtigt kan s\u00e6ttes op. S\u00e5 I kan nyde naturen i jeres tempo.\u00a0<\/span><\/p>\n<h2>Hvor kan jeg afhente\/aflevere udstyret?<\/h2>\n<p>Udstyret kan afhentes i Aarhus.<\/p>\n<ul>\n<li>Aarhus: fra d 5\/4-26\/10<\/li>\n<\/ul>\n<h2>Hvorn\u00e5r kan denne oplevelse bruges?<\/h2>\n<p>P\u00e5 dagene skrevet ovenfor.<\/p>\n<p><strong>Du f\u00e5r:<\/strong><\/p>\n<ul>\n<li>3 dages leje af glampingtelt<\/li>\n<li>L\u00e5n af 2 liggeunderlag<\/li>\n<li>Til benyttelse i weekender (Her kan man frit v\u00e6lge alle ugens dage)<\/li>\n<li>Skraldeposer\u00a0til at holde naturen ren og p\u00e6n<\/li>\n<li>Rejsebeskrivelse med forslag til overnatningssteder i telt<\/li>\n<li>Inspiration til oplevelser, sev\u00e6rdigheder og aktiviteter<\/li>\n<\/ul>\n","protected":false},"excerpt":{"rendered":"<p><span class=\"OYPEnA font-feature-liga-off font-feature-clig-off font-feature-calt-off text-decoration-none text-strikethrough-none\">F\u00e5 en luksusoplevelse i naturen, hvor det komfortable glamping koncept giver jer mulighed for v\u00e6re helt alene omringet af hav, s\u00f8, skov eller andet efter jeres valg. I er garanteret en fortrinlig nattes\u00f8vn i naturen, som i sent vil glemme. Vi giver gl\u00e6deligt anbefalinger til gode overnatningssteder.<\/span><\/p>\n","protected":false},"featured_media":8761,"template":"","meta":{"advanced_seo_description":"","jetpack_seo_html_title":"","jetpack_seo_noindex":false},"product_brand":[],"product_cat":[126,185,109],"product_tag":[137,138],"class_list":{"0":"post-8782","1":"product","2":"type-product","3":"status-publish","4":"has-post-thumbnail","6":"product_cat-b2b9-alle","7":"product_cat-glamping-b2b","8":"product_cat-gaver-overnatning","9":"product_tag-aarhus","10":"product_tag-kbh","12":"first","13":"instock","14":"virtual","15":"sold-individually","16":"taxable","17":"purchasable","18":"product-type-booking"},"booking_location":"","booking_location_type":"","booking_duration":3,"booking_duration_unit":"day","booking_buffer":0,"booking_cost":0,"booking_resources":[],"jetpack_sharing_enabled":true,"_links":{"self":[{"href":"https:\/\/ourstuff.dk\/en\/wp-json\/wp\/v2\/product\/8782","targetHints":{"allow":["GET"]}}],"collection":[{"href":"https:\/\/ourstuff.dk\/en\/wp-json\/wp\/v2\/product"}],"about":[{"href":"https:\/\/ourstuff.dk\/en\/wp-json\/wp\/v2\/types\/product"}],"wp:featuredmedia":[{"embeddable":true,"href":"https:\/\/ourstuff.dk\/en\/wp-json\/wp\/v2\/media\/8761"}],"wp:attachment":[{"href":"https:\/\/ourstuff.dk\/en\/wp-json\/wp\/v2\/media?parent=8782"}],"wp:term":[{"taxonomy":"product_brand","embeddable":true,"href":"https:\/\/ourstuff.dk\/en\/wp-json\/wp\/v2\/product_brand?post=8782"},{"taxonomy":"product_cat","embeddable":true,"href":"https:\/\/ourstuff.dk\/en\/wp-json\/wp\/v2\/product_cat?post=8782"},{"taxonomy":"product_tag","embeddable":true,"href":"https:\/\/ourstuff.dk\/en\/wp-json\/wp\/v2\/product_tag?post=8782"}],"curies":[{"name":"wp","href":"https:\/\/api.w.org\/{rel}","templated":true}]}}