{"id":8734,"date":"2024-10-31T14:34:26","date_gmt":"2024-10-31T13:34:26","guid":{"rendered":"https:\/\/ourstuff.dk\/?post_type=product&#038;p=8734"},"modified":"2024-10-31T14:44:49","modified_gmt":"2024-10-31T13:44:49","slug":"coffee-and-cake-glamnic-for-2-roemoe-kopier-kopier-kopier-kopier-kopier-7","status":"publish","type":"product","link":"https:\/\/ourstuff.dk\/en\/product\/coffee-and-cake-glamnic-for-2-roemoe-kopier-kopier-kopier-kopier-kopier-7\/","title":{"rendered":"COFFEE AND CAKE GLAMNIC FOR 2 &#8211; R\u00d8M\u00d8 (Kopier) (Kopier) (Kopier) (Kopier) (Kopier)"},"content":{"rendered":"<p><span style=\"color: #000000;\"><strong><u>GLAMNIC \u2013 LUXURY \u2013 NATURE EXPERIENCE<\/u><\/strong><\/span><br \/>\n<span style=\"color: #000000;\">Experience GLAMNIC \u2013 Denmark&#8217;s newest picnic sensation<\/span><\/p>\n<p><span style=\"color: #000000;\"><strong>\ud83d\udeb2 ALL equipment is provided. luxury shelter and shade tent, comfort chairs and table from NORDISK,<\/strong><\/span><\/p>\n<p><span style=\"color: #000000;\"><strong>\ud83c\udfd6Discover Denmark&#8217;s spectacular nature of your choice<\/strong><\/span><\/p>\n<p><span style=\"color: #000000;\"><strong>\ud83c\udf31 Sustainable and lightweight quality equipment from Danish NORDISK<\/strong><\/span><\/p>\n<p><span style=\"color: #000000;\"><strong>\ud83d\uddfa\ufe0f We make suggestions for places so you just have to remember yourself<\/strong><\/span><\/p>\n<p><span style=\"color: #000000;\">\ud83d\udccd <strong>Delivery takes place at S\u00f8nderstrand, R\u00f8m\u00f8 <\/strong> <\/span><\/p>\n<p><span style=\"color: #000000;\"><strong>\ud83c\udf33 OurStuff donates 1 tree per booking to a Danish forest<\/strong><\/span><\/p>\n<p><span style=\"color: #000000;\">Do you dream of combining glamour, nature and delicious food in a unique experience? Then GLAMNIC is the answer to your wishes! This is the picnic experience that transforms your outdoor moments into unforgettable memories. Welcome to a world of luxury, nature experiences and good times with those you love.<\/span><\/p>\n<p><span style=\"color: #000000;\"><strong>What is GLAMNIC?<\/strong><\/span><\/p>\n<p><span style=\"color: #000000;\">GLAMNIC is much more than just a picnic. It&#8217;s a complete package that allows you to set up in minutes and enjoy nature in a glamorous way. Invite one of your loved ones and let us take care of the rest!<\/span><\/p>\n<p><span style=\"color: #000000;\">We&#8217;ve thought of all the necessary equipment so you don&#8217;t have to worry about anything. Our equipment is of high quality and includes everything from comfortable seat cushions and blankets to stylish table setups. And what&#8217;s a picnic without delicious food? Our tapas platter is a taste experience out of the ordinary.<\/span><\/p>\n<p><span style=\"color: #000000;\"><b>Coffee and Cake<\/b><\/span><\/p>\n<p><span style=\"color: #000000;\">Based on the South Jutland coffee table, we have put together a delicious cake dish with accompanying coffee\/tea and chocolate.<\/span><\/p>\n<p><span style=\"color: #000000;\"><strong>Choose your dream location<\/strong><\/span><\/p>\n<p><span style=\"color: #000000;\">GLAMNIC is flexible and can be arranged in the places that matter most to you. Maybe you want to keep it in a picturesque park, go out into the adventurous nature of R\u00f8m\u00f8. No matter where you choose to place your picnic, we will ensure that it will be an unforgettable experience.<\/span><\/p>\n<p><span style=\"color: #000000;\"><strong>Perhaps Denmark&#8217;s Best Restaurant with the Best View<\/strong><\/span><\/p>\n<p><span style=\"color: #000000;\">With GLAMNIC, you have the opportunity to create a restaurant experience that surpasses most things. You&#8217;ll get the best views in your local area, and best of all, you don&#8217;t have to book a table in advance or worry about waiting. You decide the time and place!<\/span><\/p>\n<p><span style=\"color: #000000;\"><strong>Create Unforgettable Memories with GLAMNIC<\/strong><\/span><\/p>\n<p><span style=\"color: #000000;\">GLAMNIC is about appreciating the good things in life: being with those you love, in beautiful surroundings and with delicious food and drink. It&#8217;s time to create memories that will last a lifetime.<\/span><\/p>\n<p><span style=\"color: #000000;\">So why wait? Get ready for a picnic experience out of the ordinary with GLAMNIC. Book your glamorous picnic today and let us help you create unforgettable memories in nature.<\/span><\/p>\n","protected":false},"excerpt":{"rendered":"<p><span style=\"color: #000000;\">Take a refreshing trip by the North Sea! Explore the nature on R\u00f8m\u00f8, a UNESCO-protected beach, and enjoy a delicious meal in the beautiful surroundings. Young, old or in between, couples or friends, it can be a unique experience to share with someone you care about.<\/span><\/p>\n","protected":false},"featured_media":7146,"template":"","meta":{"advanced_seo_description":"","jetpack_seo_html_title":"","jetpack_seo_noindex":false},"product_brand":[],"product_cat":[15],"product_tag":[],"class_list":{"0":"post-8734","1":"product","2":"type-product","3":"status-publish","4":"has-post-thumbnail","6":"product_cat-uncategorized","8":"first","9":"instock","10":"virtual","11":"sold-individually","12":"taxable","13":"purchasable","14":"product-type-booking"},"booking_location":"","booking_location_type":"","booking_duration":1,"booking_duration_unit":"day","booking_buffer":0,"booking_cost":0,"booking_resources":[],"jetpack_sharing_enabled":true,"_links":{"self":[{"href":"https:\/\/ourstuff.dk\/en\/wp-json\/wp\/v2\/product\/8734","targetHints":{"allow":["GET"]}}],"collection":[{"href":"https:\/\/ourstuff.dk\/en\/wp-json\/wp\/v2\/product"}],"about":[{"href":"https:\/\/ourstuff.dk\/en\/wp-json\/wp\/v2\/types\/product"}],"wp:featuredmedia":[{"embeddable":true,"href":"https:\/\/ourstuff.dk\/en\/wp-json\/wp\/v2\/media\/7146"}],"wp:attachment":[{"href":"https:\/\/ourstuff.dk\/en\/wp-json\/wp\/v2\/media?parent=8734"}],"wp:term":[{"taxonomy":"product_brand","embeddable":true,"href":"https:\/\/ourstuff.dk\/en\/wp-json\/wp\/v2\/product_brand?post=8734"},{"taxonomy":"product_cat","embeddable":true,"href":"https:\/\/ourstuff.dk\/en\/wp-json\/wp\/v2\/product_cat?post=8734"},{"taxonomy":"product_tag","embeddable":true,"href":"https:\/\/ourstuff.dk\/en\/wp-json\/wp\/v2\/product_tag?post=8734"}],"curies":[{"name":"wp","href":"https:\/\/api.w.org\/{rel}","templated":true}]}}