{"id":8508,"date":"2024-10-30T11:33:11","date_gmt":"2024-10-30T10:33:11","guid":{"rendered":"https:\/\/ourstuff.dk\/?post_type=product&#038;p=8508"},"modified":"2024-10-31T08:48:36","modified_gmt":"2024-10-31T07:48:36","slug":"1875-kr-gavekort","status":"publish","type":"product","link":"https:\/\/ourstuff.dk\/en\/product\/1875-kr-gavekort\/","title":{"rendered":"1875 KR. GAVEKORT"},"content":{"rendered":"<p>G\u00f8r dagen speciel med vores alsidige gavekort. V\u00e6lg mellem actionfyldte oplevelser som strandsurfing, MTB-ture, afslappende picnic, eller hyggelige fisketure. Perfekt til enhver lejlighed, fra f\u00f8dselsdage til jubil\u00e6er. Overrask dine k\u00e6re med valgfriheden til at skabe deres eget minde.<\/p>\n","protected":false},"excerpt":{"rendered":"<p>Alle muligheder tilg\u00e6ngelige<\/p>\n","protected":false},"featured_media":191,"template":"","meta":{"advanced_seo_description":"","jetpack_seo_html_title":"","jetpack_seo_noindex":false},"product_brand":[],"product_cat":[34],"product_tag":[],"class_list":{"0":"post-8508","1":"product","2":"type-product","3":"status-publish","4":"has-post-thumbnail","6":"product_cat-gavekort","8":"first","9":"instock","10":"taxable","11":"shipping-taxable","12":"purchasable","13":"product-type-simple"},"booking_location":null,"booking_location_type":null,"booking_duration":null,"booking_duration_unit":null,"booking_buffer":null,"booking_cost":null,"booking_resources":null,"jetpack_sharing_enabled":true,"_links":{"self":[{"href":"https:\/\/ourstuff.dk\/en\/wp-json\/wp\/v2\/product\/8508","targetHints":{"allow":["GET"]}}],"collection":[{"href":"https:\/\/ourstuff.dk\/en\/wp-json\/wp\/v2\/product"}],"about":[{"href":"https:\/\/ourstuff.dk\/en\/wp-json\/wp\/v2\/types\/product"}],"wp:featuredmedia":[{"embeddable":true,"href":"https:\/\/ourstuff.dk\/en\/wp-json\/wp\/v2\/media\/191"}],"wp:attachment":[{"href":"https:\/\/ourstuff.dk\/en\/wp-json\/wp\/v2\/media?parent=8508"}],"wp:term":[{"taxonomy":"product_brand","embeddable":true,"href":"https:\/\/ourstuff.dk\/en\/wp-json\/wp\/v2\/product_brand?post=8508"},{"taxonomy":"product_cat","embeddable":true,"href":"https:\/\/ourstuff.dk\/en\/wp-json\/wp\/v2\/product_cat?post=8508"},{"taxonomy":"product_tag","embeddable":true,"href":"https:\/\/ourstuff.dk\/en\/wp-json\/wp\/v2\/product_tag?post=8508"}],"curies":[{"name":"wp","href":"https:\/\/api.w.org\/{rel}","templated":true}]}}