{"id":8212,"date":"2024-10-24T14:43:41","date_gmt":"2024-10-24T12:43:41","guid":{"rendered":"https:\/\/ourstuff.dk\/?post_type=product&#038;p=8212"},"modified":"2025-03-07T11:59:57","modified_gmt":"2025-03-07T10:59:57","slug":"kano-paa-silkeborg-soeerne-2-timer-for-2-personer-weekend","status":"publish","type":"product","link":"https:\/\/ourstuff.dk\/en\/product\/kano-paa-silkeborg-soeerne-2-timer-for-2-personer-weekend\/","title":{"rendered":"Kano p\u00e5 Silkeborg S\u00f8erne &#8211; 2 timer for 2 personer (Weekend)"},"content":{"rendered":"<p><span style=\"color: #000000;\"><strong>\ud83d\udd53 2 timer<\/strong><\/span><\/p>\n<p><span style=\"color: #000000;\"><strong>\ud83d\udeb2 Komfortabel, sikkert og moderne udstyr<\/strong><\/span><\/p>\n<p><span style=\"color: #000000;\"><strong>\ud83c\udf33\u00a0OurStuff donerer 1 tr\u00e6 pr. booking til en dansk skov<\/strong><\/span><\/p>\n<p><span style=\"color: #000000;\"><strong>\ud83d\udccd Silkeborg S\u00f8erne<\/strong><\/span><\/p>\n<p><span style=\"color: #000000; font-size: 23.04px;\">Oplev Danmark fra vandet<\/span><\/p>\n<p>Tag p\u00e5 en uforglemmelig kanotur p\u00e5 Guden\u00e5en ved Silkeborg. Oplev den smukke natur og det idylliske landskab fra s\u00f8siden, mens I sejler gennem de natursk\u00f8nne omr\u00e5der omkring Silkeborgs\u00f8erne. Med mulighed for pauser undervejs, kan I nyde den rolige atmosf\u00e6re og m\u00e5ske tage en lille frokostpause ved et af de lokale spisesteder. Sejl sikkert med redningsveste og kanoer, der passer perfekt til par eller mindre familier. Naturen byder p\u00e5 storsl\u00e5ede omgivelser og mulighed for gode minder.<\/p>\n<h2><span style=\"color: #000000;\">Hvor kan man tage p\u00e5 kanotur?<\/span><\/h2>\n<ul>\n<li>Silkeborg<\/li>\n<\/ul>\n<h2><span style=\"color: #000000;\">Hvorn\u00e5r kan man kanotur?<\/span><\/h2>\n<ul>\n<li>Alle dage i perioden fra d. 3\/5 til 28\/9<\/li>\n<\/ul>\n<span class=\"scroll-to\" data-label=\"Scroll to: #Bookkano\" data-bullet=\"false\" data-link=\"#Bookkano\" data-title=\"Bookkano\" ><a name=\"Bookkano\"><\/a><\/span>\n<h2>Hvordan booker jeg min kanotur?<\/h2>\n<p>Du har to muligheder:<\/p>\n<ol>\n<li>Du laver en booking hos Silkeborg Kanocenter (<a href=\"https:\/\/www.silkeborgkanocenter.dk\/planlaeg-turen\/favorit-endagsture\/\" target=\"_blank\" rel=\"noopener\"><strong>klik p\u00e5 linket her<\/strong><\/a>) og kontakter os efterf\u00f8lgende p\u00e5 mail eller telefon. Vi refunderer derefter dit udl\u00e6g op til v\u00e6rdien af din julegave (500 kr).<br \/>\nBem\u00e6rk: Er I flere, der gerne vil afsted, eller er der en s\u00e6rlig tur, I gerne vil p\u00e5, s\u00e5 er I velkomne til at booke den. Vi refunderer bel\u00f8bet svarende til v\u00e6rdien af din julegave (500 kr).<\/li>\n<li>Vi klarer bookingen for dig: kontakt os med \u00f8nsket tur, dato og tidspunkt \u2013 s\u00e5 laver vi bookingen for dig. Se mulige ture og tider p\u00e5 <a href=\"https:\/\/www.silkeborgkanocenter.dk\/planlaeg-turen\/favorit-endagsture\/\" target=\"_blank\" rel=\"noopener\"><strong>Silkeborg Kanocenters hjemmeside<\/strong><\/a>.<\/li>\n<\/ol>\n<h2>Kontaktinformation<\/h2>\n<p>Mail: <a href=\"mailto:info@ourstuff.dk\">info@ourstuff.dk<\/a><br \/>\nTelefon: 27 20 90 20<\/p>\n<h2><span style=\"color: #333333;\">Du f\u00e5r<\/span><\/h2>\n<ul>\n<li><span style=\"color: #333333;\">Leje af Kano i 2 timer for 2 personer i weekender (Hverdage ogs\u00e5 ok)<\/span><\/li>\n<li>L\u00e5n af Redningsveste<\/li>\n<li>L\u00e5n af Pagajer\/Padler<\/li>\n<\/ul>\n","protected":false},"excerpt":{"rendered":"<p>Oplev Silkeborgs\u00f8ernes smukke natur p\u00e5 en kanotur for 2 personer. Nyd landskabet og hinandens selskab fra vandsiden. En perfekt oplevelse for dem, der \u00f8nsker samv\u00e6r og natursk\u00f8nne omgivelser.<\/p>\n<p>Hvordan booker jeg? Det er meget enkelt \u2013 <a href=\"#Bookkano\"><strong>klik her<\/strong><\/a> og l\u00e6s, hvordan du foretager din booking. Gl\u00e6d dig til at komme afsted p\u00e5 alletiders kanoeventyr.<\/p>\n","protected":false},"featured_media":8206,"template":"","meta":{"advanced_seo_description":"","jetpack_seo_html_title":"","jetpack_seo_noindex":false},"product_brand":[],"product_cat":[171,157],"product_tag":[153],"class_list":{"0":"post-8212","1":"product","2":"type-product","3":"status-publish","4":"has-post-thumbnail","6":"product_cat-b2b-5-eksterne","7":"product_cat-kano-b2b","8":"product_tag-silkeborg","10":"first","11":"instock","12":"virtual","13":"taxable","14":"product-type-simple"},"booking_location":null,"booking_location_type":null,"booking_duration":null,"booking_duration_unit":null,"booking_buffer":null,"booking_cost":null,"booking_resources":null,"jetpack_sharing_enabled":true,"_links":{"self":[{"href":"https:\/\/ourstuff.dk\/en\/wp-json\/wp\/v2\/product\/8212","targetHints":{"allow":["GET"]}}],"collection":[{"href":"https:\/\/ourstuff.dk\/en\/wp-json\/wp\/v2\/product"}],"about":[{"href":"https:\/\/ourstuff.dk\/en\/wp-json\/wp\/v2\/types\/product"}],"wp:featuredmedia":[{"embeddable":true,"href":"https:\/\/ourstuff.dk\/en\/wp-json\/wp\/v2\/media\/8206"}],"wp:attachment":[{"href":"https:\/\/ourstuff.dk\/en\/wp-json\/wp\/v2\/media?parent=8212"}],"wp:term":[{"taxonomy":"product_brand","embeddable":true,"href":"https:\/\/ourstuff.dk\/en\/wp-json\/wp\/v2\/product_brand?post=8212"},{"taxonomy":"product_cat","embeddable":true,"href":"https:\/\/ourstuff.dk\/en\/wp-json\/wp\/v2\/product_cat?post=8212"},{"taxonomy":"product_tag","embeddable":true,"href":"https:\/\/ourstuff.dk\/en\/wp-json\/wp\/v2\/product_tag?post=8212"}],"curies":[{"name":"wp","href":"https:\/\/api.w.org\/{rel}","templated":true}]}}