{"id":8199,"date":"2024-10-24T13:56:24","date_gmt":"2024-10-24T11:56:24","guid":{"rendered":"https:\/\/ourstuff.dk\/?post_type=product&#038;p=8199"},"modified":"2025-03-07T12:08:35","modified_gmt":"2025-03-07T11:08:35","slug":"stand-up-paddle-2-timer-for-2-personer-weekend","status":"publish","type":"product","link":"https:\/\/ourstuff.dk\/en\/product\/stand-up-paddle-2-timer-for-2-personer-weekend\/","title":{"rendered":"Stand Up Paddle &#8211; 2 timer for 2 personer (Weekend)"},"content":{"rendered":"<p><span style=\"color: #000000;\"><strong>\ud83d\udd53 2 timer, 2 personer<\/strong><\/span><\/p>\n<p><span style=\"color: #000000;\"><strong>\ud83d\udeb2 Komfortabel, sikkert og moderne udstyr<\/strong><\/span><\/p>\n<p><span style=\"color: #000000;\"><strong>\ud83c\udf33\u00a0OurStuff donerer 1 tr\u00e6 pr. booking til en dansk skov<\/strong><\/span><\/p>\n<p><span style=\"color: #000000;\"><strong>\ud83d\udccd Kbh, Faaborg, Svendborg, Ristinge, Rudk\u00f8bing, Nyborg, R\u00f8rvig, Silkeborg og Skive\u00a0<\/strong><\/span><\/p>\n<h2><span style=\"color: #000000; font-size: 23.04px;\">Oplev Danmark fra vandet<\/span><\/h2>\n<p><span class=\"OYPEnA font-feature-liga-off font-feature-clig-off font-feature-calt-off text-decoration-none text-strikethrough-none\">Tag p\u00e5 en SUP-tur med en du holder af. Hvis du er heldig, kan du m\u00f8de marsvin eller s\u00e6ler p\u00e5 turen. De stabile SUPs er perfekte til begyndere eller den let \u00f8vede.<\/span><\/p>\n<h2><span style=\"color: #000000;\">Hvor kan man padle p\u00e5 SUP?<\/span><\/h2>\n<p><span style=\"color: #000000;\">Vi samarbejder med Kayakomat, som er flere steder i Danmark &#8211; Der kommer hele tiden flere og flere destinationer.<\/span><\/p>\n<ul>\n<li>Kbh<\/li>\n<li>Faaborg<\/li>\n<li>Svendborg<\/li>\n<li>Rustinge<\/li>\n<li>Rudk\u00f8bing<\/li>\n<li>Nyborg<\/li>\n<li>R\u00f8rvig<\/li>\n<li>Silkeborg<\/li>\n<li>Skive<\/li>\n<\/ul>\n<h2><span style=\"color: #000000;\">Hvorn\u00e5r kan man SUP?<\/span><\/h2>\n<p>&#8211; <a href=\"https:\/\/www.kayakomat.com\/?country=dk&amp;lat=12.1243&amp;lng=56.2922&amp;zoom=5.80\">Se tilg\u00e6ngelige datoer her.<\/a><\/p>\n<span class=\"scroll-to\" data-label=\"Scroll to: #BookSUP\" data-bullet=\"false\" data-link=\"#BookSUP\" data-title=\"BookSUP\" ><a name=\"BookSUP\"><\/a><\/span>\n<h2><span style=\"color: #000000;\">Hvordan booker jeg min SUP oplevelse?<\/span><\/h2>\n<div>Du har to muligheder:<\/div>\n<ol>\n<li>Du laver en booking til 2 personer i 2 timer p\u00e5 Kayakomat (<a href=\"https:\/\/www.kayakomat.com\/dk?country=dk\" target=\"_blank\" rel=\"noopener\">klik p\u00e5 linket her<\/a>) og kontakter os efterf\u00f8lgende p\u00e5 mail eller telefon, s\u00e5 refunderer vi dit udl\u00e6g.<br \/>\nBem\u00e6rk: Er I flere, der gerne vil afsted sammen, kan I sagtens booke sammen, men vi refunderer kun bel\u00f8bet svarende til 2 personer i 2 timer.<\/li>\n<li>Vi klarer bookingen for dig: kontakt os med \u00f8nsket lokation, dato og tidspunkt \u2013 s\u00e5 laver vi bookingen for dig. Se mulige lokationer og tider p\u00e5 <a href=\"https:\/\/www.kayakomat.com\/dk?country=dk\" target=\"_blank\" rel=\"noopener\">Kayakomats hjemmeside<\/a>.<\/li>\n<\/ol>\n<h2><span style=\"color: #000000;\">Kontaktinformation<\/span><\/h2>\n<p>Mail: <a href=\"mailto:info@ourstuff.dk\">info@ourstuff.dk<\/a><br \/>\nTelefon: 27 20 90 20<\/p>\n<h2>Du f\u00e5r:<\/h2>\n<ul>\n<li>Leje af SUPs 2 timer for 2 personer i weekenden (Hverdage ogs\u00e5 ok)<\/li>\n<li>L\u00e5n af Redningsveste<\/li>\n<li>L\u00e5n af Paddel<\/li>\n<\/ul>\n","protected":false},"excerpt":{"rendered":"<p><span class=\"OYPEnA font-feature-liga-off font-feature-clig-off font-feature-calt-off text-decoration-none text-strikethrough-none\">Tag p\u00e5 SUP-tur med en du holder af. Hvis du er heldig, kan du m\u00f8de marsvin eller s\u00e6ler p\u00e5 turen. De stabile SUP&#8217;s er perfekte til begyndere eller den let \u00f8vede.<\/span><\/p>\n<p>Hvordan booker jeg? Det er meget enkelt \u2013 <a href=\"#BookSUP\"><strong>klik her<\/strong><\/a> og l\u00e6s, hvordan du foretager din booking. Gl\u00e6d dig til at komme afsted p\u00e5 alletiders SUP-eventyr.<\/p>\n","protected":false},"featured_media":8194,"template":"","meta":{"advanced_seo_description":"","jetpack_seo_html_title":"","jetpack_seo_noindex":false},"product_brand":[],"product_cat":[171,156],"product_tag":[147,138,151,152,150,149,153,154,148],"class_list":{"0":"post-8199","1":"product","2":"type-product","3":"status-publish","4":"has-post-thumbnail","6":"product_cat-b2b-5-eksterne","7":"product_cat-sup-b2b","8":"product_tag-faaborg","9":"product_tag-kbh","10":"product_tag-nyborg","11":"product_tag-roervig","12":"product_tag-rudkoebing","13":"product_tag-rustinge","14":"product_tag-silkeborg","15":"product_tag-skive","16":"product_tag-svendborg","18":"first","19":"instock","20":"virtual","21":"taxable","22":"product-type-simple"},"booking_location":null,"booking_location_type":null,"booking_duration":null,"booking_duration_unit":null,"booking_buffer":null,"booking_cost":null,"booking_resources":null,"jetpack_sharing_enabled":true,"_links":{"self":[{"href":"https:\/\/ourstuff.dk\/en\/wp-json\/wp\/v2\/product\/8199","targetHints":{"allow":["GET"]}}],"collection":[{"href":"https:\/\/ourstuff.dk\/en\/wp-json\/wp\/v2\/product"}],"about":[{"href":"https:\/\/ourstuff.dk\/en\/wp-json\/wp\/v2\/types\/product"}],"wp:featuredmedia":[{"embeddable":true,"href":"https:\/\/ourstuff.dk\/en\/wp-json\/wp\/v2\/media\/8194"}],"wp:attachment":[{"href":"https:\/\/ourstuff.dk\/en\/wp-json\/wp\/v2\/media?parent=8199"}],"wp:term":[{"taxonomy":"product_brand","embeddable":true,"href":"https:\/\/ourstuff.dk\/en\/wp-json\/wp\/v2\/product_brand?post=8199"},{"taxonomy":"product_cat","embeddable":true,"href":"https:\/\/ourstuff.dk\/en\/wp-json\/wp\/v2\/product_cat?post=8199"},{"taxonomy":"product_tag","embeddable":true,"href":"https:\/\/ourstuff.dk\/en\/wp-json\/wp\/v2\/product_tag?post=8199"}],"curies":[{"name":"wp","href":"https:\/\/api.w.org\/{rel}","templated":true}]}}