{"id":7953,"date":"2024-10-22T13:49:17","date_gmt":"2024-10-22T11:49:17","guid":{"rendered":"https:\/\/ourstuff.dk\/?post_type=product&#038;p=7953"},"modified":"2025-11-17T16:18:15","modified_gmt":"2025-11-17T15:18:15","slug":"hotelophold-1-overnatning-for-2-personer","status":"publish","type":"product","link":"https:\/\/ourstuff.dk\/en\/product\/hotelophold-1-overnatning-for-2-personer\/","title":{"rendered":"Hotelophold &#8211; 1 overnatning for 2 personer"},"content":{"rendered":"<p><span style=\"color: #000000;\"><strong><u>AFSLAPNING &#8211; HYGGE &#8211; FLERE HOTELLER AT V\u00c6LGE<\/u><\/strong><\/span><br \/>\n<span style=\"color: #000000;\">Luksus i naturen for alle<\/span><\/p>\n<p><span style=\"color: #000000;\"><strong>\ud83c\udf10 Opdag sk\u00f8nne hoteller flere steder i Danmark og udlandet<\/strong><\/span><\/p>\n<p><span style=\"color: #000000;\"><strong>\ud83d\udd53 2 dage (1 overnatning)<\/strong><\/span><\/p>\n<p><span style=\"color: #000000;\"><strong>\ud83c\udf33 OurStuff donerer 1 tr\u00e6 pr. booking til en dansk skov<\/strong><\/span><\/p>\n<p>V\u00e6lg mellem forskellige hoteller og kombiner dit ophold med sev\u00e6rdigheder. Kun fantasien s\u00e6tter gr\u00e6nserne for dine sp\u00e6ndende oplevelser.<\/p>\n<h2>Hvilke hoteller kan jeg v\u00e6lge?<\/h2>\n<p>Vi tilbyder hoteller i bl.a. Aarhus, K\u00f8benhavn, Odense, Aalborg og udlandet. Se snarest listen her, eller kontakt os p\u00e5 info@ourstuff.dk<\/p>\n<h2>Hvorn\u00e5r kan denne oplevelse bruges?<\/h2>\n<p>Hele \u00e5ret i rundt.<\/p>\n<h2>Hvordan booker jeg hotel?<\/h2>\n<p>N\u00e5r du har fundet ud af, hvor I \u00f8nsker at tage hen, s\u00e5 kontakt os p\u00e5 info@ourstuff.dk eller 27209020.<\/p>\n<p><strong>Du f\u00e5r:<\/strong><\/p>\n<ul>\n<li>1 hotelovernatning for 2 personer<\/li>\n<li>Til benyttelse \u00e5ret rundt<\/li>\n<\/ul>\n","protected":false},"excerpt":{"rendered":"<p>Tag p\u00e5 et sk\u00f8nt hotelophold i Danmark eller udlandet.<br \/>\nKontakt os p\u00e5 info@ourstuff.dk for foresp\u00f8rgsel af hoteller, Vi har hoteller i det meste af verden.<\/p>\n","protected":false},"featured_media":7954,"template":"","meta":{"advanced_seo_description":"","jetpack_seo_html_title":"","jetpack_seo_noindex":false},"product_brand":[],"product_cat":[174,126,175,140,109],"product_tag":[],"class_list":{"0":"post-7953","1":"product","2":"type-product","3":"status-publish","4":"has-post-thumbnail","6":"product_cat-b2b-7-eksterne","7":"product_cat-b2b9-alle","8":"product_cat-b2b-9-eksterne","9":"product_cat-hotelophold-b2b","10":"product_cat-gaver-overnatning","12":"first","13":"instock","14":"sold-individually","15":"taxable","16":"shipping-taxable","17":"purchasable","18":"product-type-booking"},"booking_location":"","booking_location_type":"","booking_duration":2,"booking_duration_unit":"day","booking_buffer":0,"booking_cost":749,"booking_resources":[],"jetpack_sharing_enabled":true,"_links":{"self":[{"href":"https:\/\/ourstuff.dk\/en\/wp-json\/wp\/v2\/product\/7953","targetHints":{"allow":["GET"]}}],"collection":[{"href":"https:\/\/ourstuff.dk\/en\/wp-json\/wp\/v2\/product"}],"about":[{"href":"https:\/\/ourstuff.dk\/en\/wp-json\/wp\/v2\/types\/product"}],"wp:featuredmedia":[{"embeddable":true,"href":"https:\/\/ourstuff.dk\/en\/wp-json\/wp\/v2\/media\/7954"}],"wp:attachment":[{"href":"https:\/\/ourstuff.dk\/en\/wp-json\/wp\/v2\/media?parent=7953"}],"wp:term":[{"taxonomy":"product_brand","embeddable":true,"href":"https:\/\/ourstuff.dk\/en\/wp-json\/wp\/v2\/product_brand?post=7953"},{"taxonomy":"product_cat","embeddable":true,"href":"https:\/\/ourstuff.dk\/en\/wp-json\/wp\/v2\/product_cat?post=7953"},{"taxonomy":"product_tag","embeddable":true,"href":"https:\/\/ourstuff.dk\/en\/wp-json\/wp\/v2\/product_tag?post=7953"}],"curies":[{"name":"wp","href":"https:\/\/api.w.org\/{rel}","templated":true}]}}