{"id":7951,"date":"2024-10-22T13:43:28","date_gmt":"2024-10-22T11:43:28","guid":{"rendered":"https:\/\/ourstuff.dk\/?post_type=product&#038;p=7951"},"modified":"2026-03-23T12:27:35","modified_gmt":"2026-03-23T11:27:35","slug":"tagtelt-overnatning-3-dage-for-2-personer-weekend","status":"publish","type":"product","link":"https:\/\/ourstuff.dk\/en\/product\/tagtelt-overnatning-3-dage-for-2-personer-weekend\/","title":{"rendered":"Planl\u00e6g selv &#8211; 5 dage"},"content":{"rendered":"<p><span style=\"color: #000000;\"><strong><u>FREMTIDENS REJSER \u2013 KVALITETSUDSTYR \u2013 NATUROPLEVELSE<\/u><\/strong><\/span><br \/>\n<span style=\"color: #000000;\">Luksus i naturen for alle<\/span><\/p>\n<p><span style=\"color: #000000;\"><strong>\ud83c\udf10\u00a0Opdag Danmarks spektakul\u00e6re natur efter eget valg<\/strong><\/span><\/p>\n<p class=\"LC20lb MBeuO DKV0Md\"><span style=\"color: #000000;\"><strong>\ud83d\udccd Afhentes Aarhus\/Kbh<\/strong><\/span><\/p>\n<p><span style=\"color: #000000;\"><strong>\ud83d\udd53 3 dage\u00a0<\/strong><\/span><\/p>\n<p><span style=\"color: #000000;\"><strong>\u26fa\u00a0Kombination af flotte sev\u00e6rdigheder og luksus tagtelt<\/strong><\/span><\/p>\n<p><span style=\"color: #000000;\"><strong>\ud83d\udeb2 Kvalitetsudstyr i form af luksus tagtelt og luksusmadras<\/strong><\/span><\/p>\n<p><span style=\"color: #000000;\"><strong>\ud83c\udf33 OurStuff donerer 1 tr\u00e6 pr. booking til en dansk skov<\/strong><\/span><\/p>\n<p><span style=\"color: #000000;\">Vil du udforske Danmark med fuld frihed? S\u00e5 v\u00e6lg en k\u00f8r-selv-ferie, hvor du helt selv kan planl\u00e6gge din tur, som du har lyst til.<\/span><\/p>\n<p><span style=\"color: #000000;\">Danmark har s\u00e5 mange sp\u00e6ndende naturoplevelser at byde p\u00e5, og det er n\u00e6sten kan fantasien der s\u00e6tter gr\u00e6nser for hvad du kan opleve.<\/span><\/p>\n<p><span style=\"color: #000000;\">Vi stiller noget at det meste l\u00e6kre udstyr til r\u00e5dighed og s\u00e5 er det blot op til dig, hvor du gerne vil hen.<\/span><\/p>\n<h2>Hvor kan jeg afhente\/aflevere udstyret?<\/h2>\n<p>Udstyret kan afhentes:<br \/>\n&#8211; Aarhus: \u00c5ret rundt<br \/>\n&#8211; Kbh: d. 17\/5, 3\/6, 23\/8 og 13\/9<\/p>\n<h2>Hvorn\u00e5r kan denne oplevelse bruges?<\/h2>\n<p>Hele \u00e5ret i rundt i weekender fra fre-s\u00f8n.<\/p>\n<p><strong>Du f\u00e5r:<\/strong><\/p>\n<ul>\n<li>2 n\u00e6tters leje af tagtelt inkl. luksusmadras<\/li>\n<li>Til benyttelse i weekenden (fre-s\u00f8n) (Hverdage ogs\u00e5 OK)<br \/>\n<h4><span style=\"color: #000000;\">Hvad er ikke inkluderet<\/span><\/h4>\n<ul style=\"color: #281a39;\">\n<li><span style=\"color: #000000;\">Tagb\u00f8jler til din egen\u00a0bil<\/span><\/li>\n<\/ul>\n<\/li>\n<\/ul>\n","protected":false},"excerpt":{"rendered":"<p><span style=\"color: #000000;\">Opdag FREMTIDENS REJSER med luksus i naturen for alle. V\u00e6lg en k\u00f8r-selv-ferie i Danmark og udforsk spektakul\u00e6re naturoplevelser efter eget valg. Med vores kvalitetsudstyr, herunder luksus tagtelte, mini udek\u00f8kken og linned, skaber du din egen naturoase. Oplev Danmarks sk\u00f8nhed i luksus og frihed. Passer til alle biler hvor der er tagb\u00f8jler.\u00a0<\/span><\/p>\n","protected":false},"featured_media":7944,"template":"","meta":{"advanced_seo_description":"","jetpack_seo_html_title":"","jetpack_seo_noindex":false},"product_brand":[],"product_cat":[126,139],"product_tag":[137,138],"class_list":{"0":"post-7951","1":"product","2":"type-product","3":"status-publish","4":"has-post-thumbnail","6":"product_cat-b2b9-alle","7":"product_cat-tagtelt-b2b","8":"product_tag-aarhus","9":"product_tag-kbh","11":"first","12":"instock","13":"virtual","14":"sold-individually","15":"taxable","16":"purchasable","17":"product-type-booking"},"booking_location":"","booking_location_type":"","booking_duration":3,"booking_duration_unit":"day","booking_buffer":0,"booking_cost":1199,"booking_resources":[],"jetpack_sharing_enabled":true,"_links":{"self":[{"href":"https:\/\/ourstuff.dk\/en\/wp-json\/wp\/v2\/product\/7951","targetHints":{"allow":["GET"]}}],"collection":[{"href":"https:\/\/ourstuff.dk\/en\/wp-json\/wp\/v2\/product"}],"about":[{"href":"https:\/\/ourstuff.dk\/en\/wp-json\/wp\/v2\/types\/product"}],"wp:featuredmedia":[{"embeddable":true,"href":"https:\/\/ourstuff.dk\/en\/wp-json\/wp\/v2\/media\/7944"}],"wp:attachment":[{"href":"https:\/\/ourstuff.dk\/en\/wp-json\/wp\/v2\/media?parent=7951"}],"wp:term":[{"taxonomy":"product_brand","embeddable":true,"href":"https:\/\/ourstuff.dk\/en\/wp-json\/wp\/v2\/product_brand?post=7951"},{"taxonomy":"product_cat","embeddable":true,"href":"https:\/\/ourstuff.dk\/en\/wp-json\/wp\/v2\/product_cat?post=7951"},{"taxonomy":"product_tag","embeddable":true,"href":"https:\/\/ourstuff.dk\/en\/wp-json\/wp\/v2\/product_tag?post=7951"}],"curies":[{"name":"wp","href":"https:\/\/api.w.org\/{rel}","templated":true}]}}