{"id":7776,"date":"2024-10-16T09:41:16","date_gmt":"2024-10-16T07:41:16","guid":{"rendered":"https:\/\/ourstuff.dk\/?post_type=product&#038;p=7776"},"modified":"2026-03-20T12:37:38","modified_gmt":"2026-03-20T11:37:38","slug":"2500-gavekort","status":"publish","type":"product","link":"https:\/\/ourstuff.dk\/en\/product\/2500-gavekort\/","title":{"rendered":"Gavekort p\u00e5 2.500 kr."},"content":{"rendered":"<p>G\u00f8r dagen speciel med vores alsidige gavekort. V\u00e6lg mellem actionfyldte oplevelser som strandsurfing og MTB-ture, afslappende picnic, eller hyggelige fisketure. Perfekt til enhver lejlighed, fra f\u00f8dselsdage til jubil\u00e6er. Overrask dine k\u00e6re med valgfriheden til at skabe deres eget minde.<\/p>\n","protected":false},"excerpt":{"rendered":"<p>Alle muligheder tilg\u00e6ngelige<\/p>\n","protected":false},"featured_media":16240,"template":"","meta":{"advanced_seo_description":"","jetpack_seo_html_title":"","jetpack_seo_noindex":false},"product_brand":[],"product_cat":[239,34],"product_tag":[],"class_list":{"0":"post-7776","1":"product","2":"type-product","3":"status-publish","4":"has-post-thumbnail","6":"product_cat-gaver-belobsgavekort","7":"product_cat-gavekort","9":"first","10":"instock","11":"taxable","12":"shipping-taxable","13":"purchasable","14":"product-type-simple"},"booking_location":null,"booking_location_type":null,"booking_duration":null,"booking_duration_unit":null,"booking_buffer":null,"booking_cost":null,"booking_resources":null,"jetpack_sharing_enabled":true,"_links":{"self":[{"href":"https:\/\/ourstuff.dk\/en\/wp-json\/wp\/v2\/product\/7776","targetHints":{"allow":["GET"]}}],"collection":[{"href":"https:\/\/ourstuff.dk\/en\/wp-json\/wp\/v2\/product"}],"about":[{"href":"https:\/\/ourstuff.dk\/en\/wp-json\/wp\/v2\/types\/product"}],"wp:featuredmedia":[{"embeddable":true,"href":"https:\/\/ourstuff.dk\/en\/wp-json\/wp\/v2\/media\/16240"}],"wp:attachment":[{"href":"https:\/\/ourstuff.dk\/en\/wp-json\/wp\/v2\/media?parent=7776"}],"wp:term":[{"taxonomy":"product_brand","embeddable":true,"href":"https:\/\/ourstuff.dk\/en\/wp-json\/wp\/v2\/product_brand?post=7776"},{"taxonomy":"product_cat","embeddable":true,"href":"https:\/\/ourstuff.dk\/en\/wp-json\/wp\/v2\/product_cat?post=7776"},{"taxonomy":"product_tag","embeddable":true,"href":"https:\/\/ourstuff.dk\/en\/wp-json\/wp\/v2\/product_tag?post=7776"}],"curies":[{"name":"wp","href":"https:\/\/api.w.org\/{rel}","templated":true}]}}