{"id":7604,"date":"2024-10-11T14:05:05","date_gmt":"2024-10-11T12:05:05","guid":{"rendered":"https:\/\/ourstuff.dk\/?post_type=product&#038;p=7604"},"modified":"2025-01-22T12:16:39","modified_gmt":"2025-01-22T11:16:39","slug":"fusion-t-shirt-shorts","status":"publish","type":"product","link":"https:\/\/ourstuff.dk\/en\/product\/fusion-t-shirt-shorts\/","title":{"rendered":"(Unisex) FUSION &#8211; T-shirt + Shorts"},"content":{"rendered":"<p><span style=\"color: #000000;\"><strong>\ud83c\udf10 Sendes til hele DK<\/strong><\/span><\/p>\n<p><span style=\"color: #000000;\"><strong>\ud83c\udf33\u00a0OurStuff donerer 1 tr\u00e6 pr. booking til en dansk skov<\/strong><\/span><\/p>\n<p><strong>Fusion T-Shirt:<\/strong><\/p>\n<p>Fusions T-shirt er den perfekte overdel til l\u00f8beturen p\u00e5 de varme sommerdage eller tr\u00e6ningen indend\u00f8rs. T-shirten er velventileret og hurtigt\u00f8rrende, s\u00e5 du altid f\u00e5r en behagelig tr\u00e6ningsoplevelse.<\/p>\n<p>Med sin l\u00f8stsiddende, figursyede pasform og gennemtestede l\u00e6ngde &#8211; ogs\u00e5 p\u00e5 \u00e6rmerne &#8211; er den simpelt hen bare et godt bekendskab og et must have i tr\u00e6ningsgarderoben.<\/p>\n<p>T-shirten er syet af en danskproduceret metervare, strikket i Ikast og farvet i Herning. Metervaren er indfarvet ved lav temperatur, der mindsker energiforbruget v\u00e6sentligt, samtidig med, at farvegl\u00f8den bibeholdes l\u00e6ngere.<\/p>\n<p>T- Shirten Unisex og er i farven bl\u00e5.<\/p>\n<p>&#8211; <a href=\"https:\/\/www.movewell.dk\/products\/mens-c3-t-shirt-3\">L\u00e6s mere om T-shirten her<\/a><\/p>\n<p><strong>Tilg\u00e6ngelige st\u00f8rrelser:<\/strong><\/p>\n<p>S-XXXL<\/p>\n<p><strong>Fusion Shorts:<\/strong><\/p>\n<p>Et par lange shorts i regular fit, der egner sig til al slags tr\u00e6ning. Den korte l\u00f8betur med vennerne eller gode tr\u00e6ning i fitnesscentret.<\/p>\n<p>C3 Shorts er helt basic uden lommer &#8211; og meget lette med stor bev\u00e6gelsesfrihed og en h\u00f8j komfort, der bygger p\u00e5 optimal svedtransport og t\u00f8rreevne.<\/p>\n<p>De har hofteelastik med justerbar snor for individuel pasform, og der er er lille flag logo p\u00e5 l\u00e5r.<\/p>\n<p>Alt i alt et par gedigne shorts, der holder til flittig brug mange \u00e5r fremover &#8211; udviklet p\u00e5 basis af \u00e5relange erfaringer og tests.<\/p>\n<p>&#8211; <a href=\"https:\/\/www.movewell.dk\/products\/c3-shorts?_pos=7&amp;_psq=shorts&amp;_ss=e&amp;_v=1.0\"><em>L\u00e6s mere om shortsene her til m\u00e6nd<\/em><\/a><em> &#8211; <a href=\"https:\/\/www.movewell.dk\/products\/c3-short-tights?_pos=1&amp;_fid=8893c434f&amp;_ss=c\">L\u00e6s mere om tightsene til kvinder her<\/a><\/em><\/p>\n<p><strong>Tilg\u00e6ngelige st\u00f8rrelser:<\/strong><\/p>\n<p>S-XXL<\/p>\n<p><strong>Du f\u00e5r:<\/strong><\/p>\n<ul>\n<li>1 stk. Fusion T-shirt i bl\u00e5 og 1 par Fusion Shorts\/eller tights i Sort i valgfri st\u00f8rrelse<\/li>\n<\/ul>\n<p><strong>S\u00e5dan v\u00e6lger du st\u00f8rrelse og farve:<\/strong><\/p>\n<ul>\n<li>Skriv \u00f8nskede farve, om det skal v\u00e6re shorts eller tights og st\u00f8rrelse i kommentarfelt ved checkout.<\/li>\n<\/ul>\n","protected":false},"excerpt":{"rendered":"<p>1 stk. Fusion T-shirt i bl\u00e5 og 1 stk. Fusion Shorts i sort i valgfri st\u00f8rrelse. T-shirten er hurtigt\u00f8rrende og velventileret \u2013 ideel til sommerl\u00f8b eller indend\u00f8rs tr\u00e6ning. Shortsene har en regular fit og er designet uden lommer for optimal bev\u00e6gelsesfrihed og komfort under tr\u00e6ning.<\/p>\n","protected":false},"featured_media":7600,"template":"","meta":{"advanced_seo_description":"","jetpack_seo_html_title":"","jetpack_seo_noindex":false},"product_brand":[],"product_cat":[119],"product_tag":[130,128],"class_list":{"0":"post-7604","1":"product","2":"type-product","3":"status-publish","4":"has-post-thumbnail","6":"product_cat-fusion","7":"product_tag-fusion","8":"product_tag-fysisk-vare","10":"first","11":"instock","12":"taxable","13":"shipping-taxable","14":"purchasable","15":"product-type-simple"},"booking_location":null,"booking_location_type":null,"booking_duration":null,"booking_duration_unit":null,"booking_buffer":null,"booking_cost":null,"booking_resources":null,"jetpack_sharing_enabled":true,"_links":{"self":[{"href":"https:\/\/ourstuff.dk\/en\/wp-json\/wp\/v2\/product\/7604","targetHints":{"allow":["GET"]}}],"collection":[{"href":"https:\/\/ourstuff.dk\/en\/wp-json\/wp\/v2\/product"}],"about":[{"href":"https:\/\/ourstuff.dk\/en\/wp-json\/wp\/v2\/types\/product"}],"wp:featuredmedia":[{"embeddable":true,"href":"https:\/\/ourstuff.dk\/en\/wp-json\/wp\/v2\/media\/7600"}],"wp:attachment":[{"href":"https:\/\/ourstuff.dk\/en\/wp-json\/wp\/v2\/media?parent=7604"}],"wp:term":[{"taxonomy":"product_brand","embeddable":true,"href":"https:\/\/ourstuff.dk\/en\/wp-json\/wp\/v2\/product_brand?post=7604"},{"taxonomy":"product_cat","embeddable":true,"href":"https:\/\/ourstuff.dk\/en\/wp-json\/wp\/v2\/product_cat?post=7604"},{"taxonomy":"product_tag","embeddable":true,"href":"https:\/\/ourstuff.dk\/en\/wp-json\/wp\/v2\/product_tag?post=7604"}],"curies":[{"name":"wp","href":"https:\/\/api.w.org\/{rel}","templated":true}]}}