{"id":7571,"date":"2024-10-11T11:45:48","date_gmt":"2024-10-11T09:45:48","guid":{"rendered":"https:\/\/ourstuff.dk\/?post_type=product&#038;p=7571"},"modified":"2025-11-17T15:48:00","modified_gmt":"2025-11-17T14:48:00","slug":"weber-1-saet-kvaerne-og-4-steaksaet","status":"publish","type":"product","link":"https:\/\/ourstuff.dk\/en\/product\/weber-1-saet-kvaerne-og-4-steaksaet\/","title":{"rendered":"Middag for 2"},"content":{"rendered":"<p><span style=\"color: #000000;\"><strong>\ud83c\udf10 Sendes til hele DK<\/strong><\/span><\/p>\n<p><span style=\"color: #000000;\"><strong>\ud83c\udf33\u00a0OurStuff donerer 1 tr\u00e6 pr. booking til en dansk skov<\/strong><\/span><\/p>\n<p><strong>Weber kv\u00e6rne:<\/strong><\/p>\n<p>Mens maden st\u00e5r og syder p\u00e5 grillen, kan du d\u00e6kke bord og tjekke, at alt er klart. Premium-kv\u00e6rnene til salt og peber er must-haves p\u00e5 ethvert bord, da alle selv kan f\u00e5 lov til at krydre maden. Den stilfulde soft-touch-overflade kan nemt t\u00f8rres ren, n\u00e5r middagen er overst\u00e5et.<\/p>\n<p>&#8211; <a href=\"https:\/\/www.weber.com\/DK\/da\/tilbehr\/tilberedning-og-servering\/17093.html\"><em>L\u00e6s mere om s\u00e6ttet her<\/em><\/a>.<\/p>\n<p><strong>Weber Steaks\u00e6t:<\/strong><\/p>\n<p>Uanset om du spontant inviterer til grillfest eller planl\u00e6gger en romantisk middag, er det de sm\u00e5 ting, der t\u00e6ller. S\u00e5som disse 8 steaks\u00e6t af rustfrit kvalitetsst\u00e5l med et uovertruffet ergonomisk greb. De skarpe knive sk\u00e6rer sig pr\u00e6cist gennem alle typer k\u00f8d, og sammen med de gedigne gafler fuldendes bordd\u00e6kningen med power og stil.<\/p>\n<p><strong>Du f\u00e5r:<\/strong><\/p>\n<ul>\n<li>1 s\u00e6t Weber &#8211; Premium kv\u00e6rne<\/li>\n<li>4 s\u00e6t Weber &#8211; Steaks\u00e6t<\/li>\n<\/ul>\n","protected":false},"excerpt":{"rendered":"<p>1 s\u00e6t Weber &#8211; Premium kv\u00e6rne og <span style=\"color: #333333; font-size: 14.4px;\">4 s\u00e6t Weber &#8211; Steaks\u00e6t.\u00a0<\/span>&#8211; Premium kv\u00e6rne. Mens maden st\u00e5r og syder p\u00e5 grillen, kan du d\u00e6kke bord og tjekke, at alt er klart. Premium-kv\u00e6rnene til salt og peber er must-haves p\u00e5 ethvert bord, da alle selv kan f\u00e5 lov til at krydre maden. Den stilfulde soft-touch-overflade kan nemt t\u00f8rres ren, n\u00e5r middagen er overst\u00e5et. Steaks\u00e6t af rustfrit kvalitetsst\u00e5l med et uovertruffet ergonomisk greb. De skarpe knive sk\u00e6rer sig pr\u00e6cist gennem alle typer k\u00f8d, og sammen med de gedigne gafler fuldendes bordd\u00e6kningen med power og stil.<\/p>\n","protected":false},"featured_media":12566,"template":"","meta":{"advanced_seo_description":"","jetpack_seo_html_title":"","jetpack_seo_noindex":false},"product_brand":[],"product_cat":[169,170,110,118],"product_tag":[128,129],"class_list":{"0":"post-7571","1":"product","2":"type-product","3":"status-publish","4":"has-post-thumbnail","6":"product_cat-b2b-7-fysisk","7":"product_cat-b2b-9-fysisk","8":"product_cat-gaver-gastronomi","9":"product_cat-weber","10":"product_tag-fysisk-vare","11":"product_tag-weber","13":"first","14":"outofstock","15":"taxable","16":"shipping-taxable","17":"purchasable","18":"product-type-simple"},"booking_location":null,"booking_location_type":null,"booking_duration":null,"booking_duration_unit":null,"booking_buffer":null,"booking_cost":null,"booking_resources":null,"jetpack_sharing_enabled":true,"_links":{"self":[{"href":"https:\/\/ourstuff.dk\/en\/wp-json\/wp\/v2\/product\/7571","targetHints":{"allow":["GET"]}}],"collection":[{"href":"https:\/\/ourstuff.dk\/en\/wp-json\/wp\/v2\/product"}],"about":[{"href":"https:\/\/ourstuff.dk\/en\/wp-json\/wp\/v2\/types\/product"}],"wp:featuredmedia":[{"embeddable":true,"href":"https:\/\/ourstuff.dk\/en\/wp-json\/wp\/v2\/media\/12566"}],"wp:attachment":[{"href":"https:\/\/ourstuff.dk\/en\/wp-json\/wp\/v2\/media?parent=7571"}],"wp:term":[{"taxonomy":"product_brand","embeddable":true,"href":"https:\/\/ourstuff.dk\/en\/wp-json\/wp\/v2\/product_brand?post=7571"},{"taxonomy":"product_cat","embeddable":true,"href":"https:\/\/ourstuff.dk\/en\/wp-json\/wp\/v2\/product_cat?post=7571"},{"taxonomy":"product_tag","embeddable":true,"href":"https:\/\/ourstuff.dk\/en\/wp-json\/wp\/v2\/product_tag?post=7571"}],"curies":[{"name":"wp","href":"https:\/\/api.w.org\/{rel}","templated":true}]}}