{"id":165,"date":"2023-11-05T17:41:25","date_gmt":"2023-11-05T15:41:25","guid":{"rendered":"https:\/\/shop.ourstuff.dk\/product\/1-dags-fisketur\/"},"modified":"2024-12-06T12:27:22","modified_gmt":"2024-12-06T11:27:22","slug":"1-dags-fisketur","status":"publish","type":"product","link":"https:\/\/ourstuff.dk\/en\/product\/1-dags-fisketur\/","title":{"rendered":"1 DAGS FISKETUR"},"content":{"rendered":"<h2><strong>Hvorfor en fisketur?<\/strong><\/h2>\n<p>Det er en helt fantastisk oplevelse at f\u00e5 en fisk p\u00e5 krogen. Det man troede var umuligt sker pludselig for \u00f8jnene p\u00e5 \u00e9n, og man kan m\u00e6rke naturen helt ind i knoglerne. For mange er netop d\u00e9t at fange sin f\u00f8rste fisk, noget de aldrig glemmer.<\/p>\n<p>For de fleste kan fisketuren dog virke uoverskuelig. Derfor har vi i OurStuff sammensat en fiskekasse, der med n\u00f8je udvalgt udstyr og nemme guides giver dig det bedste udgangspunkt for at sende dig selv eller en god ven afsted p\u00e5 sin f\u00f8rste fisketur.<\/p>\n<h2><strong>Hvor kan man fiske?<\/strong><\/h2>\n<p>OurStuffs fiskekasse giver dig mulighed for at fiske overalt i hele landet &#8211; uanset hvor du bor. Sammen med nogle af landets dygtigste lystfiskere, har vi sammensat en guide med over 50 fiskepladser, der b\u00e5de kan fiskes af nybegyndere og mere erfarne fiskere. Alle pladser er lette at komme til med bil og specifikt udvalgt til de enkelte fiskearter, s\u00e5 du kan v\u00e6re sikker p\u00e5, at du fisker det helt rette sted.<\/p>\n<h2><strong>Hvilke fisk kan man fiske efter?<\/strong><\/h2>\n<p>Med OurStuffs fiskekasse kan du fiske efter hav\u00f8rred, aborre, makrel og sild. Disse fisk er velegnede til nybegyndere og giver mulighed for fiskeri \u00e5ret rundt. Uanset om du \u00f8nsker at fiske langs kysten eller ved s\u00f8en, er der gode muligheder for at f\u00e5 fisk p\u00e5 krogen. Og hvem ved \u2013 m\u00e5ske er du s\u00e5 heldig at fange din f\u00f8rste fisk sammen med din far eller datter?<\/p>\n<h2><strong>Kan nybegyndere bruge fiskegrejet?<\/strong><\/h2>\n<p>Fiskegrejet i OurStuffs fiskekasse er specielt udvalgt med nybegynderen i tankerne. I kassen finder du nemme guides, der viser dig, hvordan du samler fiskestangen, hvilket grej du skal bruge, og hvordan du kaster agnen ud. Vi har lavet en pakke, der g\u00f8r det let at fokusere p\u00e5 alt det sjove \u2013 perfekt til dig der \u00f8nsker at bruge tiden p\u00e5 fiske og v\u00e6re sammen i stedet for linekludder.<\/p>\n<h2><strong>Hvorfor er fiskekassen en god gave?<\/strong><\/h2>\n<p>OurStuffs fiskekasse er den ideelle gave til enhver, der dr\u00f8mmer om at komme ud i naturen og pr\u00f8ve fiskeriet. Med nemme guides og godt udstyr er fiskekassen den perfekte gave til en mor og s\u00f8n eller bedstefar og barnebarn, der \u00f8nsker at dele en naturoplevelse sammen. Med alt, hvad I beh\u00f8ver for at komme i gang, er fiskekassen en gave, der \u00e5bner d\u00f8ren til mange eventyr ved vandet. Det er ikke bare grej \u2013 det er en invitation til at tilbringe tid sammen og skabe \u00f8jeblikke, I husker.<\/p>\n","protected":false},"excerpt":{"rendered":"<p>Giv en fiskeoplevelse til en du holder af. Fiskepakken indeholder alt, man beh\u00f8ver for at kunne fiske hav\u00f8rred, aborre, makrel og sild. Desuden medf\u00f8lger der guides til, hvordan man fisker, og hvor man kan tage hen.<\/p>\n","protected":false},"featured_media":9584,"template":"","meta":{"advanced_seo_description":"","jetpack_seo_html_title":"","jetpack_seo_noindex":false},"product_brand":[],"product_cat":[35],"product_tag":[],"class_list":{"0":"post-165","1":"product","2":"type-product","3":"status-publish","4":"has-post-thumbnail","6":"product_cat-fisketur","8":"first","9":"instock","10":"taxable","11":"shipping-taxable","12":"purchasable","13":"product-type-simple"},"booking_location":null,"booking_location_type":null,"booking_duration":null,"booking_duration_unit":null,"booking_buffer":null,"booking_cost":null,"booking_resources":null,"jetpack_sharing_enabled":true,"_links":{"self":[{"href":"https:\/\/ourstuff.dk\/en\/wp-json\/wp\/v2\/product\/165","targetHints":{"allow":["GET"]}}],"collection":[{"href":"https:\/\/ourstuff.dk\/en\/wp-json\/wp\/v2\/product"}],"about":[{"href":"https:\/\/ourstuff.dk\/en\/wp-json\/wp\/v2\/types\/product"}],"wp:featuredmedia":[{"embeddable":true,"href":"https:\/\/ourstuff.dk\/en\/wp-json\/wp\/v2\/media\/9584"}],"wp:attachment":[{"href":"https:\/\/ourstuff.dk\/en\/wp-json\/wp\/v2\/media?parent=165"}],"wp:term":[{"taxonomy":"product_brand","embeddable":true,"href":"https:\/\/ourstuff.dk\/en\/wp-json\/wp\/v2\/product_brand?post=165"},{"taxonomy":"product_cat","embeddable":true,"href":"https:\/\/ourstuff.dk\/en\/wp-json\/wp\/v2\/product_cat?post=165"},{"taxonomy":"product_tag","embeddable":true,"href":"https:\/\/ourstuff.dk\/en\/wp-json\/wp\/v2\/product_tag?post=165"}],"curies":[{"name":"wp","href":"https:\/\/api.w.org\/{rel}","templated":true}]}}