{"id":141,"date":"2023-11-05T17:41:17","date_gmt":"2023-11-05T15:41:17","guid":{"rendered":"https:\/\/shop.ourstuff.dk\/product\/strandsurfing-1-time\/"},"modified":"2024-08-27T21:39:29","modified_gmt":"2024-08-27T19:39:29","slug":"strandsurfing-1-time","status":"publish","type":"product","link":"https:\/\/ourstuff.dk\/en\/product\/strandsurfing-1-time\/","title":{"rendered":"STRANDSURFING  1 time"},"content":{"rendered":"<p><u><strong>UDFLUGT &#8211; VESTERHAVET &#8211; STRANDSURFING &#8211; NATUROPLEVELSE<\/strong><\/u><\/p>\n<p><em>\u00c5rets adrenalinkick for 12-70 \u00e5r.<\/em><\/p>\n<p><strong>&#8211; Dygtige og erfarne danske instrukt\u00f8rer<\/strong><\/p>\n<p><strong>&#8211; Komfortabel og highperformance udstyr<\/strong><\/p>\n<p><strong>&#8211; Ingen foruds\u00e6tninger \u2013 hurtig at l\u00e6re<\/strong><\/p>\n<p><strong>&#8211; Gratis l\u00e5n af hjelme og handsker<\/strong><\/p>\n<p><strong>&#8211; Stor naturoplevelse p\u00e5\u00a0UNESCO-fredet strand<\/strong><\/p>\n<p><strong>&#8211; Du finder os p\u00e5 3 lokationer R\u00f8m\u00f8-Fan\u00f8-B\u00f8rsmose<\/strong><\/p>\n<p>Det er ikke l\u00f8gn, Vadehavet langs den danske vestkyst er i fint selskab med pyramiderne og Grand Canyon opf\u00f8rt p\u00e5 UNESCOs verdensarvsliste.<\/p>\n<p>S\u00e5 g\u00f8r dig klar til en mindev\u00e6rdig naturoplevelse og \u00e5rets sjoveste adrenalinkick! S\u00e6t dig i strandsurferen, lad vinden gribe sejlet, og m\u00e6rk suset, n\u00e5r du r\u00e6ser hen ad stranden p\u00e5 R\u00f8m\u00f8, mens du selvsikkert og til stor forn\u00f8jelse t\u00e6mmer vinden med dit sejl.<\/p>\n<p>Om du k\u00f8rer 20 km\/t eller 50, bestemmer du selv. Dygtige instrukt\u00f8rer sikrer en tryg, sjov og fartrig dag p\u00e5 stranden \u2013 m\u00e5ske sammen med dine venner eller\u00a0familie?<\/p>\n<p>Alle kan v\u00e6re med, uanset om du er 12 \u00e5r eller 70 \u00e5r, og der findes n\u00e6ppe nogen bedre m\u00e5de at nyde den danske strands\u00e6son p\u00e5 end med vind i sejlene, fart i hjulene og udsigt til perfekte, brede sandstrande!<\/p>\n<p>Efter strandsurf-oplevelsen er der mulighed for gratis l\u00e5n af diverse strandudstyr, m\u00e5ske en sk\u00f8n dukkert i b\u00f8lgerne eller bare nyde stemningen i vores camp.<\/p>\n","protected":false},"excerpt":{"rendered":"<p>Tag med p\u00e5 \u00e5rets adrenalinkick<\/p>\n","protected":false},"featured_media":183,"template":"","meta":{"advanced_seo_description":"","jetpack_seo_html_title":"","jetpack_seo_noindex":false},"product_brand":[],"product_cat":[66,25],"product_tag":[],"class_list":{"0":"post-141","1":"product","2":"type-product","3":"status-publish","4":"has-post-thumbnail","6":"product_cat-strandsurfing-roemoe","7":"product_cat-strandsurfing-3","9":"first","10":"instock","11":"taxable","12":"shipping-taxable","13":"purchasable","14":"product-type-simple"},"booking_location":null,"booking_location_type":null,"booking_duration":null,"booking_duration_unit":null,"booking_buffer":null,"booking_cost":null,"booking_resources":null,"jetpack_sharing_enabled":true,"_links":{"self":[{"href":"https:\/\/ourstuff.dk\/en\/wp-json\/wp\/v2\/product\/141","targetHints":{"allow":["GET"]}}],"collection":[{"href":"https:\/\/ourstuff.dk\/en\/wp-json\/wp\/v2\/product"}],"about":[{"href":"https:\/\/ourstuff.dk\/en\/wp-json\/wp\/v2\/types\/product"}],"wp:featuredmedia":[{"embeddable":true,"href":"https:\/\/ourstuff.dk\/en\/wp-json\/wp\/v2\/media\/183"}],"wp:attachment":[{"href":"https:\/\/ourstuff.dk\/en\/wp-json\/wp\/v2\/media?parent=141"}],"wp:term":[{"taxonomy":"product_brand","embeddable":true,"href":"https:\/\/ourstuff.dk\/en\/wp-json\/wp\/v2\/product_brand?post=141"},{"taxonomy":"product_cat","embeddable":true,"href":"https:\/\/ourstuff.dk\/en\/wp-json\/wp\/v2\/product_cat?post=141"},{"taxonomy":"product_tag","embeddable":true,"href":"https:\/\/ourstuff.dk\/en\/wp-json\/wp\/v2\/product_tag?post=141"}],"curies":[{"name":"wp","href":"https:\/\/api.w.org\/{rel}","templated":true}]}}