{"id":13753,"date":"2025-03-19T15:14:31","date_gmt":"2025-03-19T14:14:31","guid":{"rendered":"https:\/\/ourstuff.dk\/?post_type=product&#038;p=13753"},"modified":"2025-03-19T15:46:19","modified_gmt":"2025-03-19T14:46:19","slug":"tilkoeb-leje-af-linned","status":"publish","type":"product","link":"https:\/\/ourstuff.dk\/en\/product\/tilkoeb-leje-af-linned\/","title":{"rendered":"Tilk\u00f8b leje af sengelinned"},"content":{"rendered":"<p>Tilk\u00f8b leje sengelinned \u2013 inkl. dyne og pude<\/p>\n","protected":false},"excerpt":{"rendered":"<p>Sov i komfort \u2013 tilk\u00f8b leje af dyne, pude og sengelinned \u2013 prisen g\u00e6lder for 2 s\u00e6t, s\u00e5 v\u00e6lg kun 1 i antal ved 2 personer.<\/p>\n","protected":false},"featured_media":13699,"template":"","meta":{"advanced_seo_description":"","jetpack_seo_html_title":"","jetpack_seo_noindex":false},"product_brand":[],"product_cat":[228,220],"product_tag":[],"class_list":{"0":"post-13753","1":"product","2":"type-product","3":"status-publish","4":"has-post-thumbnail","6":"product_cat-sengelinned","7":"product_cat-tilkoeb","9":"first","10":"instock","11":"virtual","12":"taxable","13":"purchasable","14":"product-type-simple"},"booking_location":null,"booking_location_type":null,"booking_duration":null,"booking_duration_unit":null,"booking_buffer":null,"booking_cost":null,"booking_resources":null,"jetpack_sharing_enabled":true,"_links":{"self":[{"href":"https:\/\/ourstuff.dk\/en\/wp-json\/wp\/v2\/product\/13753","targetHints":{"allow":["GET"]}}],"collection":[{"href":"https:\/\/ourstuff.dk\/en\/wp-json\/wp\/v2\/product"}],"about":[{"href":"https:\/\/ourstuff.dk\/en\/wp-json\/wp\/v2\/types\/product"}],"wp:featuredmedia":[{"embeddable":true,"href":"https:\/\/ourstuff.dk\/en\/wp-json\/wp\/v2\/media\/13699"}],"wp:attachment":[{"href":"https:\/\/ourstuff.dk\/en\/wp-json\/wp\/v2\/media?parent=13753"}],"wp:term":[{"taxonomy":"product_brand","embeddable":true,"href":"https:\/\/ourstuff.dk\/en\/wp-json\/wp\/v2\/product_brand?post=13753"},{"taxonomy":"product_cat","embeddable":true,"href":"https:\/\/ourstuff.dk\/en\/wp-json\/wp\/v2\/product_cat?post=13753"},{"taxonomy":"product_tag","embeddable":true,"href":"https:\/\/ourstuff.dk\/en\/wp-json\/wp\/v2\/product_tag?post=13753"}],"curies":[{"name":"wp","href":"https:\/\/api.w.org\/{rel}","templated":true}]}}