{"id":13744,"date":"2025-03-19T14:58:36","date_gmt":"2025-03-19T13:58:36","guid":{"rendered":"https:\/\/ourstuff.dk\/?post_type=product&#038;p=13744"},"modified":"2025-03-19T16:22:47","modified_gmt":"2025-03-19T15:22:47","slug":"tilkoeb-leje-af-koeletaske","status":"publish","type":"product","link":"https:\/\/ourstuff.dk\/en\/product\/tilkoeb-leje-af-koeletaske\/","title":{"rendered":"Tilk\u00f8b leje af k\u00f8letaske"},"content":{"rendered":"<p>Tilk\u00f8b leje af en k\u00f8letaske, s\u00e5 jeres madvarer holdes kolde<\/p>\n","protected":false},"excerpt":{"rendered":"<p>Hold jeres madvarer kolde \u2013 tilk\u00f8b leje af en Petromax k\u00f8letaske.<\/p>\n","protected":false},"featured_media":13749,"template":"","meta":{"advanced_seo_description":"","jetpack_seo_html_title":"","jetpack_seo_noindex":false},"product_brand":[],"product_cat":[227,220],"product_tag":[],"class_list":{"0":"post-13744","1":"product","2":"type-product","3":"status-publish","4":"has-post-thumbnail","6":"product_cat-koeletaske","7":"product_cat-tilkoeb","9":"first","10":"instock","11":"virtual","12":"taxable","13":"purchasable","14":"product-type-simple"},"booking_location":null,"booking_location_type":null,"booking_duration":null,"booking_duration_unit":null,"booking_buffer":null,"booking_cost":null,"booking_resources":null,"jetpack_sharing_enabled":true,"_links":{"self":[{"href":"https:\/\/ourstuff.dk\/en\/wp-json\/wp\/v2\/product\/13744","targetHints":{"allow":["GET"]}}],"collection":[{"href":"https:\/\/ourstuff.dk\/en\/wp-json\/wp\/v2\/product"}],"about":[{"href":"https:\/\/ourstuff.dk\/en\/wp-json\/wp\/v2\/types\/product"}],"wp:featuredmedia":[{"embeddable":true,"href":"https:\/\/ourstuff.dk\/en\/wp-json\/wp\/v2\/media\/13749"}],"wp:attachment":[{"href":"https:\/\/ourstuff.dk\/en\/wp-json\/wp\/v2\/media?parent=13744"}],"wp:term":[{"taxonomy":"product_brand","embeddable":true,"href":"https:\/\/ourstuff.dk\/en\/wp-json\/wp\/v2\/product_brand?post=13744"},{"taxonomy":"product_cat","embeddable":true,"href":"https:\/\/ourstuff.dk\/en\/wp-json\/wp\/v2\/product_cat?post=13744"},{"taxonomy":"product_tag","embeddable":true,"href":"https:\/\/ourstuff.dk\/en\/wp-json\/wp\/v2\/product_tag?post=13744"}],"curies":[{"name":"wp","href":"https:\/\/api.w.org\/{rel}","templated":true}]}}