{"id":13358,"date":"2025-02-26T12:12:34","date_gmt":"2025-02-26T11:12:34","guid":{"rendered":"https:\/\/ourstuff.dk\/?post_type=product&#038;p=13358"},"modified":"2025-03-18T11:09:07","modified_gmt":"2025-03-18T10:09:07","slug":"tilkoeb-levering-cykel","status":"publish","type":"product","link":"https:\/\/ourstuff.dk\/en\/product\/tilkoeb-levering-cykel\/","title":{"rendered":"Tilk\u00f8b levering til privatadresse"},"content":{"rendered":"<p>F\u00e5 leveret dine lejede cykler til en privatadresse p\u00e5 R\u00f8m\u00f8<\/p>\n","protected":false},"excerpt":{"rendered":"<p>F\u00e5 leveret dine lejede cykler p\u00e5 matriklen. Vi henter cyklerne samme sted efter endt lejeperiode.<\/p>\n<p>V\u00e6lg antal cykler, der skal leveres &#8211; prisen er angivet pr. cykel.<\/p>\n","protected":false},"featured_media":13359,"template":"","meta":{"advanced_seo_description":"","jetpack_seo_html_title":"","jetpack_seo_noindex":false},"product_brand":[],"product_cat":[224,220],"product_tag":[],"class_list":{"0":"post-13358","1":"product","2":"type-product","3":"status-publish","4":"has-post-thumbnail","6":"product_cat-cykellevering","7":"product_cat-tilkoeb","9":"first","10":"instock","11":"virtual","12":"taxable","13":"purchasable","14":"product-type-simple"},"booking_location":null,"booking_location_type":null,"booking_duration":null,"booking_duration_unit":null,"booking_buffer":null,"booking_cost":null,"booking_resources":null,"jetpack_sharing_enabled":true,"_links":{"self":[{"href":"https:\/\/ourstuff.dk\/en\/wp-json\/wp\/v2\/product\/13358","targetHints":{"allow":["GET"]}}],"collection":[{"href":"https:\/\/ourstuff.dk\/en\/wp-json\/wp\/v2\/product"}],"about":[{"href":"https:\/\/ourstuff.dk\/en\/wp-json\/wp\/v2\/types\/product"}],"wp:featuredmedia":[{"embeddable":true,"href":"https:\/\/ourstuff.dk\/en\/wp-json\/wp\/v2\/media\/13359"}],"wp:attachment":[{"href":"https:\/\/ourstuff.dk\/en\/wp-json\/wp\/v2\/media?parent=13358"}],"wp:term":[{"taxonomy":"product_brand","embeddable":true,"href":"https:\/\/ourstuff.dk\/en\/wp-json\/wp\/v2\/product_brand?post=13358"},{"taxonomy":"product_cat","embeddable":true,"href":"https:\/\/ourstuff.dk\/en\/wp-json\/wp\/v2\/product_cat?post=13358"},{"taxonomy":"product_tag","embeddable":true,"href":"https:\/\/ourstuff.dk\/en\/wp-json\/wp\/v2\/product_tag?post=13358"}],"curies":[{"name":"wp","href":"https:\/\/api.w.org\/{rel}","templated":true}]}}