{"id":13285,"date":"2025-02-25T09:36:29","date_gmt":"2025-02-25T08:36:29","guid":{"rendered":"https:\/\/ourstuff.dk\/?post_type=product&#038;p=13285"},"modified":"2025-02-26T12:22:49","modified_gmt":"2025-02-26T11:22:49","slug":"cykeltrailer","status":"publish","type":"product","link":"https:\/\/ourstuff.dk\/en\/product\/cykeltrailer\/","title":{"rendered":"Tilk\u00f8b leje af cykeltrailer"},"content":{"rendered":"<p>Tilk\u00f8b leje af cykeltrailer med plads til 2 b\u00f8rn<\/p>\n","protected":false},"excerpt":{"rendered":"<p>Tag b\u00f8rnene med p\u00e5 jeres cykeltur &#8211; lej en cykeltrailer med plads til 2 b\u00f8rn. Med hj\u00e6lp fra motoren p\u00e5 din lejede luksus e-bike er det ingen sag at tage p\u00e5 cykeltur med b\u00f8rnene i traileren.<\/p>\n","protected":false},"featured_media":13286,"template":"","meta":{"advanced_seo_description":"","jetpack_seo_html_title":"","jetpack_seo_noindex":false},"product_brand":[],"product_cat":[221,220],"product_tag":[],"class_list":{"0":"post-13285","1":"product","2":"type-product","3":"status-publish","4":"has-post-thumbnail","6":"product_cat-cykeltrailer","7":"product_cat-tilkoeb","9":"first","10":"instock","11":"virtual","12":"taxable","13":"purchasable","14":"product-type-simple"},"booking_location":null,"booking_location_type":null,"booking_duration":null,"booking_duration_unit":null,"booking_buffer":null,"booking_cost":null,"booking_resources":null,"jetpack_sharing_enabled":true,"_links":{"self":[{"href":"https:\/\/ourstuff.dk\/en\/wp-json\/wp\/v2\/product\/13285","targetHints":{"allow":["GET"]}}],"collection":[{"href":"https:\/\/ourstuff.dk\/en\/wp-json\/wp\/v2\/product"}],"about":[{"href":"https:\/\/ourstuff.dk\/en\/wp-json\/wp\/v2\/types\/product"}],"wp:featuredmedia":[{"embeddable":true,"href":"https:\/\/ourstuff.dk\/en\/wp-json\/wp\/v2\/media\/13286"}],"wp:attachment":[{"href":"https:\/\/ourstuff.dk\/en\/wp-json\/wp\/v2\/media?parent=13285"}],"wp:term":[{"taxonomy":"product_brand","embeddable":true,"href":"https:\/\/ourstuff.dk\/en\/wp-json\/wp\/v2\/product_brand?post=13285"},{"taxonomy":"product_cat","embeddable":true,"href":"https:\/\/ourstuff.dk\/en\/wp-json\/wp\/v2\/product_cat?post=13285"},{"taxonomy":"product_tag","embeddable":true,"href":"https:\/\/ourstuff.dk\/en\/wp-json\/wp\/v2\/product_tag?post=13285"}],"curies":[{"name":"wp","href":"https:\/\/api.w.org\/{rel}","templated":true}]}}