{"id":13091,"date":"2025-02-19T14:33:26","date_gmt":"2025-02-19T13:33:26","guid":{"rendered":"https:\/\/ourstuff.dk\/?post_type=product&#038;p=13091"},"modified":"2025-11-17T15:58:07","modified_gmt":"2025-11-17T14:58:07","slug":"tagtelt-koer-selv-rundrejse-paa-djursland-i-3-dage","status":"publish","type":"product","link":"https:\/\/ourstuff.dk\/en\/product\/tagtelt-koer-selv-rundrejse-paa-djursland-i-3-dage\/","title":{"rendered":"Tagtelt: K\u00f8r-selv-rundrejse p\u00e5 Djursland i 3 dage for 2 personer"},"content":{"rendered":"<p>Oplev Djurslands vilde sk\u00f8nhed p\u00e5 denne unikke tagtelttur, hvor I f\u00f8lger kystlinjen hele vejen rundt! I starter i Aarhus og begiver jer mod Mols Bjerge, et af Danmarks smukkeste naturomr\u00e5der. Her kan I tage en E-bike-tur gennem de b\u00f8lgende bakker og nyde den spektakul\u00e6re udsigt fra Treh\u00f8je.<\/p>\n<p>Videre langs kysten kommer I forbi Ebeltoft, hvor I kan bes\u00f8ge den charmerende gamle bydel, Fregatten Jylland og Glasmuseet. P\u00e5 vejen nordp\u00e5 k\u00f8rer I forbi smukke strande, hyggelige havnebyer og g\u00f8r m\u00e5ske et stop ved Djurs Sommerland for de eventyrlystne. Ved Kattegatcentret i Grenaa kan I komme helt t\u00e6t p\u00e5 hajer og havdyr, inden turen forts\u00e6tter mod den r\u00e5 natur ved Jernhatten og Sletterhage Fyr.<\/p>\n<p>Med vores inkluderede E-Bikes kan I opleve de bedste cykelruter i omr\u00e5det uden at blive forpustet. Efter dage fyldt med naturoplevelser, kultur og hyggelige stop slutter I turen tilbage i Aarhus. En fantastisk kombination af roadtrip, cykling og frihed i naturen \u2013 book jeres tur i dag!<\/p>\n","protected":false},"excerpt":{"rendered":"<p>Tag p\u00e5 en fantastisk rundrejse i tagtelt p\u00e5 Djursland! F\u00f8lg kystlinjen, oplev storsl\u00e5et natur og sp\u00e6ndende sev\u00e6rdigheder, og nyd udvalgte cykelruter p\u00e5 vores E-bikes. Eventyr og frihed venter \u2013 book nu!<\/p>\n<p>Turen er p\u00e5 3 dage (ca. 250 km) og inkluderer leje af E-bike.<\/p>\n","protected":false},"featured_media":13100,"template":"","meta":{"advanced_seo_description":"","jetpack_seo_html_title":"","jetpack_seo_noindex":false},"product_brand":[],"product_cat":[109,93,222,69,21],"product_tag":[],"class_list":{"0":"post-13091","1":"product","2":"type-product","3":"status-publish","4":"has-post-thumbnail","6":"product_cat-gaver-overnatning","7":"product_cat-tagtelt-bestsellers","8":"product_cat-tagtelt-aarhus","9":"product_cat-tagtelt-med-egen-bil","10":"product_cat-oplevelser-tagtelt","12":"first","13":"instock","14":"virtual","15":"sold-individually","16":"taxable","17":"purchasable","18":"product-type-booking"},"booking_location":"","booking_location_type":"","booking_duration":3,"booking_duration_unit":"day","booking_buffer":0,"booking_cost":999,"booking_resources":[1161],"jetpack_sharing_enabled":true,"_links":{"self":[{"href":"https:\/\/ourstuff.dk\/en\/wp-json\/wp\/v2\/product\/13091","targetHints":{"allow":["GET"]}}],"collection":[{"href":"https:\/\/ourstuff.dk\/en\/wp-json\/wp\/v2\/product"}],"about":[{"href":"https:\/\/ourstuff.dk\/en\/wp-json\/wp\/v2\/types\/product"}],"wp:featuredmedia":[{"embeddable":true,"href":"https:\/\/ourstuff.dk\/en\/wp-json\/wp\/v2\/media\/13100"}],"wp:attachment":[{"href":"https:\/\/ourstuff.dk\/en\/wp-json\/wp\/v2\/media?parent=13091"}],"wp:term":[{"taxonomy":"product_brand","embeddable":true,"href":"https:\/\/ourstuff.dk\/en\/wp-json\/wp\/v2\/product_brand?post=13091"},{"taxonomy":"product_cat","embeddable":true,"href":"https:\/\/ourstuff.dk\/en\/wp-json\/wp\/v2\/product_cat?post=13091"},{"taxonomy":"product_tag","embeddable":true,"href":"https:\/\/ourstuff.dk\/en\/wp-json\/wp\/v2\/product_tag?post=13091"}],"curies":[{"name":"wp","href":"https:\/\/api.w.org\/{rel}","templated":true}]}}