{"id":13034,"date":"2025-02-19T10:35:59","date_gmt":"2025-02-19T09:35:59","guid":{"rendered":"https:\/\/ourstuff.dk\/?post_type=product&#038;p=13034"},"modified":"2025-11-21T15:17:58","modified_gmt":"2025-11-21T14:17:58","slug":"cykeltur-paa-e-bike-cykel-og-kano","status":"publish","type":"product","link":"https:\/\/ourstuff.dk\/en\/product\/cykeltur-paa-e-bike-cykel-og-kano\/","title":{"rendered":"Cykeltur p\u00e5 E-Bike: Cykel og Kano"},"content":{"rendered":"<p>Oplev det bedste af b\u00e5de land og vand p\u00e5 denne eventyrlige kombinationstur. I starter med en natursk\u00f8n cykeltur over den imponerende R\u00f8m\u00f8 D\u00e6mning \u2013 en 9 km lang str\u00e6kning med panoramaudsigt over Vadehavet. P\u00e5 fastlandet forts\u00e6tter I ad sm\u00e5, hyggelige landeveje til jeres ventende kanoer. I parkerer cyklerne, inden I begiver jer ud og sejle kano.<\/p>\n<p>Efter en kort introduktion og 10 min. transport til jeres kanoer sammen med jeres guide v\u00e6lger I selv jeres rute: en kortere tur p\u00e5 ca. 7 km (1-2 timer) eller en l\u00e6ngere og mere udfordrende tur p\u00e5 ca. 15 km (2-4 timer). Begge ruter byder p\u00e5 fredfyldt natur, fugleliv og smukke omgivelser.<\/p>\n<p>I sejler p\u00e5 den smukke Brede \u00c5, som er kendt for sin slangende rute igennem det smukke landskab. N\u00e5r I igen er p\u00e5 land, forts\u00e6tter I cykelturen ad den natursk\u00f8nne digevej tilbage mod R\u00f8m\u00f8. Undervejs er der rig mulighed for at tage pauser og nyde jeres medbragte sandwich med udsigt over det storsl\u00e5ede landskab. En oplevelse fyldt med frihed, eventyr og uforglemmelige \u00f8jeblikke! Book jeres tur i dag.<\/p>\n","protected":false},"excerpt":{"rendered":"<p>Tag med p\u00e5 en unik cykel- og kanotur med start p\u00e5 R\u00f8m\u00f8! Oplev R\u00f8m\u00f8 D\u00e6mning, nyd en smuk kanotur i fantastisk natur, og cykl ad den idylliske digevej.<\/p>\n<p>Turen er ca. 74 km lang og kan k\u00f8res kl. 09-16 eller 09-18 inkl. leje af kano. V\u00e6lg din tur \u2013 book nu!<\/p>\n","protected":false},"featured_media":13039,"template":"","meta":{"advanced_seo_description":"","jetpack_seo_html_title":"","jetpack_seo_noindex":false},"product_brand":[],"product_cat":[15],"product_tag":[],"class_list":{"0":"post-13034","1":"product","2":"type-product","3":"status-publish","4":"has-post-thumbnail","6":"product_cat-uncategorized","8":"first","9":"instock","10":"virtual","11":"sold-individually","12":"taxable","13":"purchasable","14":"product-type-booking"},"booking_location":"","booking_location_type":"","booking_duration":1,"booking_duration_unit":"hour","booking_buffer":0,"booking_cost":949,"booking_resources":[1138],"jetpack_sharing_enabled":true,"_links":{"self":[{"href":"https:\/\/ourstuff.dk\/en\/wp-json\/wp\/v2\/product\/13034","targetHints":{"allow":["GET"]}}],"collection":[{"href":"https:\/\/ourstuff.dk\/en\/wp-json\/wp\/v2\/product"}],"about":[{"href":"https:\/\/ourstuff.dk\/en\/wp-json\/wp\/v2\/types\/product"}],"wp:featuredmedia":[{"embeddable":true,"href":"https:\/\/ourstuff.dk\/en\/wp-json\/wp\/v2\/media\/13039"}],"wp:attachment":[{"href":"https:\/\/ourstuff.dk\/en\/wp-json\/wp\/v2\/media?parent=13034"}],"wp:term":[{"taxonomy":"product_brand","embeddable":true,"href":"https:\/\/ourstuff.dk\/en\/wp-json\/wp\/v2\/product_brand?post=13034"},{"taxonomy":"product_cat","embeddable":true,"href":"https:\/\/ourstuff.dk\/en\/wp-json\/wp\/v2\/product_cat?post=13034"},{"taxonomy":"product_tag","embeddable":true,"href":"https:\/\/ourstuff.dk\/en\/wp-json\/wp\/v2\/product_tag?post=13034"}],"curies":[{"name":"wp","href":"https:\/\/api.w.org\/{rel}","templated":true}]}}