{"id":13017,"date":"2025-02-19T09:56:22","date_gmt":"2025-02-19T08:56:22","guid":{"rendered":"https:\/\/ourstuff.dk\/?post_type=product&#038;p=13017"},"modified":"2026-03-23T14:12:44","modified_gmt":"2026-03-23T13:12:44","slug":"cykeltur-paa-e-bike-roemoe-rundt","status":"publish","type":"product","link":"https:\/\/ourstuff.dk\/en\/product\/cykeltur-paa-e-bike-roemoe-rundt\/","title":{"rendered":"E-bike: R\u00f8m\u00f8 rundt"},"content":{"rendered":"<p>Tag med p\u00e5 en unik oplevelse fra OurStuff, hvor vi kombinerer eventyr, natur og action p\u00e5 smukkeste vis. Turen rundt p\u00e5 R\u00f8m\u00f8 starter kl. 09.00 fra sydenden, hvor I k\u00f8rer langs diget med imponerende udsigter over landskabet.<\/p>\n<p>Efter cirka 45 minutters natursk\u00f8n k\u00f8retur ankommer I til S\u00f8nderstrand, hvor I f\u00e5r en kort introduktion til strandsurfing \u2013 en af verdens sjoveste aktiviteter p\u00e5 en af de bedste strande til form\u00e5let. En aktivitet det er meget nem at l\u00e6re, og vi tilbyder derfor indl\u00e6ringsgaranti.<\/p>\n<p>Efter en times sjov p\u00e5 stranden forts\u00e6tter E-Bike ruten ad skovstier og grusveje mod Lakolk. Undervejs kan I opleve R\u00f8m\u00f8s h\u00f8jeste punkt og se den smukke rute p\u00e5 Sm\u00e5folksvej. Formiddagsturen inkluderer en sandwich p\u00e5 et af \u00f8ens smukke stoppesteder, mens eftermiddagsturen byder p\u00e5 en hyggelig kaffepause med kage.<\/p>\n<p>Uanset om I v\u00e6lger formiddags- eller eftermiddagsturen, garanterer vi en mindev\u00e6rdig dag med smuk natur, action og hyggelige pauser. Klar til eventyr. Det kr\u00e6ver ikke noget fysisk niveau, da turen er for alle, og E-Biken g\u00f8r det nemt at komme rundt.<\/p>\n","protected":false},"excerpt":{"rendered":"<p>Oplev R\u00f8m\u00f8s smukke natur og action p\u00e5 \u00e9n uforglemmelig tur! Tag p\u00e5 cykeltur p\u00e5 E-Bike rundt p\u00e5 \u00f8en med fantastiske udsigter, oplev adrenalinsuset ved strandsurfing og nyd l\u00e6kker forplejning undervejs. Book din tur i dag!<\/p>\n<p>Turen er p\u00e5 ca. 28 km og kan bestilles p\u00e5 to tidspunkter p\u00e5 dagen: kl. 09-13 eller 14-18. Prisen er inkl. strandsurfing og forplejning.<\/p>\n","protected":false},"featured_media":16259,"template":"","meta":{"advanced_seo_description":"","jetpack_seo_html_title":"","jetpack_seo_noindex":false},"product_brand":[],"product_cat":[237,87,83,219,27],"product_tag":[],"class_list":{"0":"post-13017","1":"product","2":"type-product","3":"status-publish","4":"has-post-thumbnail","6":"product_cat-gaver-action-og-outdoor","7":"product_cat-e-bike-bestsellers","8":"product_cat-e-bike-med-spisning","9":"product_cat-e-bike-roemoe","10":"product_cat-oplevelser-e-biketur","12":"first","13":"instock","14":"virtual","15":"sold-individually","16":"taxable","17":"purchasable","18":"product-type-booking"},"booking_location":"","booking_location_type":"","booking_duration":4,"booking_duration_unit":"hour","booking_buffer":0,"booking_cost":749,"booking_resources":[1138],"jetpack_sharing_enabled":true,"_links":{"self":[{"href":"https:\/\/ourstuff.dk\/en\/wp-json\/wp\/v2\/product\/13017","targetHints":{"allow":["GET"]}}],"collection":[{"href":"https:\/\/ourstuff.dk\/en\/wp-json\/wp\/v2\/product"}],"about":[{"href":"https:\/\/ourstuff.dk\/en\/wp-json\/wp\/v2\/types\/product"}],"wp:featuredmedia":[{"embeddable":true,"href":"https:\/\/ourstuff.dk\/en\/wp-json\/wp\/v2\/media\/16259"}],"wp:attachment":[{"href":"https:\/\/ourstuff.dk\/en\/wp-json\/wp\/v2\/media?parent=13017"}],"wp:term":[{"taxonomy":"product_brand","embeddable":true,"href":"https:\/\/ourstuff.dk\/en\/wp-json\/wp\/v2\/product_brand?post=13017"},{"taxonomy":"product_cat","embeddable":true,"href":"https:\/\/ourstuff.dk\/en\/wp-json\/wp\/v2\/product_cat?post=13017"},{"taxonomy":"product_tag","embeddable":true,"href":"https:\/\/ourstuff.dk\/en\/wp-json\/wp\/v2\/product_tag?post=13017"}],"curies":[{"name":"wp","href":"https:\/\/api.w.org\/{rel}","templated":true}]}}