{"id":12996,"date":"2025-02-19T09:14:57","date_gmt":"2025-02-19T08:14:57","guid":{"rendered":"https:\/\/ourstuff.dk\/?post_type=product&#038;p=12996"},"modified":"2026-03-23T14:13:39","modified_gmt":"2026-03-23T13:13:39","slug":"cykeltur-paa-e-bike-the-big-five-paa-roemoe","status":"publish","type":"product","link":"https:\/\/ourstuff.dk\/en\/product\/cykeltur-paa-e-bike-the-big-five-paa-roemoe\/","title":{"rendered":"E-bike: The Big Five p\u00e5 R\u00f8m\u00f8"},"content":{"rendered":"<p>Oplev Danmarks helt egen version af The Big Five p\u00e5 denne unikke cykeltur p\u00e5 ca. 56 km. En hyggelig og familievenlig tur, hvor vi kommer t\u00e6t p\u00e5 s\u00e6ler, hav\u00f8rne, heste, bisonens f\u00e6tter og kronhjortens s\u00f8ster. Selvom vi ikke har l\u00f8ver og elefanter i Danmark, har vi vores helt eget vilde dyreliv \u2013 og p\u00e5 R\u00f8m\u00f8 har vi tilpasset det lidt! Vi kan naturligvis ikke garanterer at I kommer til at se alle dyrene, men vores turrute tager dig til steder, hvor det vil v\u00e6re mest sandsynligt.<\/p>\n<p>Turen inkluderer adgang til Marsk Tower, hvor du f\u00e5r en fantastisk udsigt over landskabet, samt kikkert til dyreobservationer. I cykler over den smukke R\u00f8m\u00f8-d\u00e6mning, gennem skove p\u00e5 fastlandet og videre ud p\u00e5 marsken og digerne. Undervejs nyder I en sandwich og drikkevarer samt holder en hyggelig kaffe- og kagepause.<\/p>\n<p>B\u00f8rn vil elske denne tur, og hvis de spotter alle dyrene, venter en lille pr\u00e6mie! Denne tur er en af vores st\u00f8rste succeser \u2013 book din plads og oplev naturen helt t\u00e6t p\u00e5!<\/p>\n","protected":false},"excerpt":{"rendered":"<p>Tag med p\u00e5 The Big Five \u2013 R\u00f8m\u00f8 version! En familievenlig cykeltur gennem smuk natur, hvor vi oplever Danmarks vilde dyreliv, Marsk Tower og hyggelige stop undervejs. Book din tur nu! Turen er ca. 56 km og tager ca. 8 timer mellem kl. 10 og 18.<\/p>\n","protected":false},"featured_media":16260,"template":"","meta":{"advanced_seo_description":"","jetpack_seo_html_title":"","jetpack_seo_noindex":false},"product_brand":[],"product_cat":[237,87,83,219,27],"product_tag":[],"class_list":{"0":"post-12996","1":"product","2":"type-product","3":"status-publish","4":"has-post-thumbnail","6":"product_cat-gaver-action-og-outdoor","7":"product_cat-e-bike-bestsellers","8":"product_cat-e-bike-med-spisning","9":"product_cat-e-bike-roemoe","10":"product_cat-oplevelser-e-biketur","12":"first","13":"instock","14":"virtual","15":"sold-individually","16":"taxable","17":"purchasable","18":"product-type-booking"},"booking_location":"","booking_location_type":"","booking_duration":1,"booking_duration_unit":"day","booking_buffer":0,"booking_cost":749,"booking_resources":[1138],"jetpack_sharing_enabled":true,"_links":{"self":[{"href":"https:\/\/ourstuff.dk\/en\/wp-json\/wp\/v2\/product\/12996","targetHints":{"allow":["GET"]}}],"collection":[{"href":"https:\/\/ourstuff.dk\/en\/wp-json\/wp\/v2\/product"}],"about":[{"href":"https:\/\/ourstuff.dk\/en\/wp-json\/wp\/v2\/types\/product"}],"wp:featuredmedia":[{"embeddable":true,"href":"https:\/\/ourstuff.dk\/en\/wp-json\/wp\/v2\/media\/16260"}],"wp:attachment":[{"href":"https:\/\/ourstuff.dk\/en\/wp-json\/wp\/v2\/media?parent=12996"}],"wp:term":[{"taxonomy":"product_brand","embeddable":true,"href":"https:\/\/ourstuff.dk\/en\/wp-json\/wp\/v2\/product_brand?post=12996"},{"taxonomy":"product_cat","embeddable":true,"href":"https:\/\/ourstuff.dk\/en\/wp-json\/wp\/v2\/product_cat?post=12996"},{"taxonomy":"product_tag","embeddable":true,"href":"https:\/\/ourstuff.dk\/en\/wp-json\/wp\/v2\/product_tag?post=12996"}],"curies":[{"name":"wp","href":"https:\/\/api.w.org\/{rel}","templated":true}]}}