{"id":12312,"date":"2025-02-01T10:12:31","date_gmt":"2025-02-01T09:12:31","guid":{"rendered":"https:\/\/ourstuff.dk\/?post_type=product&#038;p=12312"},"modified":"2025-12-16T10:42:02","modified_gmt":"2025-12-16T09:42:02","slug":"outdoor-meeting","status":"publish","type":"product","link":"https:\/\/ourstuff.dk\/en\/product\/outdoor-meeting\/","title":{"rendered":"Outdoor Meeting and Fun inkl aktivitet og frokost"},"content":{"rendered":"<p><strong>Udflugten er INKLUSIV:<br \/>\n<\/strong>1. Opstilling af m\u00f8delokale\/telt borde, stole og str\u00f8m<br \/>\n2. Frokost<br \/>\n3. Samt 1 valgfri aktivitet<br \/>\n4. Ekstraordin\u00e6re rammer for kreativitet<br \/>\n5. Adgang til toiletter i n\u00e6rheden<br \/>\n6. Mulighed for ekstra aktiviteter<br \/>\n7. Backup plan<\/p>\n<p><strong>Forslag til 6 timers PROGRAM:*<br \/>\n<\/strong>Kl. 09:45 M\u00f8detidspunkt<br \/>\nKl. 10:00 M\u00f8det starter<br \/>\nKl. 12:00 Hyggelig frokost<br \/>\nKl. 13:00 Aktivitet outdoor 1 (inklusiv)<br \/>\nKl. 14:00 Aktivitet outdoor 2 (eventuelt)<br \/>\nKl. 15:00 M\u00f8de fortsat<br \/>\nKl. 16:00 Afrunding p\u00e5 dagen (evt. forl\u00e6nge dagen med m\u00f8deaktiviteter eller yderligere aktiviteter)<\/p>\n<p><span style=\"font-size: 90%;\">* Der tilbydes altid instrukt\u00f8rer, der taler b\u00e5de dansk og engelsk<\/span><\/p>\n","protected":false},"excerpt":{"rendered":"<p>Giv jeres m\u00f8der et frisk pust \u2013 ryk dem ud i naturen!<br \/>\nForestil jer et m\u00f8de, hvor tankerne flyder frit, kreativiteten blomstrer, og samarbejdet styrkes \u2013 alt sammen under \u00e5ben himmel. Med vores Outdoor Meeting koncept f\u00e5r I en unik kombination af faglig fordybelse, naturoplevelser og sjove aktiviteter. Vi skaber de perfekte rammer med telte, m\u00f8deudstyr og alt, hvad I skal bruge, s\u00e5 I kan fokusere p\u00e5 indholdet. Vi garanterer, at det bliver en dag, der bryder med hverdagens rutiner og skaber grobund for nye id\u00e9er.<\/p>\n","protected":false},"featured_media":12397,"template":"","meta":{"advanced_seo_description":"","jetpack_seo_html_title":"","jetpack_seo_noindex":false},"product_brand":[],"product_cat":[215],"product_tag":[],"class_list":{"0":"post-12312","1":"product","2":"type-product","3":"status-publish","4":"has-post-thumbnail","6":"product_cat-events","8":"first","9":"instock","10":"taxable","11":"shipping-taxable","12":"product-type-b2b_custom_ourstuff"},"booking_location":null,"booking_location_type":null,"booking_duration":null,"booking_duration_unit":null,"booking_buffer":null,"booking_cost":null,"booking_resources":null,"jetpack_sharing_enabled":true,"_links":{"self":[{"href":"https:\/\/ourstuff.dk\/en\/wp-json\/wp\/v2\/product\/12312","targetHints":{"allow":["GET"]}}],"collection":[{"href":"https:\/\/ourstuff.dk\/en\/wp-json\/wp\/v2\/product"}],"about":[{"href":"https:\/\/ourstuff.dk\/en\/wp-json\/wp\/v2\/types\/product"}],"wp:featuredmedia":[{"embeddable":true,"href":"https:\/\/ourstuff.dk\/en\/wp-json\/wp\/v2\/media\/12397"}],"wp:attachment":[{"href":"https:\/\/ourstuff.dk\/en\/wp-json\/wp\/v2\/media?parent=12312"}],"wp:term":[{"taxonomy":"product_brand","embeddable":true,"href":"https:\/\/ourstuff.dk\/en\/wp-json\/wp\/v2\/product_brand?post=12312"},{"taxonomy":"product_cat","embeddable":true,"href":"https:\/\/ourstuff.dk\/en\/wp-json\/wp\/v2\/product_cat?post=12312"},{"taxonomy":"product_tag","embeddable":true,"href":"https:\/\/ourstuff.dk\/en\/wp-json\/wp\/v2\/product_tag?post=12312"}],"curies":[{"name":"wp","href":"https:\/\/api.w.org\/{rel}","templated":true}]}}