{"id":12311,"date":"2025-02-01T10:05:15","date_gmt":"2025-02-01T09:05:15","guid":{"rendered":"https:\/\/ourstuff.dk\/?post_type=product&#038;p=12311"},"modified":"2025-11-26T18:08:43","modified_gmt":"2025-11-26T17:08:43","slug":"sommerarrangement-sommerfest","status":"publish","type":"product","link":"https:\/\/ourstuff.dk\/en\/product\/sommerarrangement-sommerfest\/","title":{"rendered":"Sommerfest"},"content":{"rendered":"<div>\n<p>Et sommerarrangement er den ultimative m\u00e5de at samle jeres medarbejdere p\u00e5 tv\u00e6rs af afdelinger, fejre succeser og styrke f\u00e6llesskabet. Alt sammen i en uformel og festlig atmosf\u00e6re. Vi st\u00e5r for alt det praktiske, s\u00e5 I skal bare m\u00f8de op og nyde en dag fyldt med sjov, l\u00e6kker mad og god stemning!Hvorfor v\u00e6lge OurStuff til at arrangere jeres sommerarrangement?<\/p>\n<ul>\n<li>Alt er skr\u00e6ddersyet til jer. Ingen virksomheder er ens, og det skal jeres sommerarrangement heller ikke v\u00e6re. Vi tilpasser b\u00e5de aktiviteter, mad og musik efter jeres \u00f8nsker.<\/li>\n<li>Forvent action, konkurrence og grin fra start til slut. Vi s\u00f8rger for en gennemf\u00f8rt dag med sp\u00e6ndende aktiviteter som Race Cars, Biathlon og sjove havespil, hvor alle kan deltage \u2013 uanset niveau.<\/li>\n<li>Vi medbringer foodtruck, musik og bar i \u00e9t. Vores foodtruck er meget mere end bare mad! Den fungerer ogs\u00e5 som DJ-pult og bar, s\u00e5 musikken k\u00f8rer, stemningen er h\u00f8j, og ingen t\u00f8rster.<\/li>\n<li>Vi arrangerer en l\u00e6kker middag. N\u00e5r I har givet den gas, efter tre timers sjov, konkurrence og action serverer vi en l\u00e6kkert tilberedt 2-retters middag.<\/li>\n<li>Forts\u00e6t festen med mingling i hyggelige rammer. Vi s\u00e6tter \u00e5bne telte op og s\u00f8rger for udend\u00f8rs barborde, s\u00e5 der er plads til b\u00e5de samtale, afslapning og fest.<\/li>\n<li>Vi stopper f\u00f8rst, n\u00e5r I g\u00f8r. Det her er jeres fest! Vi bliver, til den sidste drink er drukket, og den sidste dans er danset.<\/li>\n<li>Professionel afvikling uden stress for jer. Vi st\u00e5r for alt fra ops\u00e6tning til oprydning. I skal bare nyde dagen.<\/li>\n<li>Find den perfekte balance mellem sjov, konkurrence og hygge. Vores events er designet til at engagere ALLE medarbejdere, b\u00e5de dem, der elsker action, og dem, der nyder at mingle.<\/li>\n<\/ul>\n<\/div>\n<div>Her er et forslag til et sjovt arrangement ved jer, hvor I kan dyste i forskellige konkurrencer &#8211; som IKKE skuffer:<\/div>\n<div><\/div>\n<div>Fra kl. 15 s\u00f8rger vi for underholdning i form af Race Cars , Biathlon og sjove havespil. Efter at have givet den gas med sjove aktiviteter i 3 timer, tilbyder vi 2 retters middag fra vores Foodtruck. Foodtrucken fungerer fra arrangementets start til slut ogs\u00e5 som bar\/DJ-pult, hvorfra vi spiller alt det \u00f8nskede musik.\u00a0Vi s\u00f8rger for at s\u00e6tte nogle \u00e5bne telte op samt udend\u00f8rs barborde, som I kan st\u00e5 og mingle ved. Denne fest slutter, n\u00e5r I ikke gider mere.<\/div>\n","protected":false},"excerpt":{"rendered":"<p>G\u00f8r jeres sommerfest til \u00e5rets h\u00f8jdepunkt med et gennemf\u00f8rt arrangement, hvor stemningen, aktiviteterne og maden sidder lige i skabet. Arrangementet foreg\u00e5r p\u00e5 jeres lokation, men kan ogs\u00e5 afholdes andetsteds, hvis I \u00f8nsker det. Sommerarrangementer kan tilpasses 100 % efter jeres \u00f8nsker. Det kan v\u00e6re andre aktiviteter eller m\u00e5ske en DJ? Kontakt os i dag, og lad os planl\u00e6gge en uforglemmelig dag sammen!<\/p>\n","protected":false},"featured_media":12554,"template":"","meta":{"advanced_seo_description":"","jetpack_seo_html_title":"","jetpack_seo_noindex":false},"product_brand":[],"product_cat":[215],"product_tag":[],"class_list":{"0":"post-12311","1":"product","2":"type-product","3":"status-publish","4":"has-post-thumbnail","6":"product_cat-events","8":"first","9":"instock","10":"taxable","11":"shipping-taxable","12":"product-type-b2b_custom_ourstuff"},"booking_location":null,"booking_location_type":null,"booking_duration":null,"booking_duration_unit":null,"booking_buffer":null,"booking_cost":null,"booking_resources":null,"jetpack_sharing_enabled":true,"_links":{"self":[{"href":"https:\/\/ourstuff.dk\/en\/wp-json\/wp\/v2\/product\/12311","targetHints":{"allow":["GET"]}}],"collection":[{"href":"https:\/\/ourstuff.dk\/en\/wp-json\/wp\/v2\/product"}],"about":[{"href":"https:\/\/ourstuff.dk\/en\/wp-json\/wp\/v2\/types\/product"}],"wp:featuredmedia":[{"embeddable":true,"href":"https:\/\/ourstuff.dk\/en\/wp-json\/wp\/v2\/media\/12554"}],"wp:attachment":[{"href":"https:\/\/ourstuff.dk\/en\/wp-json\/wp\/v2\/media?parent=12311"}],"wp:term":[{"taxonomy":"product_brand","embeddable":true,"href":"https:\/\/ourstuff.dk\/en\/wp-json\/wp\/v2\/product_brand?post=12311"},{"taxonomy":"product_cat","embeddable":true,"href":"https:\/\/ourstuff.dk\/en\/wp-json\/wp\/v2\/product_cat?post=12311"},{"taxonomy":"product_tag","embeddable":true,"href":"https:\/\/ourstuff.dk\/en\/wp-json\/wp\/v2\/product_tag?post=12311"}],"curies":[{"name":"wp","href":"https:\/\/api.w.org\/{rel}","templated":true}]}}