{"id":12278,"date":"2025-01-31T15:57:44","date_gmt":"2025-01-31T14:57:44","guid":{"rendered":"https:\/\/ourstuff.dk\/?post_type=product&#038;p=12278"},"modified":"2025-11-21T10:59:49","modified_gmt":"2025-11-21T09:59:49","slug":"segway-teambuilding-event","status":"publish","type":"product","link":"https:\/\/ourstuff.dk\/en\/product\/segway-teambuilding-event\/","title":{"rendered":"Segway &#8211; teambuilding, firmaarrangement og event"},"content":{"rendered":"<p>Hvorfor v\u00e6lge Segway til jeres n\u00e6ste arrangement?<\/p>\n<ul>\n<li>Alle kan v\u00e6re med. Teknologien udligner forskelle, og Segwayens selvbalancerende system g\u00f8r det muligt for alle at deltage, uanset fysisk niveau eller tidligere erfaring. Det er intuitivt for de fleste, n\u00e5r I f\u00f8rst har kn\u00e6kket koden.<\/li>\n<li>S\u00e6t fokus p\u00e5 samarbejde og kommunikation. I skal koordinere, kommunikere og arbejde som et team for at l\u00f8se opgaverne p\u00e5 banen \u2013 pr\u00e6cis som p\u00e5 en arbejdsplads.<\/li>\n<li>Konkurrence og strategi skaber engagement, og med op til fem hold p\u00e5 banen samtidig er sp\u00e6ndingen i top, n\u00e5r I dyster mod hinanden i tid, pr\u00e6cision og taktik.<\/li>\n<li>Der er garanti for masser af grin og uforudsete situationer. Segway-k\u00f8rsel s\u00e6tter balancen p\u00e5 pr\u00f8ve og kr\u00e6ver lidt tilv\u00e6nning, hvilket f\u00f8rer til sjove \u00f8jeblikke, hvor alle kan slippe kontrollen og grine sammen.<\/li>\n<li>Sikkerheden er i top. Aktiviteten foreg\u00e5r i trygge rammer med erfarne instrukt\u00f8rer.<\/li>\n<li>Ideel som pauseaktivitet under konferencer eller m\u00f8der. Hold en sjov og aktiv pause, der giver fornyet energi og styrker relationerne p\u00e5 tv\u00e6rs af teams.<\/li>\n<\/ul>\n<div>Segwayens innovative teknologi g\u00f8r den ideel til teambuilding, da den udligner fysiske forskelle og sikrer, at alle kan deltage p\u00e5 lige fod.<\/div>\n<div><\/div>\n<div>Et OurStuff event er designet til at styrke samarbejdet gennem kontinuerlig kommunikation, koordinering og l\u00f8bende rolleudskiftning. Det betyder, at alle p\u00e5 holdet er aktive hele tiden og bidrager til f\u00e6llesskabet.<\/div>\n<div><\/div>\n<div>Op til fem teams konkurrerer samtidig p\u00e5 en taktisk og udfordrende bane, der tilpasses omgivelserne. Sammen skal holdene l\u00f8se opgaver mod tiden og de \u00f8vrige teams ved hj\u00e6lp af strategi, kommunikation \u2013 og en smule held! Er I klar til at tage udfordringen op?<\/div>\n<div><\/div>\n<div>Hos OurStuff kombinerer vi action, teamwork og masser af grin \u2013 alt sammen i sikre rammer. Book jeres n\u00e6ste event med os og oplev, hvordan et Segway event kan l\u00f8fte teamets samarbejde til nye h\u00f8jder!<\/div>\n","protected":false},"excerpt":{"rendered":"<p>S\u00e6t jeres balanceevner p\u00e5 pr\u00f8ve og v\u00e6lg en Segway aktivitet til jeres n\u00e6ste firma- eller gruppearrangement. Segwayk\u00f8rsel kombinerer teknologi, konkurrence og teamwork i en sjov og engagerende aktivitet. Det fungerer b\u00e5de som en selvst\u00e6ndig oplevelse eller teambuildingaktivitet og som en del af et st\u00f8rre firmaevent, hvor grin, action og samarbejde er i h\u00f8js\u00e6det!<\/p>\n","protected":false},"featured_media":12530,"template":"","meta":{"advanced_seo_description":"","jetpack_seo_html_title":"","jetpack_seo_noindex":false},"product_brand":[],"product_cat":[214],"product_tag":[],"class_list":{"0":"post-12278","1":"product","2":"type-product","3":"status-publish","4":"has-post-thumbnail","6":"product_cat-oplev-vores-nyheder-med-dine-kollegaer-eller-gruppe-kan-sammensaettes-som-du-oensker","8":"first","9":"instock","10":"taxable","11":"shipping-taxable","12":"product-type-b2b_custom_ourstuff"},"booking_location":null,"booking_location_type":null,"booking_duration":null,"booking_duration_unit":null,"booking_buffer":null,"booking_cost":null,"booking_resources":null,"jetpack_sharing_enabled":true,"_links":{"self":[{"href":"https:\/\/ourstuff.dk\/en\/wp-json\/wp\/v2\/product\/12278","targetHints":{"allow":["GET"]}}],"collection":[{"href":"https:\/\/ourstuff.dk\/en\/wp-json\/wp\/v2\/product"}],"about":[{"href":"https:\/\/ourstuff.dk\/en\/wp-json\/wp\/v2\/types\/product"}],"wp:featuredmedia":[{"embeddable":true,"href":"https:\/\/ourstuff.dk\/en\/wp-json\/wp\/v2\/media\/12530"}],"wp:attachment":[{"href":"https:\/\/ourstuff.dk\/en\/wp-json\/wp\/v2\/media?parent=12278"}],"wp:term":[{"taxonomy":"product_brand","embeddable":true,"href":"https:\/\/ourstuff.dk\/en\/wp-json\/wp\/v2\/product_brand?post=12278"},{"taxonomy":"product_cat","embeddable":true,"href":"https:\/\/ourstuff.dk\/en\/wp-json\/wp\/v2\/product_cat?post=12278"},{"taxonomy":"product_tag","embeddable":true,"href":"https:\/\/ourstuff.dk\/en\/wp-json\/wp\/v2\/product_tag?post=12278"}],"curies":[{"name":"wp","href":"https:\/\/api.w.org\/{rel}","templated":true}]}}